{"id":41725,"date":"2024-01-08T12:53:30","date_gmt":"2024-01-08T12:53:30","guid":{"rendered":"https:\/\/siemid.com\/?post_type=product&#038;p=41725"},"modified":"2025-10-09T17:40:19","modified_gmt":"2025-10-09T17:40:19","slug":"new-generation-led-fog-lights-retrofit-and-upgraded-for-suzuki-grand-vitara-swift-jimny-landy-keietsu-lamp-2005-2006-2007-2008-2009-2010-2011-2012-2013-2014-2015-2016-2017-2018-2019-2020-2021","status":"publish","type":"product","link":"https:\/\/siemid.com\/es\/producto\/new-generation-led-fog-lights-retrofit-and-upgraded-for-suzuki-grand-vitara-swift-jimny-landy-keietsu-lamp-2005-2006-2007-2008-2009-2010-2011-2012-2013-2014-2015-2016-2017-2018-2019-2020-2021\/","title":{"rendered":"Nueva Generaci\u00f3n Led Fog Lights Retrofit y actualizado para Suzuki Grand Vitara Swift Jimny Landy Keietsu L\u00e1mpara 2005 2006 2007 2008 2009 2010 2011 2012 2013 2014 2015 2016 2017 2018 2019 2020 2021"},"content":{"rendered":"<h2 class=\"default\">Descripci\u00f3n del producto<\/h2>\n<div id=\"productDescription\" class=\"a-section a-spacing-small\">\n<p>Nueva Generaci\u00f3n Led Fog Light Upgrade para Suzuki Cars.This art\u00edculo se ajusta como piezas de repuesto que vienen pre-instalado con faros antiniebla. Estos son los nuevos faros antiniebla LED que sustituyen a los hal\u00f3genos. El \u00e1ngulo de iluminaci\u00f3n es muy amplio (130 grados a la izquierda y derecha), y la l\u00ednea de corte es clara y sharp.Approval ECE F3 SAE DOT. Este kit ser\u00eda grande para que usted pueda actualizar como una actualizaci\u00f3n de LED especialmente a negro nuestro veh\u00edculo. Usted Recibe las dos luces antiniebla. Si usted quisiera condimentar encima de la mirada de su veh\u00edculo o si usted quisiera m\u00e1s claridad mientras que usted est\u00e1 conduciendo no mater qu\u00e9 la condici\u00f3n atmosf\u00e9rica esto podr\u00eda ayudarle en ambas situaciones. Esto mejorar\u00e1 la visibilidad durante la noche, niebla densa, lluvia intensa y nieve.<\/p>\n<p><strong><span class=\"a-text-bold\">Las caracter\u00edsticas incluyen:<\/span><\/strong><br \/>\n.Come Complete<br \/>\no Bombillas LED de alta potencia.<br \/>\no \u00c1ngulo de cobertura extra ancho.<br \/>\no Reutilizar el hardware existente.<br \/>\n<strong><span class=\"a-text-bold\">SUSTITUYE A LOS FAROS ANTINIEBLA HAL\u00d3GENOS ORIGINALES N\u00daMEROS<\/span><\/strong><br \/>\n3172060LAC 33950TBAA01<br \/>\n196043001 33900T5RA01 33901TY0305 HO2593136 HO2593143<br \/>\n<strong><span class=\"a-text-bold\">Encaja:<\/span><\/strong><br \/>\n<strong>Suzuki<\/strong><br \/>\nVitara 2001-2021<br \/>\nGrand Vitara 2001-2021<br \/>\nSwift 2005-2014<br \/>\nLandy 2010-2015<br \/>\nJimny 1998-2005 2018-2021<br \/>\nAlto 2009-2014<br \/>\nLiana A6 2010-1012<br \/>\nKeietsu<br \/>\nS-CROSS<br \/>\nSPLASH (EX) 2008<\/p>\n<\/div>","protected":false},"excerpt":{"rendered":"<ul class=\"a-unordered-list a-vertical a-spacing-mini\">\n<li class=\"a-spacing-mini\"><span class=\"a-list-item\">Utilizaci\u00f3n de la lente LED m\u00e1s vanguardista: la lente de enfoque puntual. A diferencia del cristal tradicional, la lente de enfoque puntual utiliza un proceso de moldeo por inyecci\u00f3n de pl\u00e1stico, de forma que se pueda formar la compleja superficie curva calculada por ordenador. La lente de enfoque puntual utiliza un dise\u00f1o hiperboloide, que tiene una mayor eficiencia \u00f3ptica y un tipo de luz m\u00e1s amplio, por lo que este tipo de lente puede realizar la funci\u00f3n de faros antiniebla y la funci\u00f3n de iluminaci\u00f3n auxiliar de la curva al mismo tiempo.<\/span><\/li>\n<li class=\"a-spacing-mini\"><span class=\"a-list-item\">Esta luz antiniebla es consistente para los agujeros de montaje de la luz antiniebla de los coches Suzuki y la interfaz de la bombilla (H11 H9 H8) en el mercado, y tiene una fuerte versatilidad y es muy conveniente para las actualizaciones y modificaciones.<\/span><\/li>\n<li class=\"a-spacing-mini\"><span class=\"a-list-item\">Siemid Autolights-se centra en la investigaci\u00f3n, el desarrollo y la fabricaci\u00f3n de l\u00e1mparas para autom\u00f3viles. La esencia de la industria, liderando la tendencia de la industria. Nos comprometemos a fabricar productos seguros y satisfactorios para los consumidores. Bienvenido a elegir.<\/span><\/li>\n<li class=\"a-spacing-mini\"><span class=\"a-list-item\">Alta calidad, 1 a\u00f1o de garant\u00eda.<\/span><\/li>\n<li class=\"a-spacing-mini\"><span class=\"a-list-item\">Embalaje: dos paquetes<\/span><\/li>\n<\/ul>","protected":false},"featured_media":40472,"comment_status":"open","ping_status":"closed","template":"","meta":{"_acf_changed":false,"om_disable_all_campaigns":false,"inline_featured_image":false,"_mi_skip_tracking":false,"_monsterinsights_sitenote_active":false,"_monsterinsights_sitenote_note":"","_monsterinsights_sitenote_category":0},"product_brand":[],"product_cat":[554],"product_tag":[135147],"class_list":{"0":"post-41725","1":"product","2":"type-product","3":"status-publish","4":"has-post-thumbnail","6":"product_cat-fog-lights-automotive-lighting","7":"product_tag-warehouse-location-united-states","8":"product_shipping_class-us-stock-flat","9":"pa_compatibility-2001-suzuki-grand-vitara","10":"pa_compatibility-2001-suzuki-vitara","11":"pa_compatibility-2005-suzuki-swift","13":"first","14":"instock","15":"sale","16":"featured","17":"shipping-taxable","18":"purchasable","19":"product-type-simple"},"acf":[],"aioseo_notices":[],"_links":{"self":[{"href":"https:\/\/siemid.com\/es\/wp-json\/wp\/v2\/product\/41725","targetHints":{"allow":["GET"]}}],"collection":[{"href":"https:\/\/siemid.com\/es\/wp-json\/wp\/v2\/product"}],"about":[{"href":"https:\/\/siemid.com\/es\/wp-json\/wp\/v2\/types\/product"}],"replies":[{"embeddable":true,"href":"https:\/\/siemid.com\/es\/wp-json\/wp\/v2\/comments?post=41725"}],"wp:featuredmedia":[{"embeddable":true,"href":"https:\/\/siemid.com\/es\/wp-json\/wp\/v2\/media\/40472"}],"wp:attachment":[{"href":"https:\/\/siemid.com\/es\/wp-json\/wp\/v2\/media?parent=41725"}],"wp:term":[{"taxonomy":"product_brand","embeddable":true,"href":"https:\/\/siemid.com\/es\/wp-json\/wp\/v2\/product_brand?post=41725"},{"taxonomy":"product_cat","embeddable":true,"href":"https:\/\/siemid.com\/es\/wp-json\/wp\/v2\/product_cat?post=41725"},{"taxonomy":"product_tag","embeddable":true,"href":"https:\/\/siemid.com\/es\/wp-json\/wp\/v2\/product_tag?post=41725"}],"curies":[{"name":"wp","href":"https:\/\/api.w.org\/{rel}","templated":true}]}}