{"id":41726,"date":"2024-01-08T13:16:22","date_gmt":"2024-01-08T13:16:22","guid":{"rendered":"https:\/\/siemid.com\/?post_type=product&#038;p=41726"},"modified":"2024-01-08T13:28:47","modified_gmt":"2024-01-08T13:28:47","slug":"siemid-new-generation-led-fog-lights-lamp-retrofit-and-upgraded-for-jeep-wrangler-grand-cherokee-renegade-dodge-journey-charger-magnum-2002-2003-2004-2005-2006-2007-2008-2009-2010-2011-2012-2013","status":"publish","type":"product","link":"https:\/\/siemid.com\/es\/producto\/siemid-new-generation-led-fog-lights-lamp-retrofit-and-upgraded-for-jeep-wrangler-grand-cherokee-renegade-dodge-journey-charger-magnum-2002-2003-2004-2005-2006-2007-2008-2009-2010-2011-2012-2013\/","title":{"rendered":"SIEMID Nueva Generaci\u00f3n Led Fog L\u00e1mpara Retrofit y Actualizado Para Jeep Wrangler Grand Cherokee Renegade Dodge Journey Charger Magnum 2002 2003 2004 2005 2006 2007 2008 2009 2010 2011 2012 2013"},"content":{"rendered":"<h2 class=\"default\">Descripci\u00f3n del producto<\/h2>\n<div id=\"productDescription\" class=\"a-section a-spacing-small\">\n<p>Este art\u00edculo se ajusta como piezas de repuesto que vienen pre-instalados con faros antiniebla. Estos son los nuevos faros antiniebla LED que sustituyen a los hal\u00f3genos. El \u00e1ngulo de iluminaci\u00f3n es muy amplia (130 grados a la izquierda y derecha), y la l\u00ednea de corte es clara y sharp.Approval ECE F3 SAE DOT. Recibe las dos luces antiniebla. Si usted quisiera condimentar encima de la mirada de su veh\u00edculo o si usted quisiera m\u00e1s claridad mientras que usted est\u00e1 conduciendo no mater qu\u00e9 la condici\u00f3n atmosf\u00e9rica esto podr\u00eda ayudarle en ambas situaciones.<br \/>\n<strong>Las caracter\u00edsticas incluyen:<\/strong><br \/>\n.Come Complete<br \/>\no Bombillas LED de alta potencia.<br \/>\no \u00c1ngulo de cobertura extra ancho.<br \/>\no Reutilizar el hardware existente.<br \/>\n<strong>SUSTITUYE A LOS FAROS ANTINIEBLA HAL\u00d3GENOS ORIGINALES N\u00daMEROS<\/strong><br \/>\n5182026AA<br \/>\nCS385U0000<br \/>\nCS385-U0000<br \/>\nCH2594103:9<br \/>\nCH2594103C<br \/>\n1115363Q<br \/>\n<strong><span class=\"a-text-bold\">Compatible para el modelo de Jeep como sigue:<\/span><\/strong><br \/>\nPara '07-'18 Jeep JK 2 puertas y Wrangler Unlimited JK 4 - puertas<br \/>\nPara Jeep Wrangler 2010-2021<br \/>\nPara Jeep Grand Cherokee 2011-2013<br \/>\nPara Jeep CHEROKEE 2014-2018<br \/>\nPara Dodge Journey 2010-2020<br \/>\nPara Dodge Charger 2011-2014<br \/>\nS\u00f3lo para los modelos Chrysler 300 2005-2010 Touring o Limited<br \/>\nPara Chrysler PT Cruiser 2006-2010<br \/>\nPara 92-01 AM General Hummer<br \/>\nPara Land Rover Defender 90 &amp; 110<br \/>\nPara Sahara o Rubicon Wrangler JL con parachoques de pl\u00e1stico OE.<br \/>\nPara los parachoques del mercado de accesorios que utilizan el OEM \"4 Bolt\" estilo de montaje ubicaci\u00f3n.<\/p>\n<\/div>","protected":false},"excerpt":{"rendered":"<ul class=\"a-unordered-list a-vertical a-spacing-mini\">\n<li class=\"a-spacing-mini\"><span class=\"a-list-item\">Este faro antiniebla se ajusta para Jeep\u3001Wrangler\u3001Dodge coches faros antiniebla agujeros de montaje , y tiene una gran versatilidad y es muy conveniente para las actualizaciones y modificaciones<\/span><\/li>\n<li class=\"a-spacing-mini\"><span class=\"a-list-item\">Siemid Autolights-se centra en la investigaci\u00f3n y el desarrollo y la fabricaci\u00f3n de l\u00e1mparas para autom\u00f3viles; \u00a1La esencia de la industria, liderando la tendencia de la industria! Nos comprometemos a fabricar productos seguros y satisfactorios para los consumidores; Bienvenido a elegir<\/span><\/li>\n<li class=\"a-spacing-mini\"><span class=\"a-list-item\">A diferencia del vidrio tradicional, la lente de punto de enfoque utiliza un proceso de moldeo por inyecci\u00f3n de pl\u00e1stico, de modo que la compleja superficie curva calculada por el ordenador se puede formar; La lente de punto de enfoque utiliza un dise\u00f1o hiperboloide, que tiene una mayor eficiencia \u00f3ptica y un tipo de luz m\u00e1s amplio, por lo que este tipo de lente puede realizar la funci\u00f3n de luz antiniebla y la funci\u00f3n de iluminaci\u00f3n auxiliar de la curva al mismo tiempo.<\/span><\/li>\n<li class=\"a-spacing-mini\"><span class=\"a-list-item\">Embalaje: dos paquetes<\/span><\/li>\n<\/ul>","protected":false},"featured_media":41727,"comment_status":"open","ping_status":"closed","template":"","meta":{"_acf_changed":false,"om_disable_all_campaigns":false,"inline_featured_image":false,"_mi_skip_tracking":false,"_monsterinsights_sitenote_active":false,"_monsterinsights_sitenote_note":"","_monsterinsights_sitenote_category":0},"product_brand":[],"product_cat":[554],"product_tag":[135147],"class_list":{"0":"post-41726","1":"product","2":"type-product","3":"status-publish","4":"has-post-thumbnail","6":"product_cat-fog-lights-automotive-lighting","7":"product_tag-warehouse-location-united-states","8":"product_shipping_class-us-stock-flat","9":"pa_compatibility-2005-chrysler-300","10":"pa_compatibility-2006-chrysler-pt-cruiser","11":"pa_compatibility-2007-jeep-wrangler","12":"pa_compatibility-2010-dodge-journey","13":"pa_compatibility-2011-dodge-charger","14":"pa_compatibility-2011-jeep-grand-cherokee","15":"pa_compatibility-2014-jeep-cherokee","17":"first","18":"instock","19":"sale","20":"featured","21":"shipping-taxable","22":"purchasable","23":"product-type-simple"},"acf":[],"aioseo_notices":[],"_links":{"self":[{"href":"https:\/\/siemid.com\/es\/wp-json\/wp\/v2\/product\/41726","targetHints":{"allow":["GET"]}}],"collection":[{"href":"https:\/\/siemid.com\/es\/wp-json\/wp\/v2\/product"}],"about":[{"href":"https:\/\/siemid.com\/es\/wp-json\/wp\/v2\/types\/product"}],"replies":[{"embeddable":true,"href":"https:\/\/siemid.com\/es\/wp-json\/wp\/v2\/comments?post=41726"}],"wp:featuredmedia":[{"embeddable":true,"href":"https:\/\/siemid.com\/es\/wp-json\/wp\/v2\/media\/41727"}],"wp:attachment":[{"href":"https:\/\/siemid.com\/es\/wp-json\/wp\/v2\/media?parent=41726"}],"wp:term":[{"taxonomy":"product_brand","embeddable":true,"href":"https:\/\/siemid.com\/es\/wp-json\/wp\/v2\/product_brand?post=41726"},{"taxonomy":"product_cat","embeddable":true,"href":"https:\/\/siemid.com\/es\/wp-json\/wp\/v2\/product_cat?post=41726"},{"taxonomy":"product_tag","embeddable":true,"href":"https:\/\/siemid.com\/es\/wp-json\/wp\/v2\/product_tag?post=41726"}],"curies":[{"name":"wp","href":"https:\/\/api.w.org\/{rel}","templated":true}]}}