{"id":41735,"date":"2024-01-08T13:42:00","date_gmt":"2024-01-08T13:42:00","guid":{"rendered":"https:\/\/siemid.com\/?post_type=product&#038;p=41735"},"modified":"2026-01-07T18:20:07","modified_gmt":"2026-01-07T18:20:07","slug":"siemid-h11-880-881-h9-fog-light-lamp-wiring-harness-socket-wire-connector-with-40a-relay-on-off-switch-kits-fit-for-led-work-lamp-driving-lights-etc","status":"publish","type":"product","link":"https:\/\/siemid.com\/es\/producto\/siemid-h11-880-881-h9-fog-light-lamp-wiring-harness-socket-wire-connector-with-40a-relay-on-off-switch-kits-fit-for-led-work-lamp-driving-lights-etc\/","title":{"rendered":"SIEMID H11 880 881 H9 luz de niebla de cableado de la l\u00e1mpara del z\u00f3calo del conector de alambre con rel\u00e9 de 40A y ON \/ OFF Switch Kits Ajuste para la l\u00e1mpara de trabajo LED luces de conducci\u00f3n Etc"},"content":{"rendered":"<h2 class=\"default\">Descripci\u00f3n del producto<\/h2>\n<div id=\"productDescription_expander\" class=\"a-expander-collapsed-height a-row a-expander-container a-spacing-base a-expander-partial-collapse-container celwidget\" data-a-expander-name=\"productDescription_expander_m\" data-a-expander-collapsed-height=\"200\" data-csa-c-id=\"p8s1q3-c1331m-hggnts-poq9nx\" data-cel-widget=\"productDescription_expander\">\n<div class=\"a-expander-content a-expander-partial-collapse-content a-expander-content-expanded\" aria-expanded=\"true\">\n<div id=\"productDescription\" class=\"a-section a-spacing-small\">\n<p><strong><span class=\"a-text-bold\">Especificaci\u00f3n<\/span><\/strong><br \/>\nTensi\u00f3n de trabajo: 12 V CC.<br \/>\nCorriente m\u00e1xima de trabajo: 15 A.<br \/>\nPotencia m\u00e1xima: 130 W.<br \/>\nFuncionamiento del interruptor: On-Off.<br \/>\nRel\u00e9 de automoci\u00f3n de 12 V CC, portafusibles de cuchilla con fusible reemplazable.<br \/>\nNota: Por favor, termine la instalaci\u00f3n por profesionales o instale el mazo de cables bajo la gu\u00eda de profesionales.<br \/>\n<span class=\"a-text-bold\">Kit de cableado de faros antiniebla<\/span><br \/>\n<strong><span class=\"a-text-bold\">Caracter\u00edstica:<\/span><\/strong><br \/>\n- Funciona con aplicaciones de iluminaci\u00f3n H11 H8 H9 880 881 con un sencillo proceso de instalaci\u00f3n<br \/>\n- Bueno para cualquier sistema entre 9V-16V con una potencia no superior a 130W<br \/>\n- Incluye caja de m\u00f3dulos de rel\u00e9s, mazo de cables con adaptadores, caja de fusibles de seguridad e interruptor de encendido\/apagado con indicador LED.<br \/>\n- H11 \/ H8 \/ H9 880\/ 881 Fog Light Headlight Wire Harness<br \/>\n- Rel\u00e9 de 12 V CC \/ 40 A<br \/>\n- Admite hasta 2 faros antiniebla<br \/>\n- Instalaci\u00f3n profesional muy recomendable<br \/>\n- Caracter\u00edsticas estables, alta fiabilidad<\/p>\n<\/div>\n<\/div>\n<\/div>","protected":false},"excerpt":{"rendered":"<ul class=\"a-unordered-list a-vertical a-spacing-mini\">\n<li class=\"a-spacing-mini\"><span class=\"a-list-item\">Bueno para los faros antiniebla de repuesto, luces antiniebla Add-on, luces HID, luces LED de circulaci\u00f3n diurna, luces de conducci\u00f3n, luces LED de trabajo, Off-road kit de iluminaci\u00f3n<\/span><\/li>\n<li class=\"a-spacing-mini\"><span class=\"a-list-item\">Este kit de cableado H11 incluye: 12V 40A caja del m\u00f3dulo de rel\u00e9, mazo de cables w \/ adaptadores, 30A caja de fusibles de seguridad, y 5 Pin LED indicador de encendido \/ apagado del interruptor<\/span><\/li>\n<li class=\"a-spacing-mini\"><span class=\"a-list-item\">8.5ft arn\u00e9s de cableado: m\u00e1s de 8,5 pies de cableado desde el interruptor a las luces, tambi\u00e9n es extensible, ejecute el arn\u00e9s a su ubicaci\u00f3n deseada de iluminaci\u00f3n.<\/span><\/li>\n<li class=\"a-spacing-mini\"><span class=\"a-list-item\">Protecci\u00f3n eficaz: El rel\u00e9 de potencia y el fusible de cuchilla en l\u00ednea act\u00faan como primera l\u00ednea de defensa contra sobrecorriente y cortocircuito<\/span><\/li>\n<li class=\"a-spacing-mini\"><span class=\"a-list-item\">El paquete incluye : 1 x kit de arn\u00e9s de cable de luz de niebla (luz de niebla no est\u00e1 incluido)<\/span><\/li>\n<\/ul>","protected":false},"featured_media":41743,"comment_status":"open","ping_status":"closed","template":"","meta":{"_acf_changed":false,"om_disable_all_campaigns":false,"inline_featured_image":false,"_mi_skip_tracking":false,"_monsterinsights_sitenote_active":false,"_monsterinsights_sitenote_note":"","_monsterinsights_sitenote_category":0},"product_brand":[],"product_cat":[554],"product_tag":[135147],"class_list":{"0":"post-41735","1":"product","2":"type-product","3":"status-publish","4":"has-post-thumbnail","6":"product_cat-fog-lights-automotive-lighting","7":"product_tag-warehouse-location-united-states","8":"product_shipping_class-us-stock-flat","10":"first","11":"instock","12":"sale","13":"featured","14":"shipping-taxable","15":"purchasable","16":"product-type-simple"},"acf":[],"aioseo_notices":[],"_links":{"self":[{"href":"https:\/\/siemid.com\/es\/wp-json\/wp\/v2\/product\/41735","targetHints":{"allow":["GET"]}}],"collection":[{"href":"https:\/\/siemid.com\/es\/wp-json\/wp\/v2\/product"}],"about":[{"href":"https:\/\/siemid.com\/es\/wp-json\/wp\/v2\/types\/product"}],"replies":[{"embeddable":true,"href":"https:\/\/siemid.com\/es\/wp-json\/wp\/v2\/comments?post=41735"}],"wp:featuredmedia":[{"embeddable":true,"href":"https:\/\/siemid.com\/es\/wp-json\/wp\/v2\/media\/41743"}],"wp:attachment":[{"href":"https:\/\/siemid.com\/es\/wp-json\/wp\/v2\/media?parent=41735"}],"wp:term":[{"taxonomy":"product_brand","embeddable":true,"href":"https:\/\/siemid.com\/es\/wp-json\/wp\/v2\/product_brand?post=41735"},{"taxonomy":"product_cat","embeddable":true,"href":"https:\/\/siemid.com\/es\/wp-json\/wp\/v2\/product_cat?post=41735"},{"taxonomy":"product_tag","embeddable":true,"href":"https:\/\/siemid.com\/es\/wp-json\/wp\/v2\/product_tag?post=41735"}],"curies":[{"name":"wp","href":"https:\/\/api.w.org\/{rel}","templated":true}]}}