{"id":41774,"date":"2024-01-10T13:26:20","date_gmt":"2024-01-10T13:26:20","guid":{"rendered":"https:\/\/siemid.com\/?post_type=product&#038;p=41774"},"modified":"2025-10-09T17:41:43","modified_gmt":"2025-10-09T17:41:43","slug":"siemid-projector-led-headlight-assembly-replacement-for-volkswagen-jetta-right-passenger-side-fits-2019-2020-2021-2022-2023-jetta-models-17a941035e-17a941036e-vw2503174","status":"publish","type":"product","link":"https:\/\/siemid.com\/es\/producto\/siemid-projector-led-headlight-assembly-replacement-for-volkswagen-jetta-right-passenger-side-fits-2019-2020-2021-2022-2023-jetta-models-17a941035e-17a941036e-vw2503174\/","title":{"rendered":"SIEMID Conjunto de faros LED proyectores de repuesto para Volkswagen Jetta - Lado derecho\/pasajero - Se adapta a los modelos Jetta 2019 2020 2021 2022 2023 - 17A941035E 17A941036E VW2503174"},"content":{"rendered":"<h2 class=\"default\">Descripci\u00f3n del producto<\/h2>\n<div id=\"productDescription\" class=\"a-section a-spacing-small\">\n<p>&nbsp;<\/p>\n<p><span class=\"a-text-bold\">Actualiza la iluminaci\u00f3n de tu Jetta con el conjunto de faros LED DRL - Se adapta a los modelos Volkswagen Jetta 2019-2023<\/span><\/p>\n<p><span class=\"a-text-italic\">Lo m\u00e1s destacado:<\/span><\/p>\n<ul class=\"a-unordered-list a-vertical\">\n<li><span class=\"a-list-item\">Nuevo, de alta calidad<\/span><\/li>\n<li><span class=\"a-list-item\">Instalaci\u00f3n sin problemas<\/span><\/li>\n<li><span class=\"a-list-item\">Larga vida \u00fatil<\/span><\/li>\n<li><span class=\"a-list-item\">Superficie lisa<\/span><\/li>\n<li><span class=\"a-list-item\">Mano de obra de calidad<\/span><\/li>\n<li><span class=\"a-list-item\">Resistente y duradero<\/span><\/li>\n<li><span class=\"a-list-item\">Aspecto fresco<\/span><\/li>\n<li><span class=\"a-list-item\">Luz LED<\/span><\/li>\n<li><span class=\"a-list-item\">Mejora de la seguridad<\/span><\/li>\n<li><span class=\"a-list-item\">F\u00e1cil de limpiar<\/span><\/li>\n<li><span class=\"a-list-item\">Rendimiento estable<\/span><\/li>\n<li><span class=\"a-list-item\">Se adapta (Como referencia): Para 2019-2023 VW Jetta<\/span><\/li>\n<\/ul>\n<p><span class=\"a-text-italic\">Especificaciones:<\/span><\/p>\n<p>N\u00famero de pieza OE\/OEM: 17A941036E, 17A941036A<\/p>\n<p>N\u00famero de pieza de intercambio: VW2503175<\/p>\n<p>Modelos aplicables:Para 2019-2023 Volkswagen Jetta<\/p>\n<p>Posici\u00f3n de instalaci\u00f3n: Delantero, Lado Derecho<\/p>\n<p>Forma de instalaci\u00f3n: Instalaci\u00f3n directa<\/p>\n<p><span class=\"a-text-bold\">Notas:<\/span><\/p>\n<p><span class=\"a-text-bold\">Recomendamos encarecidamente la instalaci\u00f3n profesional. P\u00f3ngase en contacto con nosotros si tiene alguna duda.<\/span><\/p>\n<p><span class=\"a-text-bold\">Por favor, permita que la ligera diferencia de color causada por la luz de disparo y 1-3cm error debido a la medici\u00f3n manual, y aseg\u00farese de que no le importa antes de realizar el pedido.<\/span><\/p>\n<\/div>","protected":false},"excerpt":{"rendered":"<h1 class=\"a-size-base-plus a-text-bold\">Acerca de este art\u00edculo<\/h1>\n<ul class=\"a-unordered-list a-vertical a-spacing-mini\">\n<li class=\"a-spacing-mini\"><span class=\"a-list-item\">Compatibilidad: Nuestro conjunto de faros delanteros es compatible con el Volkswagen Jetta 2019-2023 y tambi\u00e9n es compatible con los n\u00fameros de pieza OEM 17A941035E, 17A941035A, 17A941036E, 17A941036A, VW2502174 y VW2503174 para faros delanteros. Cuenta con LED de luz de carretera \/ luz de cruce, luz de se\u00f1alizaci\u00f3n PWY24W, luz de posici\u00f3n lateral LED, y DRL LED.<\/span><\/li>\n<li class=\"a-spacing-mini\"><span class=\"a-list-item\">Visibilidad mejorada: lente de PC anti-ultravioleta, mayor vida \u00fatil, evita que la lente amarillee y se decolore. HD m\u00f3dulo de proyecci\u00f3n de vidrio,Mayor transmitancia asegura m\u00e1s brillante light.Special tratamiento de la superficie,Alta disipaci\u00f3n de calor Doefficient,Garantizar un trabajo estable a mayor potencia.<\/span><\/li>\n<li class=\"a-spacing-mini\"><span class=\"a-list-item\">Materiales de primera calidad: Nuestro faro est\u00e1 construido con una carcasa totalmente sellada y resistente hecha de pl\u00e1stico de policarbonato de grado OEM de alta calidad, que es resistente al agua hasta IP65. Esto garantiza una excelente resistencia a la intemperie y a los impactos, por lo que est\u00e1 bien construido para proporcionar una iluminaci\u00f3n brillante. Las nuevas lentes y reflectores proporcionan una mejor iluminaci\u00f3n y garantizan una experiencia de conducci\u00f3n agradable y c\u00f3moda.<\/span><\/li>\n<li class=\"a-spacing-mini\"><span class=\"a-list-item\">Seguridad y durabilidad: Esta luz adopta la luz del proyector, una versi\u00f3n mejorada de la luz del reflector . En comparaci\u00f3n con la luz reflectante, las luces del proyector son m\u00e1s propensos a producir l\u00edneas de corte claras entre la luz y la sombra, evitando as\u00ed la aparici\u00f3n de deslumbramiento a los veh\u00edculos que circulan en sentido contrario y garantizar condiciones de conducci\u00f3n m\u00e1s seguras.<\/span><\/li>\n<li class=\"a-spacing-mini\"><span class=\"a-list-item\">No se preocupe de compras: Por favor, tenga en cuenta que la instalaci\u00f3n profesional es muy recomendable.Est\u00e1 dise\u00f1ado para encajar con el modelo de faro proyector LED de f\u00e1brica solamente, y no encajar\u00e1 con los modelos de faro no proyector de f\u00e1brica. Si tiene alg\u00fan problema durante la instalaci\u00f3n o el uso, por favor p\u00f3ngase en contacto con nosotros.<\/span><\/li>\n<\/ul>","protected":false},"featured_media":41775,"comment_status":"open","ping_status":"closed","template":"","meta":{"_acf_changed":false,"om_disable_all_campaigns":false,"inline_featured_image":false,"_mi_skip_tracking":false,"_monsterinsights_sitenote_active":false,"_monsterinsights_sitenote_note":"","_monsterinsights_sitenote_category":0},"product_brand":[],"product_cat":[267],"product_tag":[135147],"class_list":{"0":"post-41774","1":"product","2":"type-product","3":"status-publish","4":"has-post-thumbnail","6":"product_cat-headlights","7":"product_tag-warehouse-location-united-states","8":"product_shipping_class-us-stock-flat","9":"pa_compatibility-2019-volkswagen-jetta","11":"first","12":"instock","13":"sale","14":"featured","15":"shipping-taxable","16":"purchasable","17":"product-type-simple"},"acf":[],"aioseo_notices":[],"_links":{"self":[{"href":"https:\/\/siemid.com\/es\/wp-json\/wp\/v2\/product\/41774","targetHints":{"allow":["GET"]}}],"collection":[{"href":"https:\/\/siemid.com\/es\/wp-json\/wp\/v2\/product"}],"about":[{"href":"https:\/\/siemid.com\/es\/wp-json\/wp\/v2\/types\/product"}],"replies":[{"embeddable":true,"href":"https:\/\/siemid.com\/es\/wp-json\/wp\/v2\/comments?post=41774"}],"wp:featuredmedia":[{"embeddable":true,"href":"https:\/\/siemid.com\/es\/wp-json\/wp\/v2\/media\/41775"}],"wp:attachment":[{"href":"https:\/\/siemid.com\/es\/wp-json\/wp\/v2\/media?parent=41774"}],"wp:term":[{"taxonomy":"product_brand","embeddable":true,"href":"https:\/\/siemid.com\/es\/wp-json\/wp\/v2\/product_brand?post=41774"},{"taxonomy":"product_cat","embeddable":true,"href":"https:\/\/siemid.com\/es\/wp-json\/wp\/v2\/product_cat?post=41774"},{"taxonomy":"product_tag","embeddable":true,"href":"https:\/\/siemid.com\/es\/wp-json\/wp\/v2\/product_tag?post=41774"}],"curies":[{"name":"wp","href":"https:\/\/api.w.org\/{rel}","templated":true}]}}