{"id":41792,"date":"2024-01-10T14:12:34","date_gmt":"2024-01-10T14:12:34","guid":{"rendered":"https:\/\/siemid.com\/?post_type=product&#038;p=41792"},"modified":"2025-10-09T17:34:55","modified_gmt":"2025-10-09T17:34:55","slug":"1pcs-vosla-oem-halogen-9012-hir2-bulb-for-toyota-corolla-im-rav4-c-hr-chevy-cruze-ford-falcon-fgx-series-xr6-xr6-turbo-xr8-g6-g6e-ecoboost-2010-2011-2012-2013-2014-2015-2016-2017-2018-2019-copy","status":"publish","type":"product","link":"https:\/\/siemid.com\/es\/producto\/1pcs-vosla-oem-halogen-9012-hir2-bulb-for-toyota-corolla-im-rav4-c-hr-chevy-cruze-ford-falcon-fgx-series-xr6-xr6-turbo-xr8-g6-g6e-ecoboost-2010-2011-2012-2013-2014-2015-2016-2017-2018-2019-copy\/","title":{"rendered":"1PCS VOSLA OEM Hal\u00f3geno 9012 HIR2 bombilla Para Toyota Corolla iM RAV4 C-HR Chevy Cruze Ford Falcon FGX Serie XR6 XR6 Turbo XR8 G6 G6E EcoBoost 2010 2011 2012 2013 2014 2015 2016 2017 2018 2019 (Copia)"},"content":{"rendered":"<h2 class=\"default\">Descripci\u00f3n del producto<\/h2>\n<div id=\"productDescription\" class=\"a-section a-spacing-small\">\n<p>Nuevo y de alta calidad<br \/>\nMejor visibilidad al conducir de noche<br \/>\nAlto brillo<br \/>\nLarga duraci\u00f3n<br \/>\nF\u00e1cil de instalar<br \/>\nNo es necesaria ninguna modificaci\u00f3n<br \/>\nSimplemente retire las bombillas originales y sustit\u00fayalas por bombillas nuevas<br \/>\nTensi\u00f3n de trabajo: 12 V<br \/>\nPotencia de salida: 55 W<br \/>\nInstalaci\u00f3n:<br \/>\n1. Quitar la bombilla vieja<br \/>\n2. Instale la nueva bombilla de recambio<br \/>\n3. Comprueba que tu nueva luz funciona<br \/>\nPara adaptarse:<br \/>\nToyota Corolla iM 2017-2018<br \/>\nToyota RAV4 2019 2018 2017<br \/>\nToyota C-HR 2018-2019<br \/>\nJeep CHEROKEE 2012-2016<br \/>\nJeep COMPASS2014-2016<br \/>\nChrysler 200 300 2011-2015<br \/>\nGMC Sierra 1500 2014 2015<br \/>\nGMC ACADIA 2013-2018<br \/>\nGMC SIERRA 2500 2015<br \/>\nGMC SIERRA 3500 2015<br \/>\nRAM 1500 2013-2015<br \/>\nRAM 2500 2013-2015<br \/>\nRAM 3500 2013-2015<br \/>\nRAM 4500 2013-2015<br \/>\nRAM 5500 2013-2015<br \/>\nGMC Acadia 2013-2019<br \/>\nBUICK LACROSSE 2014-2018<br \/>\nBUICK REGAL 2014-2017<br \/>\nBUICK ENVISION 2016-2018<br \/>\nCADILLAC ATS 2013-2018<br \/>\nCADILLAC XT5 2017-2018<br \/>\nLINCOLN MKX 2011-2015<br \/>\nDodge Durango 2014-2015<br \/>\nDodge Dart 2013 2014 2015<br \/>\nDODGE CHALLENGER 2015-2018<br \/>\nDODGE CHARGER 2015<br \/>\nFIAT 500 2012-2018<br \/>\nFIAT 500L 2014-2018<br \/>\nFIAT 500X 2016-2018<br \/>\nALFA ROMEO 4C 2015-2018<br \/>\nMITSUBISHI ECLIPSE CROSS2018<br \/>\nSCION IM 2016<br \/>\nSCION TC 2014-2016<br \/>\nNissan Maxima 2004-2007<br \/>\nChevy Cruze 2017-2018<br \/>\nCHEVROLET EQUINOX 2018<br \/>\nCHEVROLET IMPALA 2014-2015<br \/>\nCHEVROLET VOLT 2011-2015<br \/>\nFord Falcon Serie FGX<br \/>\nFord edge 2011-2014<br \/>\nFORD POLICE INTERCEPTOR SED\u00c1N 2013-2018<br \/>\nBERLINA DE POLIC\u00cdA FORD SPECIAL SERVICE 2014-2018<br \/>\nFORD TAURUS 2013-2018<br \/>\nHYUNDAI IX35 2015<br \/>\nHYUNDAI TUCSON 2014-2015<br \/>\nJAGUARF-PACE 2017-2018<br \/>\nXR6 XR6 Turbo XR8 G6 G6E EcoBoost<br \/>\nEl paquete incluye:<br \/>\n2 bombillas<br \/>\nLe pedimos disculpas porque no podemos entregar a Parcel Locker. Gracias.<\/p>\n<\/div>","protected":false},"excerpt":{"rendered":"<h1 class=\"a-size-base-plus a-text-bold\">Acerca de este art\u00edculo<\/h1>\n<ul class=\"a-unordered-list a-vertical a-spacing-mini\">\n<li class=\"a-spacing-mini\"><span class=\"a-list-item\">Vosla GmbH es una f\u00e1brica de producci\u00f3n de l\u00e1mparas para autom\u00f3viles de alta calidad. Sirve como proveedor de alto volumen para el OEM y el After Market.<\/span><\/li>\n<li class=\"a-spacing-mini\"><span class=\"a-list-item\">Fabricada en Alemania\/12V 55 Vatios Base PX22d\/3000 L\u00famenes\/Vida \u00fatil 1400 Horas \/Color de la luz 3450 Gr. K<\/span><\/li>\n<li class=\"a-spacing-mini\"><span class=\"a-list-item\">F\u00e1cil de instalar\/Sin necesidad de modificaci\u00f3n\/Simplemente retire las bombillas originales y sustit\u00fayalas por las nuevas<\/span><\/li>\n<li class=\"a-spacing-mini\"><span class=\"a-list-item\">Garant\u00eda: 1 a\u00f1o<\/span><\/li>\n<\/ul>","protected":false},"featured_media":41793,"comment_status":"open","ping_status":"closed","template":"","meta":{"_acf_changed":false,"om_disable_all_campaigns":false,"inline_featured_image":false,"_mi_skip_tracking":false,"_monsterinsights_sitenote_active":false,"_monsterinsights_sitenote_note":"","_monsterinsights_sitenote_category":0},"product_brand":[],"product_cat":[557,267],"product_tag":[135147],"class_list":{"0":"post-41792","1":"product","2":"type-product","3":"status-publish","4":"has-post-thumbnail","6":"product_cat-car-bulbs","7":"product_cat-headlights","8":"product_tag-warehouse-location-united-states","9":"product_shipping_class-us-stock-flat","11":"first","12":"instock","13":"sale","14":"featured","15":"shipping-taxable","16":"purchasable","17":"product-type-simple"},"acf":[],"aioseo_notices":[],"_links":{"self":[{"href":"https:\/\/siemid.com\/es\/wp-json\/wp\/v2\/product\/41792","targetHints":{"allow":["GET"]}}],"collection":[{"href":"https:\/\/siemid.com\/es\/wp-json\/wp\/v2\/product"}],"about":[{"href":"https:\/\/siemid.com\/es\/wp-json\/wp\/v2\/types\/product"}],"replies":[{"embeddable":true,"href":"https:\/\/siemid.com\/es\/wp-json\/wp\/v2\/comments?post=41792"}],"wp:featuredmedia":[{"embeddable":true,"href":"https:\/\/siemid.com\/es\/wp-json\/wp\/v2\/media\/41793"}],"wp:attachment":[{"href":"https:\/\/siemid.com\/es\/wp-json\/wp\/v2\/media?parent=41792"}],"wp:term":[{"taxonomy":"product_brand","embeddable":true,"href":"https:\/\/siemid.com\/es\/wp-json\/wp\/v2\/product_brand?post=41792"},{"taxonomy":"product_cat","embeddable":true,"href":"https:\/\/siemid.com\/es\/wp-json\/wp\/v2\/product_cat?post=41792"},{"taxonomy":"product_tag","embeddable":true,"href":"https:\/\/siemid.com\/es\/wp-json\/wp\/v2\/product_tag?post=41792"}],"curies":[{"name":"wp","href":"https:\/\/api.w.org\/{rel}","templated":true}]}}