{"id":41797,"date":"2024-01-11T13:49:31","date_gmt":"2024-01-11T13:49:31","guid":{"rendered":"https:\/\/siemid.com\/?post_type=product&#038;p=41797"},"modified":"2026-04-17T08:05:27","modified_gmt":"2026-04-17T08:05:27","slug":"1pcs-siemid-universal-car-headlamp-2-5-h11-bi-xenon-hid-fog-retrofit-projector-lens-for-hi-lo-beam","status":"publish","type":"product","link":"https:\/\/siemid.com\/es\/producto\/1pcs-siemid-universal-car-headlamp-2-5-h11-bi-xenon-hid-fog-retrofit-projector-lens-for-hi-lo-beam\/","title":{"rendered":"1Pcs SIEMID Universal Car Headlamp: 2.5\u2033 H11 Bi-xenon HID Fog Retrofit Projector Lens for Hi\/Lo Beam."},"content":{"rendered":"<div class=\"J_module\"><\/div>\n<div class=\"J_module\">\n<div class=\"detail-decorate-json-renderer-container\">\n<div class=\"magic-1\">\n<div class=\"magic-2\">\n<div class=\"magic-3\">\n<div class=\"magic-4\">\n<div data-spm-anchor-id=\"a2700.details.0.i102.78bc52d5qsk0tE\">\n<h1 class=\"a-size-base-plus a-text-bold\">Acerca de este art\u00edculo<\/h1>\n<ul class=\"a-unordered-list a-vertical a-spacing-mini\">\n<li class=\"a-spacing-mini\"><span class=\"a-list-item\">\u00a0Actualizaci\u00f3n perfecta: Disfrute de una visibilidad mejorada con 1 lentes de proyector bi-xen\u00f3n antiniebla de 2,5 pulgadas de alta calidad incluidas en este paquete.<\/span><\/li>\n<li class=\"a-spacing-mini\"><span class=\"a-list-item\">\u00a0Ajuste universal: Nuestro soporte de montaje universal permite una f\u00e1cil instalaci\u00f3n y adaptaci\u00f3n a diferentes coches.<\/span><\/li>\n<li class=\"a-spacing-mini\"><span class=\"a-list-item\">\u00a0M\u00e1xima claridad: Estas lentes utilizan cristal de alta transparencia para garantizar que la luz se proyecta con la m\u00e1xima claridad, haciendo que la l\u00ednea de luz de corte sea clara y brillante.<\/span><\/li>\n<li class=\"a-spacing-mini\"><span class=\"a-list-item\">\u00a0Doble funcionalidad: Con los proyectores bixen\u00f3n, dispondr\u00e1 de opciones de luz de carretera y de cruce para una visibilidad \u00f3ptima.<\/span><\/li>\n<li class=\"a-spacing-mini\"><span class=\"a-list-item\">\u00a0Seguridad garantizada: Las lentes incorporan una l\u00ednea de corte clara que impide que deslumbren a los conductores que vienen en sentido contrario, lo que las convierte en una opci\u00f3n segura y fiable.<\/span><\/li>\n<\/ul>\n<p><b>Montaje:<\/b><br \/>\n* Descarga<\/p>\n<p>L\u00e1mpara individual Incluye:<br \/>\n* (1) L\u00e1mpara<\/p>\n<p>* Herrajes de montaje universales<\/p>\n<\/div>\n<\/div>\n<\/div>\n<\/div>\n<\/div>\n<\/div>\n<\/div>","protected":false},"excerpt":{"rendered":"<h1 class=\"a-size-base-plus a-text-bold\">Acerca de este art\u00edculo<\/h1>\n<ul class=\"a-unordered-list a-vertical a-spacing-mini\">\n<li class=\"a-spacing-mini\"><span class=\"a-list-item\">\u00a0Actualizaci\u00f3n perfecta: Disfrute de una visibilidad mejorada con 1 lentes de proyector bi-xen\u00f3n antiniebla de 2,5 pulgadas de alta calidad incluidas en este paquete.<\/span><\/li>\n<li class=\"a-spacing-mini\"><span class=\"a-list-item\">\u00a0Ajuste universal: Nuestro soporte de montaje universal permite una f\u00e1cil instalaci\u00f3n y adaptaci\u00f3n a diferentes coches.<\/span><\/li>\n<li class=\"a-spacing-mini\"><span class=\"a-list-item\">M\u00e1xima claridad: Estas lentes utilizan cristal de alta transparencia para garantizar que la luz se proyecta con la m\u00e1xima claridad, haciendo que la l\u00ednea de luz de corte sea clara y brillante.<\/span><\/li>\n<li class=\"a-spacing-mini\"><span class=\"a-list-item\">Doble funcionalidad: Con los proyectores bixen\u00f3n, dispondr\u00e1 de opciones de luz de carretera y de cruce para una visibilidad \u00f3ptima.<\/span><\/li>\n<li class=\"a-spacing-mini\"><span class=\"a-list-item\">Seguridad garantizada: Las lentes incorporan una l\u00ednea de corte clara que impide que deslumbren a los conductores que vienen en sentido contrario, lo que las convierte en una opci\u00f3n segura y fiable.<\/span><\/li>\n<\/ul>","protected":false},"featured_media":41838,"comment_status":"open","ping_status":"closed","template":"","meta":{"_acf_changed":false,"om_disable_all_campaigns":false,"inline_featured_image":false,"_mi_skip_tracking":false,"_monsterinsights_sitenote_active":false,"_monsterinsights_sitenote_note":"","_monsterinsights_sitenote_category":0},"product_brand":[],"product_cat":[267,554,555],"product_tag":[135147],"class_list":{"0":"post-41797","1":"product","2":"type-product","3":"status-publish","4":"has-post-thumbnail","6":"product_cat-headlights","7":"product_cat-fog-lights-automotive-lighting","8":"product_cat-off-road-lights","9":"product_tag-warehouse-location-united-states","10":"product_shipping_class-us-stock-flat","12":"first","13":"instock","14":"sale","15":"featured","16":"shipping-taxable","17":"purchasable","18":"product-type-simple"},"acf":[],"aioseo_notices":[],"_links":{"self":[{"href":"https:\/\/siemid.com\/es\/wp-json\/wp\/v2\/product\/41797","targetHints":{"allow":["GET"]}}],"collection":[{"href":"https:\/\/siemid.com\/es\/wp-json\/wp\/v2\/product"}],"about":[{"href":"https:\/\/siemid.com\/es\/wp-json\/wp\/v2\/types\/product"}],"replies":[{"embeddable":true,"href":"https:\/\/siemid.com\/es\/wp-json\/wp\/v2\/comments?post=41797"}],"wp:featuredmedia":[{"embeddable":true,"href":"https:\/\/siemid.com\/es\/wp-json\/wp\/v2\/media\/41838"}],"wp:attachment":[{"href":"https:\/\/siemid.com\/es\/wp-json\/wp\/v2\/media?parent=41797"}],"wp:term":[{"taxonomy":"product_brand","embeddable":true,"href":"https:\/\/siemid.com\/es\/wp-json\/wp\/v2\/product_brand?post=41797"},{"taxonomy":"product_cat","embeddable":true,"href":"https:\/\/siemid.com\/es\/wp-json\/wp\/v2\/product_cat?post=41797"},{"taxonomy":"product_tag","embeddable":true,"href":"https:\/\/siemid.com\/es\/wp-json\/wp\/v2\/product_tag?post=41797"}],"curies":[{"name":"wp","href":"https:\/\/api.w.org\/{rel}","templated":true}]}}