{"id":41808,"date":"2024-01-11T14:21:47","date_gmt":"2024-01-11T14:21:47","guid":{"rendered":"https:\/\/siemid.com\/?post_type=product&#038;p=41808"},"modified":"2025-10-09T17:39:19","modified_gmt":"2025-10-09T17:39:19","slug":"new-generation-led-fog-lights-lamp-retrofit-and-upgraded-for-citroen-c3-c4-c5-c6-c-crosser-xsara-picasso-2004-2005-2006-2007-2008-2009-2010-2011-2012-2013-2014-2015","status":"publish","type":"product","link":"https:\/\/siemid.com\/es\/producto\/new-generation-led-fog-lights-lamp-retrofit-and-upgraded-for-citroen-c3-c4-c5-c6-c-crosser-xsara-picasso-2004-2005-2006-2007-2008-2009-2010-2011-2012-2013-2014-2015\/","title":{"rendered":"Nueva Generaci\u00f3n Led Fog Lights L\u00e1mpara Retrofit y actualizado para Citroen C3 C4 C5 C6 C-Crosser Xsara Picasso 2004 2005 2006 2007 2008 2009 2010 2011 2012 2013 2014 2015"},"content":{"rendered":"<h2 class=\"default\">Descripci\u00f3n del producto<\/h2>\n<div id=\"productDescription\" class=\"a-section a-spacing-small\">\n<p>Nueva Generaci\u00f3n LED Fog Light Upgrade Kit. Este art\u00edculo se ajusta como piezas de repuesto que vienen preinstalados con faros antiniebla. Estos son los nuevos faros antiniebla LED que sustituyen a los hal\u00f3genos. El \u00e1ngulo de iluminaci\u00f3n es muy amplio (130 grados a la izquierda y derecha), y la l\u00ednea de corte es clara y sharp.Approval ECE F3 SAE DOT. Su veh\u00edculo debe tener los faros antiniebla hal\u00f3genos ya equipados. Este kit ser\u00eda grande para que usted pueda actualizar como una actualizaci\u00f3n de LED especialmente a negro nuestro su veh\u00edculo.. Usted recibe las dos luces antiniebla. Si desea darle vida a la mirada de su veh\u00edculo o si desea m\u00e1s claridad mientras se est\u00e1 conduciendo no mater lo que las condiciones meteorol\u00f3gicas esto podr\u00eda ayudarle en ambas situaciones. Esto mejorar\u00e1 la visibilidad durante la noche, niebla densa, fuerte lluvia y nieve.<br \/>\n<strong>Las caracter\u00edsticas incluyen:<\/strong><br \/>\n.Come Complete<br \/>\no Bombillas LED de alta potencia.<br \/>\no \u00c1ngulo de cobertura extra ancho.<br \/>\no Reutilizar el hardware existente.<br \/>\no Instrucciones completas incluidas.<br \/>\n<strong>SUSTITUYE A LOS FAROS ANTINIEBLA HAL\u00d3GENOS ORIGINALES N\u00daMEROS<\/strong><br \/>\n1209177<br \/>\n1209077<br \/>\n620662<br \/>\n4709052<br \/>\n8321A097<br \/>\n5001874722<br \/>\n26155-00Q0A<br \/>\n35500-63J00<br \/>\n35500-63J03<br \/>\n088358<br \/>\n26150-VD300<br \/>\n26150-EB500<br \/>\n35500-63J02<br \/>\n6710027<br \/>\n8200074008<br \/>\nC2S1740<br \/>\n<strong>SE ADAPTA:<\/strong><br \/>\nCitroen C4 I (LC_) 2004-2010<br \/>\nCitroen C4 Berlina 2006-2012<br \/>\nCitroen C3 FC_ Hatchback 2005-2010<br \/>\nCitroen C4 Hatchback LC_ 2004-2010<br \/>\nCitroen C4 Coupe LA_ 2004-2010<br \/>\nCitroen C4 Grand Picasso UA_ MPV 2006-2012<br \/>\nCitroen C4 Picasso UD_ MPV 2007-2015<br \/>\nCitroen C5 Break Estate RE_ 2004-2015<br \/>\nCitroen C5 Hatchback RC_ 2004-2015<br \/>\nCitroen C6 TD_ Berlina 2005-2015<br \/>\nCitroen C-Crosser ENTERPRISE Box 2009-2013<br \/>\nCitroen C-Crosser (EP_) Veh\u00edculo todoterreno cerrado 2007-2013<br \/>\nCitroen Xsara Picasso MPV N68 1999-2015<\/p>\n<\/div>","protected":false},"excerpt":{"rendered":"<h1 class=\"a-size-base-plus a-text-bold\">Acerca de este art\u00edculo<\/h1>\n<ul class=\"a-unordered-list a-vertical a-spacing-mini\">\n<li class=\"a-spacing-mini\"><span class=\"a-list-item\">Utiliza la lente de enfoque puntual LED m\u00e1s avanzada. A diferencia del cristal tradicional, la lente de enfoque puntual utiliza un proceso de moldeo por inyecci\u00f3n de pl\u00e1stico, de modo que se puede formar la compleja superficie curva calculada por ordenador. La lente de enfoque puntual utiliza un dise\u00f1o hiperboloide, que tiene una mayor eficiencia \u00f3ptica y un tipo de luz m\u00e1s amplia, por lo que este tipo de lente puede realizar la funci\u00f3n de luz antiniebla y la funci\u00f3n de iluminaci\u00f3n auxiliar de la curva al mismo tiempo.<\/span><\/li>\n<li class=\"a-spacing-mini\"><span class=\"a-list-item\">Este faro antiniebla es compatible para los agujeros de montaje de faros antiniebla de coches Citroen y la interfaz de bombillas hal\u00f3genas (H11 H9 H8) en el mercado, y tiene una fuerte versatilidad y es muy conveniente para las actualizaciones y modificaciones.<\/span><\/li>\n<li class=\"a-spacing-mini\"><span class=\"a-list-item\">Siemid Autolights-se centra en la investigaci\u00f3n, el desarrollo y la fabricaci\u00f3n de l\u00e1mparas para autom\u00f3viles. La esencia de la industria, liderando la tendencia de la industria. Nos comprometemos a fabricar productos seguros y satisfactorios para los consumidores. Bienvenido a elegir.<\/span><\/li>\n<li class=\"a-spacing-mini\"><span class=\"a-list-item\">Alta calidad, 6 Meses de garant\u00eda.<\/span><\/li>\n<li class=\"a-spacing-mini\"><span class=\"a-list-item\">Embalaje: dos paquetes<\/span><\/li>\n<\/ul>","protected":false},"featured_media":40472,"comment_status":"open","ping_status":"closed","template":"","meta":{"_acf_changed":false,"om_disable_all_campaigns":false,"inline_featured_image":false,"_mi_skip_tracking":false,"_monsterinsights_sitenote_active":false,"_monsterinsights_sitenote_note":"","_monsterinsights_sitenote_category":0},"product_brand":[],"product_cat":[554],"product_tag":[135147],"class_list":{"0":"post-41808","1":"product","2":"type-product","3":"status-publish","4":"has-post-thumbnail","6":"product_cat-fog-lights-automotive-lighting","7":"product_tag-warehouse-location-united-states","8":"product_shipping_class-us-stock-flat","10":"first","11":"instock","12":"sale","13":"featured","14":"shipping-taxable","15":"purchasable","16":"product-type-simple"},"acf":[],"aioseo_notices":[],"_links":{"self":[{"href":"https:\/\/siemid.com\/es\/wp-json\/wp\/v2\/product\/41808","targetHints":{"allow":["GET"]}}],"collection":[{"href":"https:\/\/siemid.com\/es\/wp-json\/wp\/v2\/product"}],"about":[{"href":"https:\/\/siemid.com\/es\/wp-json\/wp\/v2\/types\/product"}],"replies":[{"embeddable":true,"href":"https:\/\/siemid.com\/es\/wp-json\/wp\/v2\/comments?post=41808"}],"wp:featuredmedia":[{"embeddable":true,"href":"https:\/\/siemid.com\/es\/wp-json\/wp\/v2\/media\/40472"}],"wp:attachment":[{"href":"https:\/\/siemid.com\/es\/wp-json\/wp\/v2\/media?parent=41808"}],"wp:term":[{"taxonomy":"product_brand","embeddable":true,"href":"https:\/\/siemid.com\/es\/wp-json\/wp\/v2\/product_brand?post=41808"},{"taxonomy":"product_cat","embeddable":true,"href":"https:\/\/siemid.com\/es\/wp-json\/wp\/v2\/product_cat?post=41808"},{"taxonomy":"product_tag","embeddable":true,"href":"https:\/\/siemid.com\/es\/wp-json\/wp\/v2\/product_tag?post=41808"}],"curies":[{"name":"wp","href":"https:\/\/api.w.org\/{rel}","templated":true}]}}