{"id":41823,"date":"2024-01-16T13:52:19","date_gmt":"2024-01-16T13:52:19","guid":{"rendered":"https:\/\/siemid.com\/?post_type=product&#038;p=41823"},"modified":"2025-10-09T17:35:40","modified_gmt":"2025-10-09T17:35:40","slug":"2-pcs-high-quality-led-fog-lights-assemblies-for-toyota-corolla-innova-highlander-chr-c-hr-prius-hilux-revo-2019-2020-2021-2022-2023-hatchback-cross","status":"publish","type":"product","link":"https:\/\/siemid.com\/es\/producto\/2-pcs-high-quality-led-fog-lights-assemblies-for-toyota-corolla-innova-highlander-chr-c-hr-prius-hilux-revo-2019-2020-2021-2022-2023-hatchback-cross\/","title":{"rendered":"2 piezas de alta calidad Led faros antiniebla para Toyota Corolla Innova Highlander CHR C-HR Prius Hilux Revo 2019 2020 2021 2022 2023 Hatchback Cross"},"content":{"rendered":"<h2 class=\"default\">Descripci\u00f3n del producto<\/h2>\n<div id=\"productDescription\" class=\"a-section a-spacing-small\">\n<p><strong><span class=\"a-text-bold\">Luz antiniebla LED universal para Toyota coche lado derecho e izquierdo<\/span><\/strong><br \/>\nFotos reales, garant\u00eda de alta calidad<br \/>\n- Bombilla:LED-12V 5W<br \/>\n- Color de la luz:Blanco<br \/>\n- Tasa de defectos baja<br \/>\n- 100% impermeable<br \/>\n- Sustituci\u00f3n directa.<strong><span class=\"a-text-bold\">(Preste atenci\u00f3n a los enchufes y aseg\u00farese de que los conectores coinciden con los enchufes de su arn\u00e9s)<\/span><\/strong><br \/>\n- Hace que tu coche sea m\u00e1s bonito y seguro<br \/>\n- 12 meses de garant\u00eda<br \/>\n- Montaje r\u00e1pido y sencillo sin modificaciones<br \/>\n- Las bombillas LED proporcionan una iluminaci\u00f3n excelente<br \/>\n- Carcasa anticorrosiva y lente de alto impacto<br \/>\n- Altas prestaciones para los aficionados al anto restyling<br \/>\n<strong><span class=\"a-text-bold\">N\u00famero OEM de referencia:<\/span><\/strong><br \/>\n81210-12240, 81220-12240<br \/>\n<strong><span class=\"a-text-bold\">N\u00famero de referencia Partslink:<\/span><\/strong><br \/>\nTO2593142, TO2592142<br \/>\n<strong><span class=\"a-text-bold\">Modelo de ajuste:<\/span><\/strong><br \/>\nPara Toyota Corolla Hatchback 2019-2023<br \/>\nPara Toyota Corolla Cross 2021-2023<br \/>\nPara Toyota C-HR 2019- 2023<br \/>\nPara Toyota Hilux Revo 2020-2021<br \/>\nPara Toyota Hilux Revo Rocco 2020-2022<br \/>\nPara Toyota Land Cruiser Serie 300 LC300 2021-2022<br \/>\nPara Toyota Prius 2019-2022<br \/>\n<strong><span class=\"a-text-bold\">Paquete incluido<\/span><\/strong><br \/>\n2 luces antiniebla (derecha+izquierda)<\/p>\n<\/div>","protected":false},"excerpt":{"rendered":"<h1 class=\"a-size-base-plus a-text-bold\">Acerca de este art\u00edculo<\/h1>\n<ul class=\"a-unordered-list a-vertical a-spacing-mini\">\n<li class=\"a-spacing-mini\"><span class=\"a-list-item\">Chip LED de alta luminosidad, resistente al agua IP7, larga vida \u00fatil<\/span><\/li>\n<li class=\"a-spacing-mini\"><span class=\"a-list-item\">N\u00famero OEM \/ Interchange \/ PartsLink: TO1038231 \/ TO1039231, 8121012240 \/ 8122012240<\/span><\/li>\n<li class=\"a-spacing-mini\"><span class=\"a-list-item\">Directo Plug and Play si se utiliza como faros antiniebla de repuesto original.<\/span><\/li>\n<li class=\"a-spacing-mini\"><span class=\"a-list-item\">Esta pieza de autom\u00f3vil no viene con manual de instalaci\u00f3n, se recomienda la instalaci\u00f3n profesional<\/span><\/li>\n<\/ul>\n<ul class=\"a-unordered-list a-vertical a-spacing-mini\">\n<li class=\"a-spacing-mini\"><span class=\"a-list-item\">Siemid Autolights-se centra en la investigaci\u00f3n, el desarrollo y la fabricaci\u00f3n de l\u00e1mparas para autom\u00f3viles. La esencia de la industria, liderando la tendencia de la industria. Nos comprometemos a fabricar productos seguros y satisfactorios para los consumidores. Bienvenido a elegir.<\/span><\/li>\n<li class=\"a-spacing-mini\"><span class=\"a-list-item\">Alta calidad, 6 Meses de garant\u00eda.<\/span><\/li>\n<li class=\"a-spacing-mini\"><span class=\"a-list-item\">Embalaje: dos paquetes<\/span><\/li>\n<\/ul>","protected":false},"featured_media":41837,"comment_status":"open","ping_status":"closed","template":"","meta":{"_acf_changed":false,"om_disable_all_campaigns":false,"inline_featured_image":false,"_mi_skip_tracking":false,"_monsterinsights_sitenote_active":false,"_monsterinsights_sitenote_note":"","_monsterinsights_sitenote_category":0},"product_brand":[],"product_cat":[554],"product_tag":[135147],"class_list":{"0":"post-41823","1":"product","2":"type-product","3":"status-publish","4":"has-post-thumbnail","6":"product_cat-fog-lights-automotive-lighting","7":"product_tag-warehouse-location-united-states","8":"product_shipping_class-us-stock-flat","9":"pa_compatibility-2019-toyota-c-hr","10":"pa_compatibility-2019-toyota-corolla","11":"pa_compatibility-2019-toyota-prius","12":"pa_compatibility-2020-toyota-hilux","13":"pa_compatibility-2021-toyota-land-cruiser","15":"first","16":"instock","17":"sale","18":"featured","19":"shipping-taxable","20":"purchasable","21":"product-type-variable"},"acf":[],"aioseo_notices":[],"_links":{"self":[{"href":"https:\/\/siemid.com\/es\/wp-json\/wp\/v2\/product\/41823","targetHints":{"allow":["GET"]}}],"collection":[{"href":"https:\/\/siemid.com\/es\/wp-json\/wp\/v2\/product"}],"about":[{"href":"https:\/\/siemid.com\/es\/wp-json\/wp\/v2\/types\/product"}],"replies":[{"embeddable":true,"href":"https:\/\/siemid.com\/es\/wp-json\/wp\/v2\/comments?post=41823"}],"wp:featuredmedia":[{"embeddable":true,"href":"https:\/\/siemid.com\/es\/wp-json\/wp\/v2\/media\/41837"}],"wp:attachment":[{"href":"https:\/\/siemid.com\/es\/wp-json\/wp\/v2\/media?parent=41823"}],"wp:term":[{"taxonomy":"product_brand","embeddable":true,"href":"https:\/\/siemid.com\/es\/wp-json\/wp\/v2\/product_brand?post=41823"},{"taxonomy":"product_cat","embeddable":true,"href":"https:\/\/siemid.com\/es\/wp-json\/wp\/v2\/product_cat?post=41823"},{"taxonomy":"product_tag","embeddable":true,"href":"https:\/\/siemid.com\/es\/wp-json\/wp\/v2\/product_tag?post=41823"}],"curies":[{"name":"wp","href":"https:\/\/api.w.org\/{rel}","templated":true}]}}