{"id":41903,"date":"2024-02-29T03:26:53","date_gmt":"2024-02-29T03:26:53","guid":{"rendered":"https:\/\/siemid.com\/?post_type=product&#038;p=41903"},"modified":"2026-05-04T05:52:21","modified_gmt":"2026-05-04T05:52:21","slug":"1-pcs-h11-fog-lights-for-infiniti-ex35-fx35-fx45-fx50-g37-g25-m37-m56-m35h-qx56","status":"publish","type":"product","link":"https:\/\/siemid.com\/es\/producto\/1-pcs-h11-fog-lights-for-infiniti-ex35-fx35-fx45-fx50-g37-g25-m37-m56-m35h-qx56\/","title":{"rendered":"1 pieza H11 Faros antiniebla para Infiniti EX35 FX35 FX45 FX50 G37 G25 M37 M56 M35h QX56"},"content":{"rendered":"<h2><b>Descripci\u00f3n del producto<\/b><b><\/b><\/h2>\n<p class=\"p\">Estado: 100% Nuevo<br \/>\nPaquete incluido:<br \/>\nUna luz antiniebla PCS<br \/>\n(bombilla H11 incluida)<br \/>\nTama\u00f1o (Como la imagen mostrada): Di\u00e1metro: 3 1\/2\u2033 (9cm)\/ Altura: 2 3\/4\u2033 (7cm)<br \/>\nColor: carcasa negra + lente transparente<br \/>\nColor de la luz: Blanco fr\u00edo<br \/>\nTipo de bombilla: H11<br \/>\nPotencia: 55 W<br \/>\nReferencia : 261508993B \/ NI2590103\/ 261508992B\/ 261508999B\/ 261508990B\/ 26150-8990B<br \/>\nMaterial: Carcasa de ABS + lente de cristal aut\u00e9ntico<br \/>\nPeso: 440 g<\/p>\n<p>Caracter\u00edstica:<br \/>\nCarcasa de ABS de alta calidad y durabilidad<br \/>\nLas lentes transparentes son de cristal aut\u00e9ntico.<br \/>\nIncluye bombillas H11<br \/>\nMejor visibilidad. Garantiza la seguridad del conductor con niebla, lluvia, polvo o nieve.<br \/>\nSustituci\u00f3n directa sin modificaciones. Ajuste perfecto, f\u00e1cil instalaci\u00f3n.<\/p>\n<p class=\"p\">Ajuste:<\/p>\n<p><span class=\"a-text-bold\">\u00a0 \u00a0 \u00a0 \u00a0\u00a0<\/span>\u00a02008-2012 Infiniti EX35<\/p>\n<p><span class=\"a-text-bold\">\u00a0 \u00a0 \u00a0 \u00a0 \u00a02006-2012 Infiniti FX35<\/span><\/p>\n<p><span class=\"a-text-bold\">\u00a0 \u00a0 \u00a0 \u00a0 \u00a02006-2008 Infiniti FX45<\/span><\/p>\n<p><span class=\"a-text-bold\">\u00a0 \u00a0 \u00a0 \u00a0 \u00a02009-2013 Infiniti FX50<\/span><\/p>\n<p><span class=\"a-text-bold\">\u00a0 \u00a0 \u00a0 \u00a0 \u00a02010-2013 Infiniti G37<\/span><\/p>\n<p><span class=\"a-text-bold\">\u00a0 \u00a0 \u00a0 \u00a0 \u00a02011-2012 Infiniti G25<\/span><\/p>\n<p><span class=\"a-text-bold\">\u00a0 \u00a0 \u00a0 \u00a0 \u00a02011-2013 Infiniti M37\/M56<\/span><\/p>\n<p><span class=\"a-text-bold\">\u00a0 \u00a0 \u00a0 \u00a0 \u00a02012 Infiniti M35h(Fecha de producci\u00f3n hasta agosto 2011)<\/span><\/p>\n<p><span class=\"a-text-bold\">\u00a0 \u00a0 \u00a0 \u00a0 \u00a02011-2012 Infiniti QX56(Fecha de producci\u00f3n hasta octubre 2011)<\/span><\/p>\n<p><span class=\"a-text-bold\">\u00a0 \u00a0 \u00a0 \u00a0 \u00a02010-2013 Infiniti G37 Sed\u00e1n<\/span><\/p>\n<p><span class=\"a-text-bold\">\u00a0 \u00a0 \u00a0 \u00a0 \u00a02009-2014 Nissan Cube\/Murano<\/span><\/p>\n<p><span class=\"a-text-bold\">\u00a0 \u00a0 \u00a0 \u00a0 \u00a02011-2014\u00a0<\/span>Nissan Juke\/Quest<\/p>\n<p><span class=\"a-text-bold\">\u00a0 \u00a0 \u00a0 \u00a0 \u00a02007-2012\u00a0<\/span>Nissan Versa<\/p>\n<p><span class=\"a-text-bold\">\u00a0 \u00a0 \u00a0 \u00a0 \u00a02011-2013\u00a0<\/span>Nissan Rouge<\/p>\n<p><span class=\"a-text-bold\">\u00a0 \u00a0 \u00a0 \u00a0 \u00a02014-2015 <\/span>Nissan Rogue Select<\/p>","protected":false},"excerpt":{"rendered":"<p><strong>Estado:<\/strong> 100% Nuevo<br \/>\n<strong>Paquete incluido:<\/strong>Una luz antiniebla PCS (bombilla H11 est\u00e1 incluido)<br \/>\nTama\u00f1o (Como la imagen mostrada): <strong>Di\u00e1metro:<\/strong> 3 1\/2\u2033 (9cm)\/ Altura: 2 3\/4\u2033 (7cm)<br \/>\n<strong>Color:<\/strong> Carcasa negra + lente transparente<br \/>\n<strong>Color de la luz:<\/strong> Blanco fr\u00edo<br \/>\n<strong>Tipo de bombilla:<\/strong> H11<br \/>\n<strong>Potencia:<\/strong> 55W<br \/>\n<strong>N\u00famero de referencia :<\/strong> 261508993B \/ NI2590103\/ 261508992B\/ 261508999B\/ 261508990B\/ 26150-8990B<br \/>\n<strong>Material:<\/strong> Carcasa de ABS + lente de cristal aut\u00e9ntico<br \/>\n<strong>Peso:<\/strong> 440g<\/p>","protected":false},"featured_media":41904,"comment_status":"open","ping_status":"closed","template":"","meta":{"_acf_changed":false,"om_disable_all_campaigns":false,"inline_featured_image":false,"_mi_skip_tracking":false,"_monsterinsights_sitenote_active":false,"_monsterinsights_sitenote_note":"","_monsterinsights_sitenote_category":0},"product_brand":[],"product_cat":[554],"product_tag":[135147],"class_list":{"0":"post-41903","1":"product","2":"type-product","3":"status-publish","4":"has-post-thumbnail","6":"product_cat-fog-lights-automotive-lighting","7":"product_tag-warehouse-location-united-states","8":"product_shipping_class-us-stock-flat","9":"pa_compatibility-2015-ford-mustang","11":"first","12":"instock","13":"sale","14":"featured","15":"shipping-taxable","16":"purchasable","17":"product-type-simple"},"acf":[],"aioseo_notices":[],"_links":{"self":[{"href":"https:\/\/siemid.com\/es\/wp-json\/wp\/v2\/product\/41903","targetHints":{"allow":["GET"]}}],"collection":[{"href":"https:\/\/siemid.com\/es\/wp-json\/wp\/v2\/product"}],"about":[{"href":"https:\/\/siemid.com\/es\/wp-json\/wp\/v2\/types\/product"}],"replies":[{"embeddable":true,"href":"https:\/\/siemid.com\/es\/wp-json\/wp\/v2\/comments?post=41903"}],"wp:featuredmedia":[{"embeddable":true,"href":"https:\/\/siemid.com\/es\/wp-json\/wp\/v2\/media\/41904"}],"wp:attachment":[{"href":"https:\/\/siemid.com\/es\/wp-json\/wp\/v2\/media?parent=41903"}],"wp:term":[{"taxonomy":"product_brand","embeddable":true,"href":"https:\/\/siemid.com\/es\/wp-json\/wp\/v2\/product_brand?post=41903"},{"taxonomy":"product_cat","embeddable":true,"href":"https:\/\/siemid.com\/es\/wp-json\/wp\/v2\/product_cat?post=41903"},{"taxonomy":"product_tag","embeddable":true,"href":"https:\/\/siemid.com\/es\/wp-json\/wp\/v2\/product_tag?post=41903"}],"curies":[{"name":"wp","href":"https:\/\/api.w.org\/{rel}","templated":true}]}}