{"id":40378,"date":"2023-12-05T11:42:42","date_gmt":"2023-12-05T11:42:42","guid":{"rendered":"https:\/\/siemid.com\/?post_type=product&#038;p=40378"},"modified":"2026-04-17T08:06:18","modified_gmt":"2026-04-17T08:06:18","slug":"black-fog-light-cover-bezel-grille-bumper-insert-lh-driver-side-for-bmw-5-series","status":"publish","type":"product","link":"https:\/\/siemid.com\/fr\/produit\/black-fog-light-cover-bezel-grille-bumper-insert-lh-driver-side-for-bmw-5-series\/","title":{"rendered":"Cache phare antibrouillard noir Grille de pare-chocs c\u00f4t\u00e9 conducteur gauche pour BMW S\u00e9rie 5"},"content":{"rendered":"<p>Adaptation<\/br>Veuillez v\u00e9rifier le filtre d'adaptation automobile sup\u00e9rieur et la description pour voir si cet article fonctionnera sur votre v\u00e9hicule avant de l'acheter !<\/br><\/br>Condition<\/br>100% Neuf dans son emballage d'usine, jamais utilis\u00e9 ni install\u00e9. garantit la qualit\u00e9 et la performance du produit.<\/br><\/br>Apparence<\/br>Couleur : <\/br><\/br>Position<\/br>Emplacement sur le v\u00e9hicule : Avant, gauche<\/br><\/br>Num\u00e9ro de pi\u00e8ce<\/br>104-59286L,LHT00115,BM1038109,51117049243<\/br><\/br>Conseil d'installation<\/br>Garder&amp;R<\/br><\/br>Type<\/br>Lunette antibrouillard<\/br><\/br>Garantie<\/br>: Utilisez votre mat\u00e9riel, le nouveau mat\u00e9riel n'est pas inclus dans cet article.<\/p>","protected":false},"excerpt":{"rendered":"<p>Adaptation:Veuillez v\u00e9rifier le filtre d'adaptation automobile sup\u00e9rieur et la description pour voir si cet article fonctionnera sur votre v\u00e9hicule avant de l'acheter !<br \/>\nEmplacement sur le v\u00e9hicule : Avant, gauche<br \/>\nPart_Number:104-59286L,LHT00115,BM1038109,51117049243<br \/>\nConseil d'installation:Gardez&amp;R<br \/>\nType:Lunette antibrouillard<\/p>","protected":false},"featured_media":40436,"comment_status":"open","ping_status":"closed","template":"","meta":{"_acf_changed":false,"om_disable_all_campaigns":false,"inline_featured_image":false,"_mi_skip_tracking":false,"_monsterinsights_sitenote_active":false,"_monsterinsights_sitenote_note":"","_monsterinsights_sitenote_category":0},"product_brand":[],"product_cat":[534],"product_tag":[135147],"class_list":{"0":"post-40378","1":"product","2":"type-product","3":"status-publish","4":"has-post-thumbnail","6":"product_cat-light-covers","7":"product_tag-warehouse-location-united-states","8":"product_shipping_class-us-stock-flat","10":"first","11":"instock","12":"sale","13":"featured","14":"shipping-taxable","15":"purchasable","16":"product-type-simple"},"acf":[],"aioseo_notices":[],"_links":{"self":[{"href":"https:\/\/siemid.com\/fr\/wp-json\/wp\/v2\/product\/40378","targetHints":{"allow":["GET"]}}],"collection":[{"href":"https:\/\/siemid.com\/fr\/wp-json\/wp\/v2\/product"}],"about":[{"href":"https:\/\/siemid.com\/fr\/wp-json\/wp\/v2\/types\/product"}],"replies":[{"embeddable":true,"href":"https:\/\/siemid.com\/fr\/wp-json\/wp\/v2\/comments?post=40378"}],"wp:featuredmedia":[{"embeddable":true,"href":"https:\/\/siemid.com\/fr\/wp-json\/wp\/v2\/media\/40436"}],"wp:attachment":[{"href":"https:\/\/siemid.com\/fr\/wp-json\/wp\/v2\/media?parent=40378"}],"wp:term":[{"taxonomy":"product_brand","embeddable":true,"href":"https:\/\/siemid.com\/fr\/wp-json\/wp\/v2\/product_brand?post=40378"},{"taxonomy":"product_cat","embeddable":true,"href":"https:\/\/siemid.com\/fr\/wp-json\/wp\/v2\/product_cat?post=40378"},{"taxonomy":"product_tag","embeddable":true,"href":"https:\/\/siemid.com\/fr\/wp-json\/wp\/v2\/product_tag?post=40378"}],"curies":[{"name":"wp","href":"https:\/\/api.w.org\/{rel}","templated":true}]}}