{"id":40381,"date":"2023-12-05T11:42:43","date_gmt":"2023-12-05T11:42:43","guid":{"rendered":"https:\/\/siemid.com\/?post_type=product&#038;p=40381"},"modified":"2026-04-15T12:07:09","modified_gmt":"2026-04-15T12:07:09","slug":"front-outer-fog-light-cover-finisher-trim-left-right-set-for-nissan","status":"publish","type":"product","link":"https:\/\/siemid.com\/fr\/produit\/front-outer-fog-light-cover-finisher-trim-left-right-set-for-nissan\/","title":{"rendered":"Cache feux anti-brouillard avant gauche et droit pour Nissan"},"content":{"rendered":"<p>Adaptation<\/br>Veuillez v\u00e9rifier le filtre d'adaptation automobile sup\u00e9rieur et la description pour voir si cet article fonctionnera sur votre v\u00e9hicule avant de l'acheter !<\/br><\/br>Condition<\/br>100% Neuf dans son emballage d'usine, jamais utilis\u00e9 ni install\u00e9. garantit la qualit\u00e9 et la performance du produit.<\/br><\/br>Item_Offered<\/br>Quantit\u00e9 : 2 pi\u00e8ces<\/br><\/br>Position<\/br>Placement sur le v\u00e9hicule : Avant, gauche, droite<\/br><\/br>Num\u00e9ro de pi\u00e8ce<\/br>62256EA000,NSBMK00016<\/br><\/br>Conseil d'installation<\/br>Garder&amp;R<\/br><\/br>Type<\/br>Jeu de couvercles de trous de brouillard<\/br><\/br>Garantie<\/br>Garantie du fabricant : Ann\u00e9e<\/br><\/br>Fonctionnalit\u00e9<\/br>Utilisez votre quincaillerie, la nouvelle quincaillerie n'est pas incluse dans cet article.<\/p>","protected":false},"excerpt":{"rendered":"<p>Adaptation:Veuillez v\u00e9rifier le filtre d'adaptation automobile sup\u00e9rieur et la description pour voir si cet article fonctionnera sur votre v\u00e9hicule avant de l'acheter !<br \/>\nQuantit\u00e9 : 2 pi\u00e8ces<br \/>\nPlacement sur le v\u00e9hicule : Avant, gauche, droite<br \/>\nPart_Number:62256EA000,NSBMK00016<br \/>\nConseil d'installation:Gardez&amp;R<\/p>","protected":false},"featured_media":40460,"comment_status":"open","ping_status":"closed","template":"","meta":{"_acf_changed":false,"om_disable_all_campaigns":false,"inline_featured_image":false,"_mi_skip_tracking":false,"_monsterinsights_sitenote_active":false,"_monsterinsights_sitenote_note":"","_monsterinsights_sitenote_category":0},"product_brand":[],"product_cat":[534],"product_tag":[135147],"class_list":{"0":"post-40381","1":"product","2":"type-product","3":"status-publish","4":"has-post-thumbnail","6":"product_cat-light-covers","7":"product_tag-warehouse-location-united-states","8":"product_shipping_class-us-stock-flat","10":"first","11":"instock","12":"sale","13":"featured","14":"shipping-taxable","15":"purchasable","16":"product-type-simple"},"acf":[],"aioseo_notices":[],"_links":{"self":[{"href":"https:\/\/siemid.com\/fr\/wp-json\/wp\/v2\/product\/40381","targetHints":{"allow":["GET"]}}],"collection":[{"href":"https:\/\/siemid.com\/fr\/wp-json\/wp\/v2\/product"}],"about":[{"href":"https:\/\/siemid.com\/fr\/wp-json\/wp\/v2\/types\/product"}],"replies":[{"embeddable":true,"href":"https:\/\/siemid.com\/fr\/wp-json\/wp\/v2\/comments?post=40381"}],"wp:featuredmedia":[{"embeddable":true,"href":"https:\/\/siemid.com\/fr\/wp-json\/wp\/v2\/media\/40460"}],"wp:attachment":[{"href":"https:\/\/siemid.com\/fr\/wp-json\/wp\/v2\/media?parent=40381"}],"wp:term":[{"taxonomy":"product_brand","embeddable":true,"href":"https:\/\/siemid.com\/fr\/wp-json\/wp\/v2\/product_brand?post=40381"},{"taxonomy":"product_cat","embeddable":true,"href":"https:\/\/siemid.com\/fr\/wp-json\/wp\/v2\/product_cat?post=40381"},{"taxonomy":"product_tag","embeddable":true,"href":"https:\/\/siemid.com\/fr\/wp-json\/wp\/v2\/product_tag?post=40381"}],"curies":[{"name":"wp","href":"https:\/\/api.w.org\/{rel}","templated":true}]}}