{"id":40481,"date":"2023-12-06T09:39:43","date_gmt":"2023-12-06T09:39:43","guid":{"rendered":"https:\/\/siemid.com\/?post_type=product&#038;p=40481"},"modified":"2026-05-04T05:55:22","modified_gmt":"2026-05-04T05:55:22","slug":"black-fog-light-cover-bezel-grille-bumper-insert-lh-driver-side-for-kia-optima-%e5%a4%8d%e5%88%b6","status":"publish","type":"product","link":"https:\/\/siemid.com\/fr\/produit\/black-fog-light-cover-bezel-grille-bumper-insert-lh-driver-side-for-kia-optima-%e5%a4%8d%e5%88%b6\/","title":{"rendered":"Feu antibrouillard LED nouvelle g\u00e9n\u00e9ration pour Ford Focus Escort Edge Ecosport Explorer Raptor C-MAX FIESTA FUSION Ranger Taurus X TRANSIT TOURNEO 2010 2011 2012 2013 14 15 16 17 2019 20 2021 22"},"content":{"rendered":"<h2 class=\"default\">Description du produit<\/h2>\n<div id=\"productDescription\" class=\"a-section a-spacing-small\">\n<p>Cet article est une pi\u00e8ce de rechange pour les feux antibrouillard pr\u00e9-install\u00e9s. Ce sont les nouveaux feux antibrouillard \u00e0 LED qui remplacent les feux halog\u00e8nes d'origine ! L'angle d'illumination est tr\u00e8s large (130 degr\u00e9s \u00e0 gauche et \u00e0 droite), et la ligne de coupure est claire et nette.Approbation ECE F3 SAE DOT.Ces feux seraient parfaits pour vous en tant que mise \u00e0 niveau LED, en particulier pour noircir votre v\u00e9hicule. Vous recevez les deux phares antibrouillard. Si vous souhaitez am\u00e9liorer l'apparence de votre v\u00e9hicule ou si vous souhaitez plus de clart\u00e9 lorsque vous conduisez, quelles que soient les conditions m\u00e9t\u00e9orologiques, ces feux pourraient vous aider dans les deux situations. Cela am\u00e9liorera la visibilit\u00e9 pendant la nuit, le brouillard dense, les fortes pluies et la neige.<\/p>\n<p><strong><span class=\"a-text-bold\">Les caract\u00e9ristiques comprennent<\/span><\/strong><br \/>\n.Come Complet<br \/>\no Ampoules LED haute puissance.<br \/>\no Angle de couverture tr\u00e8s large.<br \/>\no R\u00e9utiliser le mat\u00e9riel existant.<br \/>\n<strong><span class=\"a-text-bold\">REMPLACE LES FEUX ANTIBROUILLARD HALOG\u00c8NES D'ORIGINE NUM\u00c9ROS<\/span><\/strong><br \/>\n1209177 1209077 620662<br \/>\n4709052 8321A097 5001874722<br \/>\n26155-00Q0A 35500-63J00 35500-63J03<br \/>\n088358 26150-VD300 26150-EB500<br \/>\n35500-63J02<br \/>\n6710027<br \/>\n8200074008<br \/>\nJB3B-15201-AC<br \/>\n<strong><span class=\"a-text-bold\">CONVIENT :<\/span><\/strong><br \/>\n<strong><span class=\"a-text-bold\">FORD<\/span><\/strong><br \/>\nFocus 2004-2014<br \/>\nEscort 2015-2017<br \/>\nFiesta 2002-2012<br \/>\nEdge 2015-2017<br \/>\nEcosport 2003-2016<br \/>\nExplorer 2011-2015<br \/>\nRaptor 2011-2016<br \/>\nIkon<br \/>\nC-MAX II 2010<br \/>\nFIESTA V 2001-2010<br \/>\nFIESTA VI 2008<br \/>\nFOCUS II 2004-2012<br \/>\nFOCUS II Saloon 2005<br \/>\nFOCUS II Turnier 2004-2012<br \/>\nFUSION 2013-2016<br \/>\nMondeo 2013-2016<br \/>\nFord Freestyle 2005-2007<br \/>\nFord Taurus X 2008-2009<br \/>\nC-MAX 2013-2018<br \/>\nTransport en commun 2010-2020<br \/>\nTransit Connect 2010-2020<br \/>\nTransit 250 2015-2021<br \/>\nVM du transport en commun 2006-2013<br \/>\nTRANSIT MK6 2000-2005<br \/>\nTRANSIT MK7 2000-2005<br \/>\nTRANSIT MK8 2014-2019<br \/>\nTOURNEO CONNECT 2002-2013<br \/>\nBRONCO 2021<br \/>\nRANGER 2019-2022<br \/>\nEdge 2015-2017<\/p>\n<\/div>","protected":false},"excerpt":{"rendered":"<ul class=\"a-unordered-list a-vertical a-spacing-mini\">\n<li class=\"a-spacing-mini\"><span class=\"a-list-item\">L'utilisation de la lentille LED la plus avanc\u00e9e - lentille \u00e0 point focal. Contrairement au verre traditionnel, la lentille \u00e0 point focal utilise un processus de moulage par injection de plastique, de sorte que la surface courbe complexe calcul\u00e9e par l'ordinateur peut \u00eatre form\u00e9e. La lentille \u00e0 point focal utilise une conception hyperbolo\u00efde, qui a une efficacit\u00e9 optique plus \u00e9lev\u00e9e et un type de lumi\u00e8re plus large, de sorte que ce type de lentille peut r\u00e9aliser la fonction de feu antibrouillard et la fonction d'\u00e9clairage auxiliaire de la courbe en m\u00eame temps.<\/span><\/li>\n<\/ul>\n<ul class=\"a-unordered-list a-vertical a-spacing-mini\">\n<li class=\"a-spacing-mini\"><span class=\"a-list-item\">Ce feu antibrouillard est compatible avec la plupart des trous de montage et des interfaces d'ampoules halog\u00e8nes pour voitures Ford (H11 H9 H8) sur le march\u00e9, et il a une grande polyvalence et est tr\u00e8s pratique pour les mises \u00e0 niveau et les modifications.<\/span><\/li>\n<li class=\"a-spacing-mini\"><span class=\"a-list-item\">Siemid Autolights - Concentration sur la recherche, le d\u00e9veloppement et la fabrication de lampes automobiles. L'essence de l'industrie, la tendance de l'industrie ! Nous nous engageons \u00e0 fabriquer des produits s\u00fbrs et satisfaisants pour les consommateurs. Nous vous invitons \u00e0 choisir.<\/span><\/li>\n<li class=\"a-spacing-mini\"><span class=\"a-list-item\">Haute qualit\u00e9, garantie d'un an.<\/span><\/li>\n<li class=\"a-spacing-mini\"><span class=\"a-list-item\">Emballage : deux paquets<\/span><\/li>\n<\/ul>","protected":false},"featured_media":40472,"comment_status":"open","ping_status":"closed","template":"","meta":{"_acf_changed":false,"om_disable_all_campaigns":false,"inline_featured_image":false,"_mi_skip_tracking":false,"_monsterinsights_sitenote_active":false,"_monsterinsights_sitenote_note":"","_monsterinsights_sitenote_category":0},"product_brand":[],"product_cat":[554],"product_tag":[135147],"class_list":{"0":"post-40481","1":"product","2":"type-product","3":"status-publish","4":"has-post-thumbnail","6":"product_cat-fog-lights-automotive-lighting","7":"product_tag-warehouse-location-united-states","8":"product_shipping_class-us-stock-flat","9":"pa_compatibility-2000-ford-transit-mk6","10":"pa_compatibility-2000-ford-transit-mk7","11":"pa_compatibility-2001-ford-fiesta","12":"pa_compatibility-2003-ford-ecosport","13":"pa_compatibility-2004-ford-focus","14":"pa_compatibility-2005-ford-freestyle","15":"pa_compatibility-2006-ford-transit-vm","16":"pa_compatibility-2008-ford-taurus-x","17":"pa_compatibility-2010-ford-c-max","18":"pa_compatibility-2010-ford-transit","19":"pa_compatibility-2010-ford-transit-connect","20":"pa_compatibility-2011-ford-explorer","21":"pa_compatibility-2013-ford-fusion","22":"pa_compatibility-2013-ford-mondeo","23":"pa_compatibility-2014-ford-transit-mk8","24":"pa_compatibility-2015-ford-edge","25":"pa_compatibility-2015-ford-escort","26":"pa_compatibility-2015-ford-transit-250-2","27":"pa_compatibility-2019-ford-ranger","28":"pa_compatibility-2021-ford-bronco","30":"first","31":"instock","32":"sale","33":"featured","34":"shipping-taxable","35":"purchasable","36":"product-type-simple"},"acf":[],"aioseo_notices":[],"_links":{"self":[{"href":"https:\/\/siemid.com\/fr\/wp-json\/wp\/v2\/product\/40481","targetHints":{"allow":["GET"]}}],"collection":[{"href":"https:\/\/siemid.com\/fr\/wp-json\/wp\/v2\/product"}],"about":[{"href":"https:\/\/siemid.com\/fr\/wp-json\/wp\/v2\/types\/product"}],"replies":[{"embeddable":true,"href":"https:\/\/siemid.com\/fr\/wp-json\/wp\/v2\/comments?post=40481"}],"wp:featuredmedia":[{"embeddable":true,"href":"https:\/\/siemid.com\/fr\/wp-json\/wp\/v2\/media\/40472"}],"wp:attachment":[{"href":"https:\/\/siemid.com\/fr\/wp-json\/wp\/v2\/media?parent=40481"}],"wp:term":[{"taxonomy":"product_brand","embeddable":true,"href":"https:\/\/siemid.com\/fr\/wp-json\/wp\/v2\/product_brand?post=40481"},{"taxonomy":"product_cat","embeddable":true,"href":"https:\/\/siemid.com\/fr\/wp-json\/wp\/v2\/product_cat?post=40481"},{"taxonomy":"product_tag","embeddable":true,"href":"https:\/\/siemid.com\/fr\/wp-json\/wp\/v2\/product_tag?post=40481"}],"curies":[{"name":"wp","href":"https:\/\/api.w.org\/{rel}","templated":true}]}}