{"id":40483,"date":"2023-12-09T03:06:45","date_gmt":"2023-12-09T03:06:45","guid":{"rendered":"https:\/\/siemid.com\/?post_type=product&#038;p=40483"},"modified":"2025-10-09T17:38:56","modified_gmt":"2025-10-09T17:38:56","slug":"new-generation-led-fog-lamp-light-upgrade-for-toyota-4runner-tacoma-tundra-rav4-c-hr-highlander-venza-sienna-scion-xa-2005-06-07-2008-2009-2010-2011-2012-2013-2014-2015-2016-2017-2018-2019-2020","status":"publish","type":"product","link":"https:\/\/siemid.com\/fr\/produit\/new-generation-led-fog-lamp-light-upgrade-for-toyota-4runner-tacoma-tundra-rav4-c-hr-highlander-venza-sienna-scion-xa-2005-06-07-2008-2009-2010-2011-2012-2013-2014-2015-2016-2017-2018-2019-2020\/","title":{"rendered":"Lampe antibrouillard LED nouvelle g\u00e9n\u00e9ration pour Toyota 4Runner Tacoma Tundra RAV4 C-HR Highlander Venza Sienna Scion xA 2005 06 07 2008 2009 2010 2011 2012 2013 2014 2015 2016 2017 2018 2019 2020"},"content":{"rendered":"<h2 class=\"default\">Description du produit<\/h2>\n<div id=\"productDescription\" class=\"a-section a-spacing-small\">\n<p>Feu antibrouillard \u00e0 LED de nouvelle g\u00e9n\u00e9ration pour les voitures Toyota. Cet article est une pi\u00e8ce de remplacement pour les feux antibrouillard d\u00e9j\u00e0 install\u00e9s. Il s'agit des nouveaux feux antibrouillard \u00e0 LED qui remplacent les feux halog\u00e8nes d'origine ! L'angle d'illumination est tr\u00e8s large (120 degr\u00e9s \u00e0 gauche et \u00e0 droite), et la ligne de coupure est claire et nette.Approbation ECE F3 SAE DOT. Vous recevez les deux phares antibrouillard. Si vous souhaitez am\u00e9liorer l'apparence de votre v\u00e9hicule ou si vous souhaitez plus de clart\u00e9 lorsque vous conduisez, quelles que soient les conditions m\u00e9t\u00e9orologiques, ces feux peuvent vous aider dans les deux situations. Cela am\u00e9liorera la visibilit\u00e9 pendant la nuit, le brouillard dense, les fortes pluies et la neige.<br \/>\n<strong><span class=\"a-text-bold\">Les caract\u00e9ristiques comprennent<\/span><\/strong><br \/>\n.Come Complet<br \/>\no Ampoules LED haute puissance.<br \/>\no Angle de couverture tr\u00e8s large.<br \/>\no R\u00e9utiliser le mat\u00e9riel existant.<br \/>\n<strong><span class=\"a-text-bold\">REMPLACE LES FEUX ANTIBROUILLARD HALOG\u00c8NES D'ORIGINE NUM\u00c9ROS<\/span><\/strong><br \/>\n81220-02160 81220-48050 81210-02160 81210-48050<br \/>\n812100D040 812100D041 812100D042 8121006071<br \/>\n11336DT 711336D 711336DQ 81210-06071 810260W020<br \/>\n8122006070 812200D041 812200D042 SC2592100<br \/>\n810250W020 8121006070 812100607 SC2593100 TO2593123<br \/>\n<strong><span class=\"a-text-bold\">Convient :<\/span><\/strong><br \/>\nPour Tacoma 2012-2021<br \/>\nPour RAV4 2006-2012<br \/>\nPour RAV4 2016-2021<br \/>\nPour 4Runner 2010-2022<br \/>\nPour Tundra 2014-2020<br \/>\nPour Highlander 2010-2021<br \/>\nPour le C-HR 2018-2019<br \/>\nPour Venza 2009-2016<br \/>\nPour Sienna 2011-2020<br \/>\nPour Scion xA 2006<br \/>\nPour Camry 2007-2014<br \/>\nPour Corolla 2009-2016<br \/>\nPour Yaris 2007-2018<br \/>\nPour l'Avalon 2008-2015<br \/>\nPour Matrix 2009-2014<br \/>\nPour Prius 2010-2015<br \/>\nPour Prius C 2012-2015<br \/>\nPour Prius V 2012-2017<br \/>\nPour PRIUS PLUG-IN 2014-2015<br \/>\nPour Solara 2007-2008<br \/>\nPour Reiz 2013-2018<br \/>\nPour Vios 2014-2016<br \/>\n<strong><span class=\"a-text-bold\">Convient \u00e0 LEXUS :<\/span><\/strong><br \/>\nCT200H 2011-2017<br \/>\nES300h 2013-2019<br \/>\nGS200t 2016-2017<br \/>\nGS300 2018-2019<br \/>\nGS350 2013-2020<br \/>\nGS450H 2014-2015<br \/>\nRX450h 2010-2019<br \/>\nES350 2013-2018<br \/>\nIS250 2011-2015<br \/>\nIS300 2016<br \/>\nIS350 2011-2016<br \/>\nNX200T 2015-2017<br \/>\nRX350 2009-2019<br \/>\nGS450H 2013-2018<br \/>\nHS250H 2010-2012<br \/>\nIS F 2008-2014<br \/>\nLX570 2008-2015<\/p>\n<\/div>","protected":false},"excerpt":{"rendered":"<ul class=\"a-unordered-list a-vertical a-spacing-mini\">\n<li class=\"a-spacing-mini\"><span class=\"a-list-item\">L'utilisation de la lentille LED la plus avanc\u00e9e - lentille \u00e0 point focal. Contrairement au verre traditionnel, la lentille \u00e0 point focal utilise un processus de moulage par injection de plastique, de sorte que la surface courbe complexe calcul\u00e9e par l'ordinateur peut \u00eatre form\u00e9e. La lentille \u00e0 point focal utilise une conception hyperbolo\u00efde, qui a une efficacit\u00e9 optique plus \u00e9lev\u00e9e et un type de lumi\u00e8re plus large, de sorte que ce type de lentille peut r\u00e9aliser la fonction de feu antibrouillard et la fonction d'\u00e9clairage auxiliaire de la courbe en m\u00eame temps.<\/span><\/li>\n<li class=\"a-spacing-mini\"><span class=\"a-list-item\">Ce feu antibrouillard est compatible avec la plupart des trous de montage des feux antibrouillard \u00e0 ampoule halog\u00e8ne et l'interface de l'ampoule (H11) des voitures Toyota sur le march\u00e9, et il a une grande polyvalence et est tr\u00e8s pratique pour les mises \u00e0 niveau et les modifications.<\/span><\/li>\n<li class=\"a-spacing-mini\"><span class=\"a-list-item\">Siemid Autolights - Concentration sur la recherche, le d\u00e9veloppement et la fabrication de lampes automobiles. L'essence de l'industrie, la tendance de l'industrie ! Nous nous engageons \u00e0 fabriquer des produits s\u00fbrs et satisfaisants pour les consommateurs. Nous vous invitons \u00e0 choisir.<\/span><\/li>\n<li class=\"a-spacing-mini\"><span class=\"a-list-item\">Haute qualit\u00e9, garantie d'un an Emballage : deux paquets<\/span><\/li>\n<li class=\"a-spacing-mini\"><span class=\"a-list-item\">La lampe \u00e0 cadre chrom\u00e9 et la lampe \u00e0 cadre noir ne diff\u00e8rent que par leur apparence, la taille d'installation est la m\u00eame et les v\u00e9hicules concern\u00e9s sont tous les m\u00eames.<\/span><\/li>\n<\/ul>","protected":false},"featured_media":40484,"comment_status":"open","ping_status":"closed","template":"","meta":{"_acf_changed":false,"om_disable_all_campaigns":false,"inline_featured_image":false,"_mi_skip_tracking":false,"_monsterinsights_sitenote_active":false,"_monsterinsights_sitenote_note":"","_monsterinsights_sitenote_category":0},"product_brand":[],"product_cat":[554],"product_tag":[135147],"class_list":{"0":"post-40483","1":"product","2":"type-product","3":"status-publish","4":"has-post-thumbnail","6":"product_cat-fog-lights-automotive-lighting","7":"product_tag-warehouse-location-united-states","8":"product_shipping_class-us-stock-flat","9":"pa_compatibility-2006-toyota-rav4","10":"pa_compatibility-2006-toyota-scion-xa","11":"pa_compatibility-2007-toyota-camry","12":"pa_compatibility-2007-toyota-corolla","13":"pa_compatibility-2007-toyota-solara","14":"pa_compatibility-2007-toyota-yaris","15":"pa_compatibility-2008-is-f","16":"pa_compatibility-2008-lexus-lx570","17":"pa_compatibility-2008-toyota-avalon","18":"pa_compatibility-2009-lexus-rx350","19":"pa_compatibility-2009-toyota-matrix","20":"pa_compatibility-2009-toyota-venza","21":"pa_compatibility-2010-hs250h","22":"pa_compatibility-2010-lexus-rx450h","23":"pa_compatibility-2010-toyota-4runner","24":"pa_compatibility-2010-toyota-highlander","25":"pa_compatibility-2011-lexus-ct200h","26":"pa_compatibility-2011-lexus-is250","27":"pa_compatibility-2011-lexus-is350","28":"pa_compatibility-2011-toyota-sienna","29":"pa_compatibility-2012-toyota-prius","30":"pa_compatibility-2012-toyota-prius-c","31":"pa_compatibility-2012-toyota-prius-v","32":"pa_compatibility-2012-toyota-tacoma","33":"pa_compatibility-2013-lexus-es300h","34":"pa_compatibility-2013-lexus-es350","35":"pa_compatibility-2013-lexus-gs350","36":"pa_compatibility-2013-lexus-gs450h","37":"pa_compatibility-2014-lexus-gs450h","38":"pa_compatibility-2014-toyota-prius-plug-in","39":"pa_compatibility-2014-toyota-tundra","40":"pa_compatibility-2015-lexus-nx200t","41":"pa_compatibility-2016-lexus-gs200t","42":"pa_compatibility-2016-lexus-is300","43":"pa_compatibility-2018-lexus-gs300","44":"pa_compatibility-2018-toyota-c-hr","46":"first","47":"instock","48":"sale","49":"featured","50":"shipping-taxable","51":"purchasable","52":"product-type-simple"},"acf":[],"aioseo_notices":[],"_links":{"self":[{"href":"https:\/\/siemid.com\/fr\/wp-json\/wp\/v2\/product\/40483","targetHints":{"allow":["GET"]}}],"collection":[{"href":"https:\/\/siemid.com\/fr\/wp-json\/wp\/v2\/product"}],"about":[{"href":"https:\/\/siemid.com\/fr\/wp-json\/wp\/v2\/types\/product"}],"replies":[{"embeddable":true,"href":"https:\/\/siemid.com\/fr\/wp-json\/wp\/v2\/comments?post=40483"}],"wp:featuredmedia":[{"embeddable":true,"href":"https:\/\/siemid.com\/fr\/wp-json\/wp\/v2\/media\/40484"}],"wp:attachment":[{"href":"https:\/\/siemid.com\/fr\/wp-json\/wp\/v2\/media?parent=40483"}],"wp:term":[{"taxonomy":"product_brand","embeddable":true,"href":"https:\/\/siemid.com\/fr\/wp-json\/wp\/v2\/product_brand?post=40483"},{"taxonomy":"product_cat","embeddable":true,"href":"https:\/\/siemid.com\/fr\/wp-json\/wp\/v2\/product_cat?post=40483"},{"taxonomy":"product_tag","embeddable":true,"href":"https:\/\/siemid.com\/fr\/wp-json\/wp\/v2\/product_tag?post=40483"}],"curies":[{"name":"wp","href":"https:\/\/api.w.org\/{rel}","templated":true}]}}