{"id":40491,"date":"2023-12-09T06:34:00","date_gmt":"2023-12-09T06:34:00","guid":{"rendered":"https:\/\/siemid.com\/?post_type=product&#038;p=40491"},"modified":"2024-01-08T18:06:39","modified_gmt":"2024-01-08T18:06:39","slug":"siemid-neue-generation-led-nebelscheinwerfer-paar-fur-ford-focus-mk2-3-fiesta-mk6-7-8-escort-edge-ecosport-explorer-raptor-c-max-fusion-ranger-taurus-x-transit-2001-2010-2011-2012-2013-14-15-16-17","status":"publish","type":"product","link":"https:\/\/siemid.com\/fr\/produit\/siemid-neue-generation-led-nebelscheinwerfer-paar-fur-ford-focus-mk2-3-fiesta-mk6-7-8-escort-edge-ecosport-explorer-raptor-c-max-fusion-ranger-taurus-x-transit-2001-2010-2011-2012-2013-14-15-16-17\/","title":{"rendered":"Siemid Neue Generation LED Nebelscheinwerfer Paar f??r Ford Focus MK2 3 FIESTA MK6 7 8 Escort Edge Ecosport Explorer Raptor C-MAX FUSION Ranger Taurus X TRANSIT 2001-2010 2011 2012 2013 14 15 16 17"},"content":{"rendered":"<div class=\"a-expander-content a-expander-partial-collapse-content a-expander-content-expanded\" aria-expanded=\"true\">\n<div id=\"productDescription\" class=\"a-section a-spacing-small\">\n<p>Avec nos LED, vous obtenez \u00e9galement des nuages brillants. Les LED Cree Chip de haute qualit\u00e9 offrent une vue d\u00e9gag\u00e9e, un \u00e9clairage et une s\u00e9curit\u00e9 dans votre v\u00e9hicule. Gr\u00e2ce \u00e0 un montage Plug&amp;Play facile \u00e0 utiliser, les ampoules \u00e0 l'aspect l\u00e9ch\u00e9 ne n\u00e9cessitent que peu de manipulations et peuvent \u00eatre install\u00e9es sur-le-champ.<br \/>\nDonnez \u00e0 votre v\u00e9hicule une touche sportive et \u00e9l\u00e9gante tout en prolongeant sa dur\u00e9e de vie.<br \/>\n<strong>Tels sont vos objectifs :<\/strong><br \/>\n- Beleuchtung klare und besonders gleichm??ige<br \/>\n- lange Lebensdauer<br \/>\n- pas d'effet de levier<br \/>\n- im Stra?enverkehr zugelassen<br \/>\n- einfache Plug&amp;Play-Montage<br \/>\n<strong>Passend f??r :<\/strong><br \/>\nFORD<br \/>\nFocus 2004-2014<br \/>\nMK2 2005-2008<br \/>\nMK3 2011-2015<br \/>\nFiesta 2002-2012<br \/>\nMK6 2002-2009<br \/>\nMK6.5 2005-2008<br \/>\nMK7 2008-2013<br \/>\nMK7 zetec 2008-2013<br \/>\nMK7.5 st 2014-2018<br \/>\nST MK8 2012-2017<br \/>\nEscort 2015-2017<br \/>\nMondeo 2013-2016<br \/>\nEdge 2015-2017<br \/>\nEcosport 20032016<br \/>\nExplorer 2002-2014<br \/>\nRaptor 2011-2016<br \/>\nIkon<br \/>\nFIESTA V 2001-2010<br \/>\nFIESTA VI 2008<br \/>\nFOCUS II 2004-2012<br \/>\nFOCUS II Saloon 2005<br \/>\nFOCUS II Turnier 2004-2012<br \/>\nFUSION 2002-2012<br \/>\nFord Freestyle 2005-2007<br \/>\nFord Ranger2005-2011<br \/>\nFord Taurus X 2008-2009<br \/>\nC-MAX 2013-2018<br \/>\nTransport en commun 2010-2020<br \/>\nTransit CONNECT 2010-2020<br \/>\nTransit 250 2015-2021<br \/>\nVM du transport en commun 2006-2013<br \/>\nTRANSIT MK6 2000-2005<br \/>\nTRANSIT MK7 2000-2005<br \/>\nTRANSIT MK8 2014-2019<br \/>\nTOURNEO CONNECT 2002-2013<br \/>\nFaucon<\/p>\n<\/div>\n<\/div>\n<div id=\"productDescription_expander-expand_collapse_link\" class=\"a-expander-header a-expander-partial-collapse-header celwidget\" data-csa-c-id=\"i1n3ak-d9zvbw-xz19zs-6wlspo\" data-cel-widget=\"productDescription_expander-expand_collapse_link\"><\/div>","protected":false},"excerpt":{"rendered":"<ul class=\"a-unordered-list a-vertical a-spacing-mini\">\n<li class=\"a-spacing-mini\"><span class=\"a-list-item\">L'utilisation de la lentille LED la plus avanc\u00e9e - lentille \u00e0 point focal. Contrairement au verre traditionnel, la lentille \u00e0 point focal utilise un processus de moulage par injection de plastique, de sorte que la surface courbe complexe calcul\u00e9e par l'ordinateur peut \u00eatre form\u00e9e. La lentille \u00e0 point focal utilise une conception hyperbolo\u00efde, qui a une efficacit\u00e9 optique plus \u00e9lev\u00e9e et un type de lumi\u00e8re plus large, de sorte que ce type de lentille peut r\u00e9aliser la fonction de feu antibrouillard et la fonction d'\u00e9clairage auxiliaire de la courbe en m\u00eame temps.<\/span><\/li>\n<\/ul>\n<ul class=\"a-unordered-list a-vertical a-spacing-mini\">\n<li class=\"a-spacing-mini\"><span class=\"a-list-item\">Ce feu antibrouillard est compatible avec la plupart des trous de montage et des interfaces d'ampoules halog\u00e8nes pour voitures Ford (H11 H9 H8) sur le march\u00e9, et il a une grande polyvalence et est tr\u00e8s pratique pour les mises \u00e0 niveau et les modifications.<\/span><\/li>\n<li class=\"a-spacing-mini\"><span class=\"a-list-item\">Siemid Autolights - Concentration sur la recherche, le d\u00e9veloppement et la fabrication de lampes automobiles. L'essence de l'industrie, la tendance de l'industrie ! Nous nous engageons \u00e0 fabriquer des produits s\u00fbrs et satisfaisants pour les consommateurs. Nous vous invitons \u00e0 choisir.<\/span><\/li>\n<li class=\"a-spacing-mini\"><span class=\"a-list-item\">Haute qualit\u00e9, garantie d'un an.<\/span><\/li>\n<li class=\"a-spacing-mini\"><span class=\"a-list-item\">Emballage : deux paquets<\/span><\/li>\n<\/ul>","protected":false},"featured_media":40472,"comment_status":"open","ping_status":"closed","template":"","meta":{"_acf_changed":false,"om_disable_all_campaigns":false,"inline_featured_image":false,"_mi_skip_tracking":false,"_monsterinsights_sitenote_active":false,"_monsterinsights_sitenote_note":"","_monsterinsights_sitenote_category":0},"product_brand":[],"product_cat":[554],"product_tag":[135147],"class_list":{"0":"post-40491","1":"product","2":"type-product","3":"status-publish","4":"has-post-thumbnail","6":"product_cat-fog-lights-automotive-lighting","7":"product_tag-warehouse-location-united-states","8":"product_shipping_class-us-stock-flat","9":"pa_compatibility-2000-ford-transit-mk6","10":"pa_compatibility-2000-ford-transit-mk7","11":"pa_compatibility-2001-ford-fiesta","12":"pa_compatibility-2003-ford-ecosport","13":"pa_compatibility-2004-ford-focus","14":"pa_compatibility-2005-ford-freestyle","15":"pa_compatibility-2006-ford-transit-vm","16":"pa_compatibility-2008-ford-taurus-x","17":"pa_compatibility-2010-ford-c-max","18":"pa_compatibility-2010-ford-transit","19":"pa_compatibility-2010-ford-transit-connect","20":"pa_compatibility-2011-ford-explorer","21":"pa_compatibility-2013-ford-fusion","22":"pa_compatibility-2013-ford-mondeo","23":"pa_compatibility-2014-ford-transit-mk8","24":"pa_compatibility-2015-ford-edge","25":"pa_compatibility-2015-ford-escort","26":"pa_compatibility-2015-ford-transit-250-2","27":"pa_compatibility-2019-ford-ranger","28":"pa_compatibility-2021-ford-bronco","30":"first","31":"instock","32":"sale","33":"shipping-taxable","34":"purchasable","35":"product-type-simple"},"acf":[],"aioseo_notices":[],"_links":{"self":[{"href":"https:\/\/siemid.com\/fr\/wp-json\/wp\/v2\/product\/40491","targetHints":{"allow":["GET"]}}],"collection":[{"href":"https:\/\/siemid.com\/fr\/wp-json\/wp\/v2\/product"}],"about":[{"href":"https:\/\/siemid.com\/fr\/wp-json\/wp\/v2\/types\/product"}],"replies":[{"embeddable":true,"href":"https:\/\/siemid.com\/fr\/wp-json\/wp\/v2\/comments?post=40491"}],"wp:featuredmedia":[{"embeddable":true,"href":"https:\/\/siemid.com\/fr\/wp-json\/wp\/v2\/media\/40472"}],"wp:attachment":[{"href":"https:\/\/siemid.com\/fr\/wp-json\/wp\/v2\/media?parent=40491"}],"wp:term":[{"taxonomy":"product_brand","embeddable":true,"href":"https:\/\/siemid.com\/fr\/wp-json\/wp\/v2\/product_brand?post=40491"},{"taxonomy":"product_cat","embeddable":true,"href":"https:\/\/siemid.com\/fr\/wp-json\/wp\/v2\/product_cat?post=40491"},{"taxonomy":"product_tag","embeddable":true,"href":"https:\/\/siemid.com\/fr\/wp-json\/wp\/v2\/product_tag?post=40491"}],"curies":[{"name":"wp","href":"https:\/\/api.w.org\/{rel}","templated":true}]}}