{"id":40492,"date":"2023-12-09T06:59:32","date_gmt":"2023-12-09T06:59:32","guid":{"rendered":"https:\/\/siemid.com\/?post_type=product&#038;p=40492"},"modified":"2026-04-15T12:06:22","modified_gmt":"2026-04-15T12:06:22","slug":"front-grill-compatible-with-volkswagen-jetta-mk6-2015-2016-2017-insert-bumper-upper-center-grille","status":"publish","type":"product","link":"https:\/\/siemid.com\/fr\/produit\/front-grill-compatible-with-volkswagen-jetta-mk6-2015-2016-2017-insert-bumper-upper-center-grille\/","title":{"rendered":"Grille avant compatible avec Volkswagen Jetta MK6 2015 2016 2017 Insert Bumper Upper Center Grille"},"content":{"rendered":"<h2 class=\"default\">Description du produit<\/h2>\n<div id=\"productDescription\" class=\"a-section a-spacing-small\">\n<p>&gt;&gt;&gt; Excellente qualit\u00e9 : Couleur noire brillante avec garniture chrom\u00e9e, en plastique ABS l\u00e9ger de haute qualit\u00e9, durable et fiable. Haute r\u00e9sistance, r\u00e9sistance aux chocs, \u00e0 la d\u00e9coloration et \u00e0 la rouille.<br \/>\n&gt;&gt;&gt; Fournit une apparence \u00e9l\u00e9gante et personnalis\u00e9e, une protection anti-collision, prot\u00e8ge l'avant de votre v\u00e9hicule, emp\u00eache les mat\u00e9riaux \u00e9trangers de p\u00e9n\u00e9trer dans l'entr\u00e9e d'air et d'endommager le moteur.<br \/>\n&gt;&gt;&gt; Aspect distinctif : Le design unique de la calandre am\u00e9liore l'impact visuel, cr\u00e9e un nouveau look embl\u00e9matique et constitue une excellente am\u00e9lioration pour votre v\u00e9hicule.<br \/>\n&gt;&gt;&gt; L'installation par un professionnel est fortement recommand\u00e9e : Facile \u00e0 installer, aucune modification n'est n\u00e9cessaire, le remplacement se fait directement par boulonnage. Instructions NON incluses.<\/p>\n<\/div>","protected":false},"excerpt":{"rendered":"<ul class=\"a-unordered-list a-vertical a-spacing-mini\">\n<li class=\"a-spacing-mini\"><span class=\"a-list-item\">&gt;&gt;&gt; Excellente qualit\u00e9 : Couleur noire brillante avec garniture chrom\u00e9e, en plastique ABS l\u00e9ger de haute qualit\u00e9, durable et fiable. Haute r\u00e9sistance, r\u00e9sistance aux chocs, \u00e0 la d\u00e9coloration et \u00e0 la rouille.<\/span><\/li>\n<li class=\"a-spacing-mini\"><span class=\"a-list-item\">&gt;&gt;&gt; Fournit une apparence \u00e9l\u00e9gante et personnalis\u00e9e, une protection anti-collision, prot\u00e8ge l'avant de votre v\u00e9hicule, emp\u00eache les mat\u00e9riaux \u00e9trangers de p\u00e9n\u00e9trer dans l'entr\u00e9e d'air et d'endommager le moteur.<\/span><\/li>\n<li class=\"a-spacing-mini\"><span class=\"a-list-item\">&gt;&gt;&gt; Aspect distinctif : Le design unique de la calandre am\u00e9liore l'impact visuel, cr\u00e9e un nouveau look embl\u00e9matique et constitue une excellente am\u00e9lioration pour votre v\u00e9hicule.<\/span><\/li>\n<li class=\"a-spacing-mini\"><span class=\"a-list-item\">&gt;&gt;&gt; L'installation par un professionnel est fortement recommand\u00e9e : Facile \u00e0 installer, aucune modification n'est n\u00e9cessaire, le remplacement se fait directement par boulonnage. Instructions NON incluses.<\/span><\/li>\n<\/ul>","protected":false},"featured_media":40494,"comment_status":"open","ping_status":"closed","template":"","meta":{"_acf_changed":false,"om_disable_all_campaigns":false,"inline_featured_image":false,"_mi_skip_tracking":false,"_monsterinsights_sitenote_active":false,"_monsterinsights_sitenote_note":"","_monsterinsights_sitenote_category":0},"product_brand":[],"product_cat":[587],"product_tag":[135147],"class_list":{"0":"post-40492","1":"product","2":"type-product","3":"status-publish","4":"has-post-thumbnail","6":"product_cat-replacement-grilles","7":"product_tag-warehouse-location-united-states","8":"product_shipping_class-us-stock-flat","9":"pa_compatibility-2015-volkswagen-jetta","11":"first","12":"instock","13":"sale","14":"featured","15":"shipping-taxable","16":"purchasable","17":"product-type-simple"},"acf":[],"aioseo_notices":[],"_links":{"self":[{"href":"https:\/\/siemid.com\/fr\/wp-json\/wp\/v2\/product\/40492","targetHints":{"allow":["GET"]}}],"collection":[{"href":"https:\/\/siemid.com\/fr\/wp-json\/wp\/v2\/product"}],"about":[{"href":"https:\/\/siemid.com\/fr\/wp-json\/wp\/v2\/types\/product"}],"replies":[{"embeddable":true,"href":"https:\/\/siemid.com\/fr\/wp-json\/wp\/v2\/comments?post=40492"}],"wp:featuredmedia":[{"embeddable":true,"href":"https:\/\/siemid.com\/fr\/wp-json\/wp\/v2\/media\/40494"}],"wp:attachment":[{"href":"https:\/\/siemid.com\/fr\/wp-json\/wp\/v2\/media?parent=40492"}],"wp:term":[{"taxonomy":"product_brand","embeddable":true,"href":"https:\/\/siemid.com\/fr\/wp-json\/wp\/v2\/product_brand?post=40492"},{"taxonomy":"product_cat","embeddable":true,"href":"https:\/\/siemid.com\/fr\/wp-json\/wp\/v2\/product_cat?post=40492"},{"taxonomy":"product_tag","embeddable":true,"href":"https:\/\/siemid.com\/fr\/wp-json\/wp\/v2\/product_tag?post=40492"}],"curies":[{"name":"wp","href":"https:\/\/api.w.org\/{rel}","templated":true}]}}