{"id":40527,"date":"2023-12-14T13:29:59","date_gmt":"2023-12-14T13:29:59","guid":{"rendered":"https:\/\/siemid.com\/?post_type=product&#038;p=40527"},"modified":"2023-12-14T13:42:03","modified_gmt":"2023-12-14T13:42:03","slug":"fog-driving-lights-lamps-left-right-set-for-1996-1998-ford-mustang-gt-gt","status":"publish","type":"product","link":"https:\/\/siemid.com\/fr\/produit\/fog-driving-lights-lamps-left-right-set-for-1996-1998-ford-mustang-gt-gt\/","title":{"rendered":"Feu de brouillard pour Ford Mustang GT 1996-1998, avec feux de route \u00e0 gauche et \u00e0 droite"},"content":{"rendered":"<p>Adaptation<\/br>Veuillez v\u00e9rifier le filtre d'adaptation automobile sup\u00e9rieur et la description pour voir si cet article fonctionnera sur votre v\u00e9hicule avant de l'acheter !<\/br><\/br>Condition<\/br>100% Neuf dans son emballage d'usine, jamais utilis\u00e9 ni install\u00e9. garantit la qualit\u00e9 et la performance du produit.<\/br><\/br>Item_Offered<\/br>Comprend : Le kit de fixation comprend<\/br>Le kit comprend : () Brouillard c\u00f4t\u00e9 conducteur avec support<\/br>Quantit\u00e9 : 2 pi\u00e8ces<\/br>Articles inclus : () Brouillard c\u00f4t\u00e9 conducteur avec support, () Brouillard c\u00f4t\u00e9 passager avec support<\/br><\/br>Position<\/br>Placement sur le v\u00e9hicule : Avant, gauche, droite<\/br><\/br>Num\u00e9ro de pi\u00e8ce<\/br>1ALFP00079,FO2592181,FO2593181,15200<\/br><\/br>Forme du bo\u00eetier d'\u00e9clairage<\/br>Rectangulaire<\/br><\/br>Type<\/br>Set de brouillard<\/br><\/br>Garantie<\/br>: Les assemblages comprennent des ampoules de test qui doivent \u00eatre remplac\u00e9es avant l'installation.<\/p>","protected":false},"excerpt":{"rendered":"<p>Adaptation:Veuillez v\u00e9rifier le filtre d'adaptation automobile sup\u00e9rieur et la description pour voir si cet article fonctionnera sur votre v\u00e9hicule avant de l'acheter !<br \/>\nComprend : Le kit de fixation comprend<br \/>\nLe kit comprend : () Brouillard c\u00f4t\u00e9 conducteur avec support<br \/>\nQuantit\u00e9 : 2 pi\u00e8ces<br \/>\nArticles inclus : () Brouillard c\u00f4t\u00e9 conducteur avec support, () Brouillard c\u00f4t\u00e9 passager avec support<\/p>","protected":false},"featured_media":40557,"comment_status":"open","ping_status":"closed","template":"","meta":{"_acf_changed":false,"om_disable_all_campaigns":false,"inline_featured_image":false,"_mi_skip_tracking":false,"_monsterinsights_sitenote_active":false,"_monsterinsights_sitenote_note":"","_monsterinsights_sitenote_category":0},"product_brand":[],"product_cat":[554],"product_tag":[135147],"class_list":{"0":"post-40527","1":"product","2":"type-product","3":"status-publish","4":"has-post-thumbnail","6":"product_cat-fog-lights-automotive-lighting","7":"product_tag-warehouse-location-united-states","8":"product_shipping_class-us-stock-flat","9":"pa_compatibility-1996-ford-mustang-gt","11":"first","12":"instock","13":"sale","14":"shipping-taxable","15":"purchasable","16":"product-type-simple"},"acf":[],"aioseo_notices":[],"_links":{"self":[{"href":"https:\/\/siemid.com\/fr\/wp-json\/wp\/v2\/product\/40527","targetHints":{"allow":["GET"]}}],"collection":[{"href":"https:\/\/siemid.com\/fr\/wp-json\/wp\/v2\/product"}],"about":[{"href":"https:\/\/siemid.com\/fr\/wp-json\/wp\/v2\/types\/product"}],"replies":[{"embeddable":true,"href":"https:\/\/siemid.com\/fr\/wp-json\/wp\/v2\/comments?post=40527"}],"wp:featuredmedia":[{"embeddable":true,"href":"https:\/\/siemid.com\/fr\/wp-json\/wp\/v2\/media\/40557"}],"wp:attachment":[{"href":"https:\/\/siemid.com\/fr\/wp-json\/wp\/v2\/media?parent=40527"}],"wp:term":[{"taxonomy":"product_brand","embeddable":true,"href":"https:\/\/siemid.com\/fr\/wp-json\/wp\/v2\/product_brand?post=40527"},{"taxonomy":"product_cat","embeddable":true,"href":"https:\/\/siemid.com\/fr\/wp-json\/wp\/v2\/product_cat?post=40527"},{"taxonomy":"product_tag","embeddable":true,"href":"https:\/\/siemid.com\/fr\/wp-json\/wp\/v2\/product_tag?post=40527"}],"curies":[{"name":"wp","href":"https:\/\/api.w.org\/{rel}","templated":true}]}}