{"id":40529,"date":"2023-12-14T13:30:00","date_gmt":"2023-12-14T13:30:00","guid":{"rendered":"https:\/\/siemid.com\/?post_type=product&#038;p=40529"},"modified":"2023-12-14T13:42:02","modified_gmt":"2023-12-14T13:42:02","slug":"for-2005-2008-300-2008-2009-caliber-fog-driving-light-lamp-round-kit-set-of-2","status":"publish","type":"product","link":"https:\/\/siemid.com\/fr\/produit\/for-2005-2008-300-2008-2009-caliber-fog-driving-light-lamp-round-kit-set-of-2\/","title":{"rendered":"Pour 2005-2008 300 2008-2009 Caliber Fog Driving Light Round Kit Set of 2"},"content":{"rendered":"<p>Adaptation<\/br>Veuillez v\u00e9rifier le filtre d'adaptation automobile sup\u00e9rieur et la description pour voir si cet article fonctionnera sur votre v\u00e9hicule avant de l'acheter !<\/br><\/br>Condition<\/br>100% Neuf dans son emballage d'usine, jamais utilis\u00e9 ni install\u00e9. garantit la qualit\u00e9 et la performance du produit.<\/br><\/br>Item_Offered<\/br>Le kit comprend : () Syst\u00e8me d'antibrouillard c\u00f4t\u00e9 conducteur <\/br>Quantit\u00e9 : 2 pi\u00e8ces<\/br>Articles inclus : () Brouillard c\u00f4t\u00e9 conducteur, () Brouillard c\u00f4t\u00e9 passager <\/br><\/br>Position<\/br>Placement sur le v\u00e9hicule : Avant, gauche, droite<\/br><\/br>Num\u00e9ro de pi\u00e8ce<\/br>116-03309,4805858AB,CH2592139,1ALFP00193,923-802<\/br><\/br>Type<\/br>Set de brouillard<\/br><\/br>Garantie<\/br>: Les assemblages comprennent des ampoules de test qui doivent \u00eatre remplac\u00e9es avant l'installation.<\/p>","protected":false},"excerpt":{"rendered":"<p>Adaptation:Veuillez v\u00e9rifier le filtre d'adaptation automobile sup\u00e9rieur et la description pour voir si cet article fonctionnera sur votre v\u00e9hicule avant de l'acheter !<br \/>\nPlacement sur le v\u00e9hicule : Avant, gauche, droite<br \/>\nPart_Number:116-03309,4805858AB,CH2592139,1ALFP00193,923-802<br \/>\nType:Set de brouillard<br \/>\n: Les assemblages comprennent des ampoules de test qui doivent \u00eatre remplac\u00e9es avant l'installation.<\/p>","protected":false},"featured_media":40574,"comment_status":"open","ping_status":"closed","template":"","meta":{"_acf_changed":false,"om_disable_all_campaigns":false,"inline_featured_image":false,"_mi_skip_tracking":false,"_monsterinsights_sitenote_active":false,"_monsterinsights_sitenote_note":"","_monsterinsights_sitenote_category":0},"product_brand":[],"product_cat":[554],"product_tag":[135147],"class_list":{"0":"post-40529","1":"product","2":"type-product","3":"status-publish","4":"has-post-thumbnail","6":"product_cat-fog-lights-automotive-lighting","7":"product_tag-warehouse-location-united-states","8":"product_shipping_class-us-stock-flat","9":"pa_compatibility-2005-dodge-caliber","11":"first","12":"instock","13":"sale","14":"shipping-taxable","15":"purchasable","16":"product-type-simple"},"acf":[],"aioseo_notices":[],"_links":{"self":[{"href":"https:\/\/siemid.com\/fr\/wp-json\/wp\/v2\/product\/40529","targetHints":{"allow":["GET"]}}],"collection":[{"href":"https:\/\/siemid.com\/fr\/wp-json\/wp\/v2\/product"}],"about":[{"href":"https:\/\/siemid.com\/fr\/wp-json\/wp\/v2\/types\/product"}],"replies":[{"embeddable":true,"href":"https:\/\/siemid.com\/fr\/wp-json\/wp\/v2\/comments?post=40529"}],"wp:featuredmedia":[{"embeddable":true,"href":"https:\/\/siemid.com\/fr\/wp-json\/wp\/v2\/media\/40574"}],"wp:attachment":[{"href":"https:\/\/siemid.com\/fr\/wp-json\/wp\/v2\/media?parent=40529"}],"wp:term":[{"taxonomy":"product_brand","embeddable":true,"href":"https:\/\/siemid.com\/fr\/wp-json\/wp\/v2\/product_brand?post=40529"},{"taxonomy":"product_cat","embeddable":true,"href":"https:\/\/siemid.com\/fr\/wp-json\/wp\/v2\/product_cat?post=40529"},{"taxonomy":"product_tag","embeddable":true,"href":"https:\/\/siemid.com\/fr\/wp-json\/wp\/v2\/product_tag?post=40529"}],"curies":[{"name":"wp","href":"https:\/\/api.w.org\/{rel}","templated":true}]}}