{"id":40537,"date":"2023-12-14T13:30:02","date_gmt":"2023-12-14T13:30:02","guid":{"rendered":"https:\/\/siemid.com\/?post_type=product&#038;p=40537"},"modified":"2023-12-14T13:42:00","modified_gmt":"2023-12-14T13:42:00","slug":"for-hyundai-2013-2014-elantra-sedan-fog-driving-light-lamp-passenger-side-right","status":"publish","type":"product","link":"https:\/\/siemid.com\/fr\/produit\/for-hyundai-2013-2014-elantra-sedan-fog-driving-light-lamp-passenger-side-right\/","title":{"rendered":"Pour Hyundai 2013-2014 Elantra Sedan Feu antibrouillard c\u00f4t\u00e9 passager droit"},"content":{"rendered":"<p>Adaptation<\/br>Veuillez v\u00e9rifier le filtre d'adaptation automobile sup\u00e9rieur et la description pour voir si cet article fonctionnera sur votre v\u00e9hicule avant de l'acheter !<\/br><\/br>Condition<\/br>100% Nouveau dans l'emballage d'usine, jamais utilis\u00e9 ou install\u00e9. Garantit la qualit\u00e9 et la performance du produit.<\/br><\/br>Position<\/br>Placement sur le v\u00e9hicule : Avant, droite<\/br><\/br>Num\u00e9ro de pi\u00e8ce<\/br>92202A5010,19-6027-00-1,19-6027-00,116-60161R,HY2593142<\/br><\/br>Type<\/br>Feu de brouillard<\/br><\/br>Garantie<\/br>: Les assemblages comprennent des ampoules de test qui doivent \u00eatre remplac\u00e9es avant l'installation.<\/p>","protected":false},"excerpt":{"rendered":"<p>Adaptation:Veuillez v\u00e9rifier le filtre d'adaptation automobile sup\u00e9rieur et la description pour voir si cet article fonctionnera sur votre v\u00e9hicule avant de l'acheter !<br \/>\nPlacement sur le v\u00e9hicule : Avant, droite<br \/>\nPart_Number:92202A5010,19-6027-00-1,19-6027-00,116-60161R,HY2593142<br \/>\n: Les assemblages comprennent des ampoules de test qui doivent \u00eatre remplac\u00e9es avant l'installation.<br \/>\nCondition : 100% Nouveau dans l'emballage d'usine, jamais utilis\u00e9 ou install\u00e9. Garantit la qualit\u00e9 et la performance du produit.<\/p>","protected":false},"featured_media":40637,"comment_status":"open","ping_status":"closed","template":"","meta":{"_acf_changed":false,"om_disable_all_campaigns":false,"inline_featured_image":false,"_mi_skip_tracking":false,"_monsterinsights_sitenote_active":false,"_monsterinsights_sitenote_note":"","_monsterinsights_sitenote_category":0},"product_brand":[],"product_cat":[554],"product_tag":[135147],"class_list":{"0":"post-40537","1":"product","2":"type-product","3":"status-publish","4":"has-post-thumbnail","6":"product_cat-fog-lights-automotive-lighting","7":"product_tag-warehouse-location-united-states","8":"product_shipping_class-us-stock-flat","9":"pa_compatibility-2013-hyundai-elantra","11":"first","12":"instock","13":"sale","14":"shipping-taxable","15":"purchasable","16":"product-type-simple"},"acf":[],"aioseo_notices":[],"_links":{"self":[{"href":"https:\/\/siemid.com\/fr\/wp-json\/wp\/v2\/product\/40537","targetHints":{"allow":["GET"]}}],"collection":[{"href":"https:\/\/siemid.com\/fr\/wp-json\/wp\/v2\/product"}],"about":[{"href":"https:\/\/siemid.com\/fr\/wp-json\/wp\/v2\/types\/product"}],"replies":[{"embeddable":true,"href":"https:\/\/siemid.com\/fr\/wp-json\/wp\/v2\/comments?post=40537"}],"wp:featuredmedia":[{"embeddable":true,"href":"https:\/\/siemid.com\/fr\/wp-json\/wp\/v2\/media\/40637"}],"wp:attachment":[{"href":"https:\/\/siemid.com\/fr\/wp-json\/wp\/v2\/media?parent=40537"}],"wp:term":[{"taxonomy":"product_brand","embeddable":true,"href":"https:\/\/siemid.com\/fr\/wp-json\/wp\/v2\/product_brand?post=40537"},{"taxonomy":"product_cat","embeddable":true,"href":"https:\/\/siemid.com\/fr\/wp-json\/wp\/v2\/product_cat?post=40537"},{"taxonomy":"product_tag","embeddable":true,"href":"https:\/\/siemid.com\/fr\/wp-json\/wp\/v2\/product_tag?post=40537"}],"curies":[{"name":"wp","href":"https:\/\/api.w.org\/{rel}","templated":true}]}}