{"id":40539,"date":"2023-12-14T13:30:02","date_gmt":"2023-12-14T13:30:02","guid":{"rendered":"https:\/\/siemid.com\/?post_type=product&#038;p=40539"},"modified":"2023-12-14T13:42:01","modified_gmt":"2023-12-14T13:42:01","slug":"for-13-15-civic-sedan-bumper-fog-driving-light-lamp-hole-cover-left-driver-side","status":"publish","type":"product","link":"https:\/\/siemid.com\/fr\/produit\/for-13-15-civic-sedan-bumper-fog-driving-light-lamp-hole-cover-left-driver-side\/","title":{"rendered":"Pour 13-15 Civic Sedan Bumper Fog Driving Light Light Cover Hole Cover Left Driver Side"},"content":{"rendered":"<p>Adaptation<\/br>Veuillez v\u00e9rifier le filtre d'adaptation automobile sup\u00e9rieur et la description pour voir si cet article fonctionnera sur votre v\u00e9hicule avant de l'acheter !<\/br><\/br>Condition<\/br>100% Neuf dans son emballage d'usine, jamais utilis\u00e9 ni install\u00e9. garantit la qualit\u00e9 et la performance du produit.<\/br><\/br>Position<\/br>Emplacement sur le v\u00e9hicule : Avant, gauche<\/br><\/br>Num\u00e9ro de pi\u00e8ce<\/br>GRI00703,71107TR3A61,HO1038113<\/br><\/br>Type<\/br>Couvercle de trou de brouillard<\/br><\/br>Fonctionnalit\u00e9<\/br>Qualit\u00e9 test\u00e9e - Construit selon un niveau strict de normes de produit<\/p>","protected":false},"excerpt":{"rendered":"<p>Adaptation:Veuillez v\u00e9rifier le filtre d'adaptation automobile sup\u00e9rieur et la description pour voir si cet article fonctionnera sur votre v\u00e9hicule avant de l'acheter !<br \/>\nEmplacement sur le v\u00e9hicule : Avant, gauche<br \/>\nPart_Number:GRI00703,71107TR3A61,HO1038113<br \/>\nType:Couvercle de trou de brouillard<br \/>\nCaract\u00e9ristiques : Qualit\u00e9 test\u00e9e - Construit selon un niveau strict de normes de produit<\/p>","protected":false},"featured_media":40653,"comment_status":"open","ping_status":"closed","template":"","meta":{"_acf_changed":false,"om_disable_all_campaigns":false,"inline_featured_image":false,"_mi_skip_tracking":false,"_monsterinsights_sitenote_active":false,"_monsterinsights_sitenote_note":"","_monsterinsights_sitenote_category":0},"product_brand":[],"product_cat":[554],"product_tag":[135147],"class_list":{"0":"post-40539","1":"product","2":"type-product","3":"status-publish","4":"has-post-thumbnail","6":"product_cat-fog-lights-automotive-lighting","7":"product_tag-warehouse-location-united-states","8":"product_shipping_class-us-stock-flat","9":"pa_compatibility-2013-honda-civic","11":"first","12":"instock","13":"sale","14":"shipping-taxable","15":"purchasable","16":"product-type-simple"},"acf":[],"aioseo_notices":[],"_links":{"self":[{"href":"https:\/\/siemid.com\/fr\/wp-json\/wp\/v2\/product\/40539","targetHints":{"allow":["GET"]}}],"collection":[{"href":"https:\/\/siemid.com\/fr\/wp-json\/wp\/v2\/product"}],"about":[{"href":"https:\/\/siemid.com\/fr\/wp-json\/wp\/v2\/types\/product"}],"replies":[{"embeddable":true,"href":"https:\/\/siemid.com\/fr\/wp-json\/wp\/v2\/comments?post=40539"}],"wp:featuredmedia":[{"embeddable":true,"href":"https:\/\/siemid.com\/fr\/wp-json\/wp\/v2\/media\/40653"}],"wp:attachment":[{"href":"https:\/\/siemid.com\/fr\/wp-json\/wp\/v2\/media?parent=40539"}],"wp:term":[{"taxonomy":"product_brand","embeddable":true,"href":"https:\/\/siemid.com\/fr\/wp-json\/wp\/v2\/product_brand?post=40539"},{"taxonomy":"product_cat","embeddable":true,"href":"https:\/\/siemid.com\/fr\/wp-json\/wp\/v2\/product_cat?post=40539"},{"taxonomy":"product_tag","embeddable":true,"href":"https:\/\/siemid.com\/fr\/wp-json\/wp\/v2\/product_tag?post=40539"}],"curies":[{"name":"wp","href":"https:\/\/api.w.org\/{rel}","templated":true}]}}