{"id":40554,"date":"2023-12-14T13:30:06","date_gmt":"2023-12-14T13:30:06","guid":{"rendered":"https:\/\/siemid.com\/?post_type=product&#038;p=40554"},"modified":"2023-12-14T13:41:56","modified_gmt":"2023-12-14T13:41:56","slug":"for-toyota-03-05-4runner-fog-driving-light-lamp-driver-side-left","status":"publish","type":"product","link":"https:\/\/siemid.com\/fr\/produit\/for-toyota-03-05-4runner-fog-driving-light-lamp-driver-side-left\/","title":{"rendered":"Pour Toyota 03-05 4Runner Feu antibrouillard c\u00f4t\u00e9 conducteur gauche"},"content":{"rendered":"<p>Adaptation<\/br>Veuillez v\u00e9rifier le filtre d'adaptation automobile sup\u00e9rieur et la description pour voir si cet article fonctionnera sur votre v\u00e9hicule avant de l'acheter !<\/br><\/br>Condition<\/br>100% Neuf dans son emballage d'usine, jamais utilis\u00e9 ni install\u00e9. garantit la qualit\u00e9 et la performance du produit.<\/br><\/br>Position<\/br>Emplacement sur le v\u00e9hicule : Avant, gauche<\/br><\/br>Num\u00e9ro de pi\u00e8ce<\/br>TO2592115,LHT00421,8122135040,312-2013L-AF,19-5664-00,116-59657L<\/br><\/br>Type<\/br>Brouillard <\/br><\/br>Garantie<\/br>: Les assemblages comprennent des ampoules de test qui doivent \u00eatre remplac\u00e9es avant l'installation.<\/p>","protected":false},"excerpt":{"rendered":"<p>Adaptation:Veuillez v\u00e9rifier le filtre d'adaptation automobile sup\u00e9rieur et la description pour voir si cet article fonctionnera sur votre v\u00e9hicule avant de l'acheter !<br \/>\nEmplacement sur le v\u00e9hicule : Avant, gauche<br \/>\nPart_Number:TO2592115,LHT00421,8122135040,312-2013L-AF,19-5664-00,116-59657L<br \/>\n: Les assemblages comprennent des ampoules de test qui doivent \u00eatre remplac\u00e9es avant l'installation.<br \/>\nCondition : 100% Nouveau dans l'emballage d'usine, jamais utilis\u00e9 ou install\u00e9. garantit la qualit\u00e9 et la performance du produit.<\/p>","protected":false},"featured_media":40761,"comment_status":"open","ping_status":"closed","template":"","meta":{"_acf_changed":false,"om_disable_all_campaigns":false,"inline_featured_image":false,"_mi_skip_tracking":false,"_monsterinsights_sitenote_active":false,"_monsterinsights_sitenote_note":"","_monsterinsights_sitenote_category":0},"product_brand":[],"product_cat":[554],"product_tag":[135147],"class_list":{"0":"post-40554","1":"product","2":"type-product","3":"status-publish","4":"has-post-thumbnail","6":"product_cat-fog-lights-automotive-lighting","7":"product_tag-warehouse-location-united-states","8":"product_shipping_class-us-stock-flat","9":"pa_compatibility-2003-toyota-4runner","11":"first","12":"instock","13":"sale","14":"shipping-taxable","15":"purchasable","16":"product-type-simple"},"acf":[],"aioseo_notices":[],"_links":{"self":[{"href":"https:\/\/siemid.com\/fr\/wp-json\/wp\/v2\/product\/40554","targetHints":{"allow":["GET"]}}],"collection":[{"href":"https:\/\/siemid.com\/fr\/wp-json\/wp\/v2\/product"}],"about":[{"href":"https:\/\/siemid.com\/fr\/wp-json\/wp\/v2\/types\/product"}],"replies":[{"embeddable":true,"href":"https:\/\/siemid.com\/fr\/wp-json\/wp\/v2\/comments?post=40554"}],"wp:featuredmedia":[{"embeddable":true,"href":"https:\/\/siemid.com\/fr\/wp-json\/wp\/v2\/media\/40761"}],"wp:attachment":[{"href":"https:\/\/siemid.com\/fr\/wp-json\/wp\/v2\/media?parent=40554"}],"wp:term":[{"taxonomy":"product_brand","embeddable":true,"href":"https:\/\/siemid.com\/fr\/wp-json\/wp\/v2\/product_brand?post=40554"},{"taxonomy":"product_cat","embeddable":true,"href":"https:\/\/siemid.com\/fr\/wp-json\/wp\/v2\/product_cat?post=40554"},{"taxonomy":"product_tag","embeddable":true,"href":"https:\/\/siemid.com\/fr\/wp-json\/wp\/v2\/product_tag?post=40554"}],"curies":[{"name":"wp","href":"https:\/\/api.w.org\/{rel}","templated":true}]}}