{"id":40556,"date":"2023-12-14T13:30:06","date_gmt":"2023-12-14T13:30:06","guid":{"rendered":"https:\/\/siemid.com\/?post_type=product&#038;p=40556"},"modified":"2023-12-14T13:41:57","modified_gmt":"2023-12-14T13:41:57","slug":"fog-driving-light-lamp-bracket-right-passenger-for-lt-pickup-truck-mark-f150","status":"publish","type":"product","link":"https:\/\/siemid.com\/fr\/produit\/fog-driving-light-lamp-bracket-right-passenger-for-lt-pickup-truck-mark-f150\/","title":{"rendered":"Support de lampe de conduite antibrouillard passager droit pour pick-up LT Mark F150"},"content":{"rendered":"<p>Qu'est-ce que le brouillard ? <\/br>Le brouillard est un syst\u00e8me d'\u00e9clairage sp\u00e9cialis\u00e9 mont\u00e9 \u00e0 l'avant d'un v\u00e9hicule et con\u00e7u pour aider les conducteurs \u00e0 voir plus clairement par temps de brouillard ou par mauvais temps. <\/br>Contrairement aux phares, qui sont con\u00e7us pour \u00e9clairer la route, les feux antibrouillard sont positionn\u00e9s plus pr\u00e8s du sol et produisent un faisceau large et plat destin\u00e9 \u00e0 p\u00e9n\u00e9trer dans le brouillard et \u00e0 moins se refl\u00e9ter dans les yeux du conducteur. Cela permet d'am\u00e9liorer la visibilit\u00e9 et de r\u00e9duire l'\u00e9blouissement en cas de brouillard, de brume ou d'autres conditions de faible visibilit\u00e9.<\/br><\/br>Adaptation<\/br>Veuillez v\u00e9rifier le filtre d'adaptation automobile sup\u00e9rieur et la description pour voir si cet article fonctionnera sur votre v\u00e9hicule avant de l'acheter !<\/br><\/br>Condition<\/br>100% Neuf dans son emballage d'usine, jamais utilis\u00e9 ni install\u00e9. garantit la qualit\u00e9 et la performance du produit.<\/br><\/br>Position<\/br>Placement sur le v\u00e9hicule : Avant, droite<\/br><\/br>Num\u00e9ro de pi\u00e8ce<\/br>FO2601101,15266AA,LHT00474,116-00964R,330-1701R-<\/br><\/br>Type<\/br>Support de brouillard<\/br><\/br>Garantie<\/br>: Les assemblages comprennent des ampoules de test qui doivent \u00eatre remplac\u00e9es avant l'installation.<\/br><\/br>Comment installer Fog <\/br>Monter les feux antibrouillard : Utilisez le mat\u00e9riel de montage fourni avec votre kit pour monter les phares antibrouillard \u00e0 l'endroit souhait\u00e9. <\/br>2. installer le c\u00e2blage : Relier les feux antibrouillard \u00e0 la batterie et\/ou \u00e0 la bo\u00eete \u00e0 fusibles du v\u00e9hicule, en suivant les instructions du fabricant pour l'acheminement des c\u00e2bles et les raccordements n\u00e9cessaires.<\/br>3. installer l'interrupteur : Installez l'interrupteur de brouillard dans un endroit pratique \u00e0 l'int\u00e9rieur du v\u00e9hicule. Veillez \u00e0 suivre les instructions du fabricant pour le c\u00e2blage de l'interrupteur aux feux et au syst\u00e8me \u00e9lectrique du v\u00e9hicule.<\/br>4. tester les feux : Une fois l'installation termin\u00e9e, testez les feux antibrouillard pour vous assurer qu'ils fonctionnent correctement.<\/p>","protected":false},"excerpt":{"rendered":"<p>Adaptation:Veuillez v\u00e9rifier le filtre d'adaptation automobile sup\u00e9rieur et la description pour voir si cet article fonctionnera sur votre v\u00e9hicule avant de l'acheter !<br \/>\nPlacement sur le v\u00e9hicule : Avant, droite<br \/>\nPart_Number:FO2601101,15266AA,LHT00474,116-00964R,330-1701R-<br \/>\nType:Support de brouillard<br \/>\n: Les assemblages comprennent des ampoules de test qui doivent \u00eatre remplac\u00e9es avant l'installation.<\/p>","protected":false},"featured_media":40776,"comment_status":"open","ping_status":"closed","template":"","meta":{"_acf_changed":false,"om_disable_all_campaigns":false,"inline_featured_image":false,"_mi_skip_tracking":false,"_monsterinsights_sitenote_active":false,"_monsterinsights_sitenote_note":"","_monsterinsights_sitenote_category":0},"product_brand":[],"product_cat":[554],"product_tag":[135147],"class_list":{"0":"post-40556","1":"product","2":"type-product","3":"status-publish","4":"has-post-thumbnail","6":"product_cat-fog-lights-automotive-lighting","7":"product_tag-warehouse-location-united-states","8":"product_shipping_class-us-stock-flat","10":"first","11":"instock","12":"sale","13":"shipping-taxable","14":"purchasable","15":"product-type-simple"},"acf":[],"aioseo_notices":[],"_links":{"self":[{"href":"https:\/\/siemid.com\/fr\/wp-json\/wp\/v2\/product\/40556","targetHints":{"allow":["GET"]}}],"collection":[{"href":"https:\/\/siemid.com\/fr\/wp-json\/wp\/v2\/product"}],"about":[{"href":"https:\/\/siemid.com\/fr\/wp-json\/wp\/v2\/types\/product"}],"replies":[{"embeddable":true,"href":"https:\/\/siemid.com\/fr\/wp-json\/wp\/v2\/comments?post=40556"}],"wp:featuredmedia":[{"embeddable":true,"href":"https:\/\/siemid.com\/fr\/wp-json\/wp\/v2\/media\/40776"}],"wp:attachment":[{"href":"https:\/\/siemid.com\/fr\/wp-json\/wp\/v2\/media?parent=40556"}],"wp:term":[{"taxonomy":"product_brand","embeddable":true,"href":"https:\/\/siemid.com\/fr\/wp-json\/wp\/v2\/product_brand?post=40556"},{"taxonomy":"product_cat","embeddable":true,"href":"https:\/\/siemid.com\/fr\/wp-json\/wp\/v2\/product_cat?post=40556"},{"taxonomy":"product_tag","embeddable":true,"href":"https:\/\/siemid.com\/fr\/wp-json\/wp\/v2\/product_tag?post=40556"}],"curies":[{"name":"wp","href":"https:\/\/api.w.org\/{rel}","templated":true}]}}