{"id":40572,"date":"2023-12-14T13:30:35","date_gmt":"2023-12-14T13:30:35","guid":{"rendered":"https:\/\/siemid.com\/?post_type=product&#038;p=40572"},"modified":"2023-12-14T13:41:56","modified_gmt":"2023-12-14T13:41:56","slug":"for-ford-2005-2007-focus-fog-driving-light-lamp-right-passenger-side","status":"publish","type":"product","link":"https:\/\/siemid.com\/fr\/produit\/for-ford-2005-2007-focus-fog-driving-light-lamp-right-passenger-side\/","title":{"rendered":"Pour Ford 2005-2007 Focus Fog Driving Light Light Right Passenger Side"},"content":{"rendered":"<p>Adaptation<\/br>Veuillez v\u00e9rifier le filtre d'adaptation automobile sup\u00e9rieur et la description pour voir si cet article fonctionnera sur votre v\u00e9hicule avant de l'acheter !<\/br><\/br>Condition<\/br>100% Nouveau dans l'emballage d'usine, jamais utilis\u00e9 ou install\u00e9. Garantit la qualit\u00e9 et la performance du produit.<\/br><\/br>Position<\/br>Placement sur le v\u00e9hicule : Avant, droite<\/br><\/br>Num\u00e9ro de pi\u00e8ce<\/br>LHT00527,330-2020R-AS,FO2593218,15200,116-03319R<\/br><\/br>Type<\/br>Feu de brouillard<\/br><\/br>Garantie<\/br>: Les assemblages comprennent des ampoules de test qui doivent \u00eatre remplac\u00e9es avant l'installation.<\/p>","protected":false},"excerpt":{"rendered":"<p>Adaptation:Veuillez v\u00e9rifier le filtre d'adaptation automobile sup\u00e9rieur et la description pour voir si cet article fonctionnera sur votre v\u00e9hicule avant de l'acheter !<br \/>\nPlacement sur le v\u00e9hicule : Avant, droite<br \/>\nPart_Number:LHT00527,330-2020R-AS,FO2593218,15200,116-03319R<br \/>\n: Les assemblages comprennent des ampoules de test qui doivent \u00eatre remplac\u00e9es avant l'installation.<br \/>\nCondition : 100% Nouveau dans l'emballage d'usine, jamais utilis\u00e9 ou install\u00e9. Garantit la qualit\u00e9 et la performance du produit.<\/p>","protected":false},"featured_media":40781,"comment_status":"open","ping_status":"closed","template":"","meta":{"_acf_changed":false,"om_disable_all_campaigns":false,"inline_featured_image":false,"_mi_skip_tracking":false,"_monsterinsights_sitenote_active":false,"_monsterinsights_sitenote_note":"","_monsterinsights_sitenote_category":0},"product_brand":[],"product_cat":[554],"product_tag":[135147],"class_list":{"0":"post-40572","1":"product","2":"type-product","3":"status-publish","4":"has-post-thumbnail","6":"product_cat-fog-lights-automotive-lighting","7":"product_tag-warehouse-location-united-states","8":"product_shipping_class-us-stock-flat","9":"pa_compatibility-2005-ford-focus","11":"first","12":"instock","13":"sale","14":"shipping-taxable","15":"purchasable","16":"product-type-simple"},"acf":[],"aioseo_notices":[],"_links":{"self":[{"href":"https:\/\/siemid.com\/fr\/wp-json\/wp\/v2\/product\/40572","targetHints":{"allow":["GET"]}}],"collection":[{"href":"https:\/\/siemid.com\/fr\/wp-json\/wp\/v2\/product"}],"about":[{"href":"https:\/\/siemid.com\/fr\/wp-json\/wp\/v2\/types\/product"}],"replies":[{"embeddable":true,"href":"https:\/\/siemid.com\/fr\/wp-json\/wp\/v2\/comments?post=40572"}],"wp:featuredmedia":[{"embeddable":true,"href":"https:\/\/siemid.com\/fr\/wp-json\/wp\/v2\/media\/40781"}],"wp:attachment":[{"href":"https:\/\/siemid.com\/fr\/wp-json\/wp\/v2\/media?parent=40572"}],"wp:term":[{"taxonomy":"product_brand","embeddable":true,"href":"https:\/\/siemid.com\/fr\/wp-json\/wp\/v2\/product_brand?post=40572"},{"taxonomy":"product_cat","embeddable":true,"href":"https:\/\/siemid.com\/fr\/wp-json\/wp\/v2\/product_cat?post=40572"},{"taxonomy":"product_tag","embeddable":true,"href":"https:\/\/siemid.com\/fr\/wp-json\/wp\/v2\/product_tag?post=40572"}],"curies":[{"name":"wp","href":"https:\/\/api.w.org\/{rel}","templated":true}]}}