{"id":40626,"date":"2023-12-14T13:32:05","date_gmt":"2023-12-14T13:32:05","guid":{"rendered":"https:\/\/siemid.com\/?post_type=product&#038;p=40626"},"modified":"2023-12-14T13:41:54","modified_gmt":"2023-12-14T13:41:54","slug":"for-05-06-chevy-equinox-headlight-fog-driving-light-lamp-kit-left-set-of-4","status":"publish","type":"product","link":"https:\/\/siemid.com\/fr\/produit\/for-05-06-chevy-equinox-headlight-fog-driving-light-lamp-kit-left-set-of-4\/","title":{"rendered":"Pour 05-06 Chevy Equinox Kit de feux de route antibrouillard gauche Lot de 4"},"content":{"rendered":"<p>Qu'est-ce que le brouillard ? <\/br>Le brouillard est un syst\u00e8me d'\u00e9clairage sp\u00e9cialis\u00e9 mont\u00e9 \u00e0 l'avant d'un v\u00e9hicule et con\u00e7u pour aider les conducteurs \u00e0 voir plus clairement par temps de brouillard ou par mauvais temps. <\/br>Contrairement aux phares, qui sont con\u00e7us pour \u00e9clairer la route, les feux antibrouillard sont positionn\u00e9s plus pr\u00e8s du sol et produisent un faisceau large et plat destin\u00e9 \u00e0 p\u00e9n\u00e9trer dans le brouillard et \u00e0 moins se refl\u00e9ter dans les yeux du conducteur. Cela permet d'am\u00e9liorer la visibilit\u00e9 et de r\u00e9duire l'\u00e9blouissement en cas de brouillard, de brume ou d'autres conditions de faible visibilit\u00e9.<\/br><\/br>Adaptation<\/br>Veuillez v\u00e9rifier le filtre d'adaptation automobile sup\u00e9rieur et la description pour voir si cet article fonctionnera sur votre v\u00e9hicule avant de l'acheter !<\/br><\/br>Condition<\/br>100% Neuf dans son emballage d'usine, jamais utilis\u00e9 ni install\u00e9. garantit la qualit\u00e9 et la performance du produit.<\/br><\/br>Item_Offered<\/br>Le kit comprend (2) feux de brouillard<\/br>Quantit\u00e9 : 4 pi\u00e8ces<\/br>\u00c9l\u00e9ments inclus : (2) Phares antibrouillard, (2) Phares avant<\/br><\/br>Position<\/br>Placement sur le v\u00e9hicule : Avant, gauche, droite<\/br><\/br>Num\u00e9ro de pi\u00e8ce<\/br>GM2502254,15162675,GM2503254,116-2379,114-00882L,LHT04212,GM2592149,15888058,15888059,20-6586-00-,5490194,114-00881R,5490195<\/br><\/br>DOT\/SAE<\/br>Oui<\/br><\/br>Technologie de l'\u00e9clairage<\/br>Halog\u00e8ne<\/br><\/br>Type<\/br>Kit d'\u00e9clairage<\/br><\/br>Garantie<\/br>: Les assemblages comprennent des ampoules de test qui doivent \u00eatre remplac\u00e9es avant l'installation.<\/br><\/br>Fonction<\/br>Les phares antibrouillard sont divis\u00e9s en phares antibrouillard avant et arri\u00e8re, qui sont con\u00e7us pour aider \u00e0 mieux voir le sol dans des circonstances de faible visibilit\u00e9 ou pour aider \u00e0 interpr\u00e9ter la distance afin d'\u00e9viter les collisions.<\/p>","protected":false},"excerpt":{"rendered":"<p>Adaptation:Veuillez v\u00e9rifier le filtre d'adaptation automobile sup\u00e9rieur et la description pour voir si cet article fonctionnera sur votre v\u00e9hicule avant de l'acheter !<br \/>\nPlacement sur le v\u00e9hicule : Avant, gauche, droite<br \/>\nPart_Number:GM2502254,15162675,GM2503254,116-2379,114-00882L,LHT04212,GM2592149,15888058,15888059,20-6586-00-,5490194,114-00881R,5490195<br \/>\nTechnologie d'\u00e9clairage : halog\u00e8ne<br \/>\nType:Kit d'\u00e9clairage<\/p>","protected":false},"featured_media":40821,"comment_status":"open","ping_status":"closed","template":"","meta":{"_acf_changed":false,"om_disable_all_campaigns":false,"inline_featured_image":false,"_mi_skip_tracking":false,"_monsterinsights_sitenote_active":false,"_monsterinsights_sitenote_note":"","_monsterinsights_sitenote_category":0},"product_brand":[],"product_cat":[554],"product_tag":[135147],"class_list":{"0":"post-40626","1":"product","2":"type-product","3":"status-publish","4":"has-post-thumbnail","6":"product_cat-fog-lights-automotive-lighting","7":"product_tag-warehouse-location-united-states","8":"product_shipping_class-us-stock-flat","9":"pa_compatibility-2005-chevy-equinox","11":"first","12":"instock","13":"sale","14":"shipping-taxable","15":"purchasable","16":"product-type-simple"},"acf":[],"aioseo_notices":[],"_links":{"self":[{"href":"https:\/\/siemid.com\/fr\/wp-json\/wp\/v2\/product\/40626","targetHints":{"allow":["GET"]}}],"collection":[{"href":"https:\/\/siemid.com\/fr\/wp-json\/wp\/v2\/product"}],"about":[{"href":"https:\/\/siemid.com\/fr\/wp-json\/wp\/v2\/types\/product"}],"replies":[{"embeddable":true,"href":"https:\/\/siemid.com\/fr\/wp-json\/wp\/v2\/comments?post=40626"}],"wp:featuredmedia":[{"embeddable":true,"href":"https:\/\/siemid.com\/fr\/wp-json\/wp\/v2\/media\/40821"}],"wp:attachment":[{"href":"https:\/\/siemid.com\/fr\/wp-json\/wp\/v2\/media?parent=40626"}],"wp:term":[{"taxonomy":"product_brand","embeddable":true,"href":"https:\/\/siemid.com\/fr\/wp-json\/wp\/v2\/product_brand?post=40626"},{"taxonomy":"product_cat","embeddable":true,"href":"https:\/\/siemid.com\/fr\/wp-json\/wp\/v2\/product_cat?post=40626"},{"taxonomy":"product_tag","embeddable":true,"href":"https:\/\/siemid.com\/fr\/wp-json\/wp\/v2\/product_tag?post=40626"}],"curies":[{"name":"wp","href":"https:\/\/api.w.org\/{rel}","templated":true}]}}