{"id":40677,"date":"2023-12-14T13:33:31","date_gmt":"2023-12-14T13:33:31","guid":{"rendered":"https:\/\/siemid.com\/?post_type=product&#038;p=40677"},"modified":"2023-12-16T01:09:00","modified_gmt":"2023-12-16T01:09:00","slug":"for-tundra-front-yellow-lens-fog-driving-light-lamps-upgrade-with-wiring-kit","status":"publish","type":"product","link":"https:\/\/siemid.com\/fr\/produit\/for-tundra-front-yellow-lens-fog-driving-light-lamps-upgrade-with-wiring-kit\/","title":{"rendered":"Pour Tundra Lampe de conduite antibrouillard \u00e0 lentille jaune avec kit de c\u00e2blage"},"content":{"rendered":"<p>Adaptation<\/br>Veuillez v\u00e9rifier le filtre d'adaptation automobile sup\u00e9rieur et la description pour voir si cet article fonctionnera sur votre v\u00e9hicule avant de l'acheter !<\/br><\/br>Condition<\/br>100% Neuf dans son emballage d'usine, jamais utilis\u00e9 ni install\u00e9. garantit la qualit\u00e9 et la performance du produit.<\/br><\/br>Apparence<\/br>Couleur de l'objectif : Objectif jaune<\/br><\/br>Position<\/br>Placement sur le v\u00e9hicule : Avant, gauche, droite<\/br><\/br>Num\u00e9ro de pi\u00e8ce<\/br>81210AA030,TO2592117,LHT10179,WJ30-0328-12<\/br><\/br>Type<\/br>Kit antibrouillard<\/br><\/br>Garantie<\/br>: Les assemblages comprennent des ampoules de test qui doivent \u00eatre remplac\u00e9es avant l'installation.<\/p>","protected":false},"excerpt":{"rendered":"<p>Adaptation:Veuillez v\u00e9rifier le filtre d'adaptation automobile sup\u00e9rieur et la description pour voir si cet article fonctionnera sur votre v\u00e9hicule avant de l'acheter !<br \/>\nCouleur de l'objectif : Objectif jaune<br \/>\nPlacement sur le v\u00e9hicule : Avant, gauche, droite<br \/>\nPart_Number:81210AA030,TO2592117,LHT10179,WJ30-0328-12<br \/>\nType:Kit anti-brouillard<\/p>","protected":false},"featured_media":40872,"comment_status":"open","ping_status":"closed","template":"","meta":{"_acf_changed":false,"om_disable_all_campaigns":false,"inline_featured_image":false,"_mi_skip_tracking":false,"_monsterinsights_sitenote_active":false,"_monsterinsights_sitenote_note":"","_monsterinsights_sitenote_category":0},"product_brand":[],"product_cat":[554],"product_tag":[135147],"class_list":{"0":"post-40677","1":"product","2":"type-product","3":"status-publish","4":"has-post-thumbnail","6":"product_cat-fog-lights-automotive-lighting","7":"product_tag-warehouse-location-united-states","8":"product_shipping_class-us-stock-flat","9":"pa_brand-audi","11":"first","12":"instock","13":"sale","14":"shipping-taxable","15":"purchasable","16":"product-type-simple"},"acf":[],"aioseo_notices":[],"_links":{"self":[{"href":"https:\/\/siemid.com\/fr\/wp-json\/wp\/v2\/product\/40677","targetHints":{"allow":["GET"]}}],"collection":[{"href":"https:\/\/siemid.com\/fr\/wp-json\/wp\/v2\/product"}],"about":[{"href":"https:\/\/siemid.com\/fr\/wp-json\/wp\/v2\/types\/product"}],"replies":[{"embeddable":true,"href":"https:\/\/siemid.com\/fr\/wp-json\/wp\/v2\/comments?post=40677"}],"wp:featuredmedia":[{"embeddable":true,"href":"https:\/\/siemid.com\/fr\/wp-json\/wp\/v2\/media\/40872"}],"wp:attachment":[{"href":"https:\/\/siemid.com\/fr\/wp-json\/wp\/v2\/media?parent=40677"}],"wp:term":[{"taxonomy":"product_brand","embeddable":true,"href":"https:\/\/siemid.com\/fr\/wp-json\/wp\/v2\/product_brand?post=40677"},{"taxonomy":"product_cat","embeddable":true,"href":"https:\/\/siemid.com\/fr\/wp-json\/wp\/v2\/product_cat?post=40677"},{"taxonomy":"product_tag","embeddable":true,"href":"https:\/\/siemid.com\/fr\/wp-json\/wp\/v2\/product_tag?post=40677"}],"curies":[{"name":"wp","href":"https:\/\/api.w.org\/{rel}","templated":true}]}}