{"id":41006,"date":"2024-01-04T14:25:36","date_gmt":"2024-01-04T14:25:36","guid":{"rendered":"https:\/\/siemid.com\/?post_type=product&#038;p=41006"},"modified":"2024-01-04T14:55:20","modified_gmt":"2024-01-04T14:55:20","slug":"1-pcs-high-quality-projector-fog-lights-for-gmc-terrain-acadia-limited-cadillac-cts-pontiac-torrent-2006-2009-2010-2011-2013-2015-2017-2019-2021","status":"publish","type":"product","link":"https:\/\/siemid.com\/fr\/produit\/1-pcs-high-quality-projector-fog-lights-for-gmc-terrain-acadia-limited-cadillac-cts-pontiac-torrent-2006-2009-2010-2011-2013-2015-2017-2019-2021\/","title":{"rendered":"1 Pcs Phares antibrouillard projecteur de haute qualit\u00e9 pour GMC Terrain Acadia Limited Cadillac CTS Pontiac Torrent 2006 2009 2010 2011 2013 2015 2017 2019 2021"},"content":{"rendered":"<p><strong><span class=\"a-text-bold\">Convient pour :<\/span><\/strong><br \/>\nGMC ACADIA 2013-2019<br \/>\nGMC ACADIA LIMITED 2017<br \/>\nGMC TERRAIN 2010-2021<br \/>\nBuick ALLURE 2008-2009<br \/>\nBuick ENCLAVE 2008-2015<br \/>\nBuick LACROSSE 2008-2019<br \/>\nBuick LUCERNE 2006-2011<br \/>\nBuick VERANO 2015-2017<br \/>\nBuick Rainier 2004-2007<br \/>\nCadillac CTS 2011-2015<br \/>\nChevrolet Camaro 2012-2015<br \/>\nChevrolet Equinox 2007-2015<br \/>\nChevrolet HHR 2008-2010<br \/>\nChevrolet IMPALA 2006-2013<br \/>\nChevrolet IMPALA LIMITED 2014-2016<br \/>\nChevrolet MALIBU 2006-2008<br \/>\nChevrolet MONTE CARLO 2006-2007<br \/>\nChevrolet TRAVERSE 2013-2017<br \/>\nChevrolet Monte Carlo 2006-2007<br \/>\nPONTIAC TORRENT 2006-2009<br \/>\nSATURN ION 2003-2007<br \/>\nSATURN VUE 2006-2007<\/p>","protected":false},"excerpt":{"rendered":"<p>&nbsp;<\/p>\n<ul class=\"a-unordered-list a-vertical a-spacing-mini\">\n<li class=\"a-spacing-mini\"><span class=\"a-list-item\">Compatible avec GMC 10-21 Terrain\/13-19 Acadia ;Compatible avec 04-07 Rainier \/ 08-09 Buick Allure \/ 08-15 Enclave \/ 06-11 Lucerne ; Compatible avec 11-15 Cadilla.c CTS ; Compatible avec 07-15 Chevy Equinox \/ 08-11 HHR \/ 06-13 Impala \/ 14-16 Impala Limited \/ 06-08 Malibu \/ 06-07 Monte Carlo \/ 13-15 Traverse ; Compatible avec 06-09 Pontiac Torrent ; Compatible avec 03-07 Saturn Ion \/ 06-07 Vue<\/span><\/li>\n<li class=\"a-spacing-mini\"><span class=\"a-list-item\">&lt;Installation facile : pas besoin de percer ou de modifier quoi que ce soit, pratique pour remplacer les anciens phares antibrouillard us\u00e9s.<\/span><\/li>\n<li class=\"a-spacing-mini\"><span class=\"a-list-item\">Am\u00e9liorer la visibilit\u00e9 la nuit, en cas de forte pluie, de neige ou de brouillard \u00e9pais, et donner un aspect diff\u00e9rent au v\u00e9hicule, ce qui est id\u00e9al pour les spectacles ou pour remplacer des feux antibrouillard us\u00e9s.<\/span><\/li>\n<li class=\"a-spacing-mini\"><span class=\"a-list-item\">&lt;L&#039;emballage comprend un feu de brouillard (le c\u00f4t\u00e9 conducteur et le c\u00f4t\u00e9 passager sont identiques).<\/span><\/li>\n<li class=\"a-spacing-mini\"><span class=\"a-list-item\">D.O.T. (Department of transportation) et S.A.E. (Society of Automotive) approuv\u00e9s pour garantir la qualit\u00e9 et l'adaptation.<\/span><\/li>\n<\/ul>","protected":false},"featured_media":41007,"comment_status":"open","ping_status":"closed","template":"","meta":{"_acf_changed":false,"om_disable_all_campaigns":false,"inline_featured_image":false,"_mi_skip_tracking":false,"_monsterinsights_sitenote_active":false,"_monsterinsights_sitenote_note":"","_monsterinsights_sitenote_category":0},"product_brand":[],"product_cat":[554],"product_tag":[135147],"class_list":{"0":"post-41006","1":"product","2":"type-product","3":"status-publish","4":"has-post-thumbnail","6":"product_cat-fog-lights-automotive-lighting","7":"product_tag-warehouse-location-united-states","8":"product_shipping_class-us-stock-flat","9":"pa_compatibility-2003-saturn-ion","10":"pa_compatibility-2004-buick-rainier","11":"pa_compatibility-2006-buick-lucerne","12":"pa_compatibility-2006-chevrolet-impala","13":"pa_compatibility-2006-chevrolet-malivu","14":"pa_compatibility-2006-chevrolet-monte-carlo","15":"pa_compatibility-2006-pontiac-torrent","16":"pa_compatibility-2006-saturn-vue","17":"pa_compatibility-2007-chevrolet-equinox","18":"pa_compatibility-2008-buick-allure","19":"pa_compatibility-2008-buick-enclave","20":"pa_compatibility-2008-buick-lacrosse","21":"pa_compatibility-2008-chevrolet-hhr","22":"pa_compatibility-2010-gmc-terrain","23":"pa_compatibility-2011-cadilac-cts","24":"pa_compatibility-2012-chevrolet-camaro","25":"pa_compatibility-2013-chevrolet-traverse","26":"pa_compatibility-2013-gmc-acadia","27":"pa_compatibility-2014-chevrolet-impala-limited","28":"pa_compatibility-2015-buick-verano","29":"pa_compatibility-2017-gmc-acadia-limited","31":"first","32":"instock","33":"sale","34":"shipping-taxable","35":"purchasable","36":"product-type-simple"},"acf":[],"aioseo_notices":[],"_links":{"self":[{"href":"https:\/\/siemid.com\/fr\/wp-json\/wp\/v2\/product\/41006","targetHints":{"allow":["GET"]}}],"collection":[{"href":"https:\/\/siemid.com\/fr\/wp-json\/wp\/v2\/product"}],"about":[{"href":"https:\/\/siemid.com\/fr\/wp-json\/wp\/v2\/types\/product"}],"replies":[{"embeddable":true,"href":"https:\/\/siemid.com\/fr\/wp-json\/wp\/v2\/comments?post=41006"}],"wp:featuredmedia":[{"embeddable":true,"href":"https:\/\/siemid.com\/fr\/wp-json\/wp\/v2\/media\/41007"}],"wp:attachment":[{"href":"https:\/\/siemid.com\/fr\/wp-json\/wp\/v2\/media?parent=41006"}],"wp:term":[{"taxonomy":"product_brand","embeddable":true,"href":"https:\/\/siemid.com\/fr\/wp-json\/wp\/v2\/product_brand?post=41006"},{"taxonomy":"product_cat","embeddable":true,"href":"https:\/\/siemid.com\/fr\/wp-json\/wp\/v2\/product_cat?post=41006"},{"taxonomy":"product_tag","embeddable":true,"href":"https:\/\/siemid.com\/fr\/wp-json\/wp\/v2\/product_tag?post=41006"}],"curies":[{"name":"wp","href":"https:\/\/api.w.org\/{rel}","templated":true}]}}