{"id":41017,"date":"2024-01-04T16:06:08","date_gmt":"2024-01-04T16:06:08","guid":{"rendered":"https:\/\/siemid.com\/?post_type=product&#038;p=41017"},"modified":"2024-01-04T16:42:56","modified_gmt":"2024-01-04T16:42:56","slug":"halogen-headlight-bulb-h7-type-hi-or-lo-beam-55w-12v-right-or-left-side","status":"publish","type":"product","link":"https:\/\/siemid.com\/fr\/produit\/halogen-headlight-bulb-h7-type-hi-or-lo-beam-55w-12v-right-or-left-side\/","title":{"rendered":"Ampoule de phare halog\u00e8ne H7 type Hi ou Lo Beam 55W 12V Droite ou Gauche"},"content":{"rendered":"<p>Nom du produit<\/br>Ampoule de phare<\/br><\/br>Adaptation<\/br>Veuillez v\u00e9rifier le filtre d'adaptation automobile sup\u00e9rieur et la description pour voir si cet article fonctionnera sur votre v\u00e9hicule avant de l'acheter !<\/br><\/br>Condition<\/br>100% Nouveau dans l'emballage d'usine, jamais utilis\u00e9 ou install\u00e9. Garantit la qualit\u00e9 et la performance du produit.<\/br><\/br>Item_Offered<\/br>Quantit\u00e9 vendue : Vendu individuellement<\/br><\/br>Taille<\/br>Taille de l'ampoule : H7<\/br><\/br>Position<\/br>Emplacement : Gauche ou droite<\/br>Placement sur le v\u00e9hicule : Gauche, droite<\/br><\/br>Sp\u00e9cifications<\/br>Type d'ampoule : Type d'ampoule H7<\/br><\/br>Num\u00e9ro de pi\u00e8ce<\/br>12817121<\/br><\/br>Garantie<\/br>1 an de garantie kilom\u00e9trage illimit\u00e9<\/br><\/br>Fonctionnalit\u00e9<\/br>Nouveau Ampoule de phare halog\u00e8ne H7 type Hi ou Lo Beam 55W 12V Droite ou Gauche<\/br>Filament C-8 unique pour les feux de route et les feux de croisement. Convient aux v\u00e9hicules<\/p>","protected":false},"excerpt":{"rendered":"<p>Adaptation:Veuillez v\u00e9rifier le filtre d'adaptation automobile sup\u00e9rieur et la description pour voir si cet article fonctionnera sur votre v\u00e9hicule avant de l'acheter !<br \/>\nEmplacement : Gauche ou droite<br \/>\nPlacement sur le v\u00e9hicule : Gauche, droite<br \/>\nType d'ampoule : Type d'ampoule H7<br \/>\nNum\u00e9ro de pi\u00e8ce:12817121<\/p>","protected":false},"featured_media":41062,"comment_status":"open","ping_status":"closed","template":"","meta":{"_acf_changed":false,"om_disable_all_campaigns":false,"inline_featured_image":false,"_mi_skip_tracking":false,"_monsterinsights_sitenote_active":false,"_monsterinsights_sitenote_note":"","_monsterinsights_sitenote_category":0},"product_brand":[],"product_cat":[557],"product_tag":[135147],"class_list":{"0":"post-41017","1":"product","2":"type-product","3":"status-publish","4":"has-post-thumbnail","6":"product_cat-car-bulbs","7":"product_tag-warehouse-location-united-states","8":"product_shipping_class-us-stock-flat","9":"pa_brand-siemid","11":"first","12":"instock","13":"sale","14":"shipping-taxable","15":"purchasable","16":"product-type-simple"},"acf":[],"aioseo_notices":[],"_links":{"self":[{"href":"https:\/\/siemid.com\/fr\/wp-json\/wp\/v2\/product\/41017","targetHints":{"allow":["GET"]}}],"collection":[{"href":"https:\/\/siemid.com\/fr\/wp-json\/wp\/v2\/product"}],"about":[{"href":"https:\/\/siemid.com\/fr\/wp-json\/wp\/v2\/types\/product"}],"replies":[{"embeddable":true,"href":"https:\/\/siemid.com\/fr\/wp-json\/wp\/v2\/comments?post=41017"}],"wp:featuredmedia":[{"embeddable":true,"href":"https:\/\/siemid.com\/fr\/wp-json\/wp\/v2\/media\/41062"}],"wp:attachment":[{"href":"https:\/\/siemid.com\/fr\/wp-json\/wp\/v2\/media?parent=41017"}],"wp:term":[{"taxonomy":"product_brand","embeddable":true,"href":"https:\/\/siemid.com\/fr\/wp-json\/wp\/v2\/product_brand?post=41017"},{"taxonomy":"product_cat","embeddable":true,"href":"https:\/\/siemid.com\/fr\/wp-json\/wp\/v2\/product_cat?post=41017"},{"taxonomy":"product_tag","embeddable":true,"href":"https:\/\/siemid.com\/fr\/wp-json\/wp\/v2\/product_tag?post=41017"}],"curies":[{"name":"wp","href":"https:\/\/api.w.org\/{rel}","templated":true}]}}