{"id":41019,"date":"2024-01-04T16:06:08","date_gmt":"2024-01-04T16:06:08","guid":{"rendered":"https:\/\/siemid.com\/?post_type=product&#038;p=41019"},"modified":"2024-01-04T16:42:56","modified_gmt":"2024-01-04T16:42:56","slug":"2pcs-head-light-driving-headlamp-headlight-bulb-pack-left-or-right-side","status":"publish","type":"product","link":"https:\/\/siemid.com\/fr\/produit\/2pcs-head-light-driving-headlamp-headlight-bulb-pack-left-or-right-side\/","title":{"rendered":"2pcs Head Light Driving Headlamp Headlight Bulb Pack Left or Right Side"},"content":{"rendered":"<p>Nom du produit<\/br>Ampoule de phare<\/br><\/br>Adaptation<\/br>Veuillez v\u00e9rifier le filtre d'adaptation automobile sup\u00e9rieur et la description pour voir si cet article fonctionnera sur votre v\u00e9hicule avant de l'acheter !<\/br><\/br>Condition<\/br>100% Nouveau dans l'emballage d'usine, jamais utilis\u00e9 ou install\u00e9. Garantit la qualit\u00e9 et la performance du produit.<\/br><\/br>Item_Offered<\/br>Composants : (2) Ampoules de phare<\/br>- Deux (2) ampoules de phare c\u00f4t\u00e9 conducteur ou passager [gauche ou droite]<\/br>Quantit\u00e9 vendue : Lot de 2<\/br><\/br>Note<\/br>Double filament C-8 pour les feux de route et les feux de croisement<\/br><\/br>Position<\/br>Emplacement : Gauche et droite<\/br>Placement sur le v\u00e9hicule : Gauche, droite<\/br><\/br>Sp\u00e9cifications<\/br>Type d'ampoule : Type d'ampoule : HB5<\/br><\/br>Num\u00e9ro de pi\u00e8ce<\/br>13462507<\/br><\/br>Garantie<\/br>1 an de garantie kilom\u00e9trage illimit\u00e9<\/br><\/br>Fonctionnalit\u00e9<\/br>Nouveau lot de 2 ampoules pour phares de conduite \u00e0 gauche ou \u00e0 droite<\/p>","protected":false},"excerpt":{"rendered":"<p>Adaptation:Veuillez v\u00e9rifier le filtre d'adaptation automobile sup\u00e9rieur et la description pour voir si cet article fonctionnera sur votre v\u00e9hicule avant de l'acheter !<br \/>\nItem_Offered : Composants- (2) Ampoules de phares;- Deux (2) Ampoules de phares c\u00f4t\u00e9 conducteur ou passager [gauche ou droite];Quantit\u00e9 vendue- Lot de 2<br \/>\nNote : Double filament C-8 pour les feux de route et les feux de croisement.<br \/>\nEmplacement : Gauche et droite<br \/>\nPlacement sur le v\u00e9hicule : Gauche, droite<\/p>","protected":false},"featured_media":41083,"comment_status":"open","ping_status":"closed","template":"","meta":{"_acf_changed":false,"om_disable_all_campaigns":false,"inline_featured_image":false,"_mi_skip_tracking":false,"_monsterinsights_sitenote_active":false,"_monsterinsights_sitenote_note":"","_monsterinsights_sitenote_category":0},"product_brand":[],"product_cat":[557],"product_tag":[135147],"class_list":{"0":"post-41019","1":"product","2":"type-product","3":"status-publish","4":"has-post-thumbnail","6":"product_cat-car-bulbs","7":"product_tag-warehouse-location-united-states","8":"product_shipping_class-us-stock-flat","9":"pa_brand-siemid","11":"first","12":"instock","13":"sale","14":"shipping-taxable","15":"purchasable","16":"product-type-simple"},"acf":[],"aioseo_notices":[],"_links":{"self":[{"href":"https:\/\/siemid.com\/fr\/wp-json\/wp\/v2\/product\/41019","targetHints":{"allow":["GET"]}}],"collection":[{"href":"https:\/\/siemid.com\/fr\/wp-json\/wp\/v2\/product"}],"about":[{"href":"https:\/\/siemid.com\/fr\/wp-json\/wp\/v2\/types\/product"}],"replies":[{"embeddable":true,"href":"https:\/\/siemid.com\/fr\/wp-json\/wp\/v2\/comments?post=41019"}],"wp:featuredmedia":[{"embeddable":true,"href":"https:\/\/siemid.com\/fr\/wp-json\/wp\/v2\/media\/41083"}],"wp:attachment":[{"href":"https:\/\/siemid.com\/fr\/wp-json\/wp\/v2\/media?parent=41019"}],"wp:term":[{"taxonomy":"product_brand","embeddable":true,"href":"https:\/\/siemid.com\/fr\/wp-json\/wp\/v2\/product_brand?post=41019"},{"taxonomy":"product_cat","embeddable":true,"href":"https:\/\/siemid.com\/fr\/wp-json\/wp\/v2\/product_cat?post=41019"},{"taxonomy":"product_tag","embeddable":true,"href":"https:\/\/siemid.com\/fr\/wp-json\/wp\/v2\/product_tag?post=41019"}],"curies":[{"name":"wp","href":"https:\/\/api.w.org\/{rel}","templated":true}]}}