{"id":41024,"date":"2024-01-04T16:06:09","date_gmt":"2024-01-04T16:06:09","guid":{"rendered":"https:\/\/siemid.com\/?post_type=product&#038;p=41024"},"modified":"2024-01-04T16:42:56","modified_gmt":"2024-01-04T16:42:56","slug":"headlight-bulb-for-99-2001-chevrolet-silverado-1500-driver-or-passenger-side","status":"publish","type":"product","link":"https:\/\/siemid.com\/fr\/produit\/headlight-bulb-for-99-2001-chevrolet-silverado-1500-driver-or-passenger-side\/","title":{"rendered":"Ampoule de phare pour Chevrolet Silverado 1500 99-2001 c\u00f4t\u00e9 conducteur ou passager"},"content":{"rendered":"<p>Nom du produit<\/br>Ampoule de phare<\/br><\/br>Adaptation<\/br>Veuillez v\u00e9rifier le filtre d'adaptation automobile sup\u00e9rieur et la description pour voir si cet article fonctionnera sur votre v\u00e9hicule avant de l'acheter !<\/br><\/br>Condition<\/br>100% Nouveau dans l'emballage d'usine, jamais utilis\u00e9 ou install\u00e9. Garantit la qualit\u00e9 et la performance du produit.<\/br><\/br>Item_Offered<\/br>Quantit\u00e9 vendue : Vendu individuellement<\/br><\/br>Note<\/br>Filament unique C-8 pour les feux de croisement<\/br><\/br>Position<\/br>Emplacement : C\u00f4t\u00e9 gauche ou droit<\/br>Placement sur le v\u00e9hicule : Gauche, droite<\/br><\/br>Sp\u00e9cifications<\/br>Type d'ampoule : Type d'ampoule : HB4<\/br><\/br>Num\u00e9ro de pi\u00e8ce<\/br>14452454,9006ST<\/br><\/br>Garantie<\/br>Garantie du fabricant : 1 an de garantie kilom\u00e9trage illimit\u00e9<\/p>","protected":false},"excerpt":{"rendered":"<p>Adaptation:Veuillez v\u00e9rifier le filtre d'adaptation automobile sup\u00e9rieur et la description pour voir si cet article fonctionnera sur votre v\u00e9hicule avant de l'acheter !<br \/>\nNote : Un seul filament C-8 pour les feux de croisement<br \/>\nEmplacement : C\u00f4t\u00e9 gauche ou droit<br \/>\nPlacement sur le v\u00e9hicule : Gauche, droite<br \/>\nType d'ampoule : Type d'ampoule : HB4<\/p>","protected":false},"featured_media":41122,"comment_status":"open","ping_status":"closed","template":"","meta":{"_acf_changed":false,"om_disable_all_campaigns":false,"inline_featured_image":false,"_mi_skip_tracking":false,"_monsterinsights_sitenote_active":false,"_monsterinsights_sitenote_note":"","_monsterinsights_sitenote_category":0},"product_brand":[],"product_cat":[557],"product_tag":[135147],"class_list":{"0":"post-41024","1":"product","2":"type-product","3":"status-publish","4":"has-post-thumbnail","6":"product_cat-car-bulbs","7":"product_tag-warehouse-location-united-states","8":"product_shipping_class-us-stock-flat","9":"pa_brand-siemid","10":"pa_compatibility-1999-chevrolet-silverado-1500","12":"first","13":"instock","14":"sale","15":"shipping-taxable","16":"purchasable","17":"product-type-simple"},"acf":[],"aioseo_notices":[],"_links":{"self":[{"href":"https:\/\/siemid.com\/fr\/wp-json\/wp\/v2\/product\/41024","targetHints":{"allow":["GET"]}}],"collection":[{"href":"https:\/\/siemid.com\/fr\/wp-json\/wp\/v2\/product"}],"about":[{"href":"https:\/\/siemid.com\/fr\/wp-json\/wp\/v2\/types\/product"}],"replies":[{"embeddable":true,"href":"https:\/\/siemid.com\/fr\/wp-json\/wp\/v2\/comments?post=41024"}],"wp:featuredmedia":[{"embeddable":true,"href":"https:\/\/siemid.com\/fr\/wp-json\/wp\/v2\/media\/41122"}],"wp:attachment":[{"href":"https:\/\/siemid.com\/fr\/wp-json\/wp\/v2\/media?parent=41024"}],"wp:term":[{"taxonomy":"product_brand","embeddable":true,"href":"https:\/\/siemid.com\/fr\/wp-json\/wp\/v2\/product_brand?post=41024"},{"taxonomy":"product_cat","embeddable":true,"href":"https:\/\/siemid.com\/fr\/wp-json\/wp\/v2\/product_cat?post=41024"},{"taxonomy":"product_tag","embeddable":true,"href":"https:\/\/siemid.com\/fr\/wp-json\/wp\/v2\/product_tag?post=41024"}],"curies":[{"name":"wp","href":"https:\/\/api.w.org\/{rel}","templated":true}]}}