{"id":41025,"date":"2024-01-04T16:06:10","date_gmt":"2024-01-04T16:06:10","guid":{"rendered":"https:\/\/siemid.com\/?post_type=product&#038;p=41025"},"modified":"2024-01-04T16:42:54","modified_gmt":"2024-01-04T16:42:54","slug":"new-halogen-headlight-bulb-9003-h4-type-hi-lo-beam-55w-65w-12v-right-or-left","status":"publish","type":"product","link":"https:\/\/siemid.com\/fr\/produit\/new-halogen-headlight-bulb-9003-h4-type-hi-lo-beam-55w-65w-12v-right-or-left\/","title":{"rendered":"Nouveau Ampoule Halog\u00e8ne 9003 H4 type Hi\/Lo Beam 55W\/65W 12V Droite ou Gauche"},"content":{"rendered":"<p>Nom du produit<\/br>Ampoule de phare<\/br><\/br>Adaptation<\/br>Veuillez v\u00e9rifier le filtre d'adaptation automobile sup\u00e9rieur et la description pour voir si cet article fonctionnera sur votre v\u00e9hicule avant de l'acheter !<\/br><\/br>Item_Offered<\/br>Quantit\u00e9 vendue : Vendu \u00e0 l'unit\u00e9<\/br><\/br>Note<\/br>Double filament C-8 pour les feux de route et les feux de croisement<\/br><\/br>Condition<\/br>100% Nouveau dans l'emballage d'usine, jamais utilis\u00e9 ou install\u00e9. Garantit la qualit\u00e9 et la performance du produit.<\/br><\/br>Position<\/br>Emplacement : C\u00f4t\u00e9 gauche ou droit<\/br><\/br>Sp\u00e9cifications<\/br>Type d'ampoule : Type d'ampoule H4<\/br><\/br>Num\u00e9ro de pi\u00e8ce<\/br>14469451,,,REPH100401<\/br><\/br>Code de forme de l'ampoule<\/br>H4 (9003)<\/br><\/br>Garantie<\/br>1 an<\/br><\/br>Fonctionnalit\u00e9<\/br>Nouveau Ampoule Halog\u00e8ne 9003 H4 type Hi\/Lo Beam 55W\/65W 12V Droite ou Gauche<\/p>","protected":false},"excerpt":{"rendered":"<p>Fitment:Veuillez v\u00e9rifier le filtre Fitment et la description pour voir si cet article fonctionnera sur votre v\u00e9hicule avant de l'acheter !<br \/>\nQuantit\u00e9 vendue : Vendu \u00e0 l'unit\u00e9<br \/>\nNote : Double filament C-8 pour les feux de route et les feux de croisement.<br \/>\nEmplacement : C\u00f4t\u00e9 gauche ou droit<br \/>\nType d'ampoule : Type d'ampoule H4<\/p>","protected":false},"featured_media":41128,"comment_status":"open","ping_status":"closed","template":"","meta":{"_acf_changed":false,"om_disable_all_campaigns":false,"inline_featured_image":false,"_mi_skip_tracking":false,"_monsterinsights_sitenote_active":false,"_monsterinsights_sitenote_note":"","_monsterinsights_sitenote_category":0},"product_brand":[],"product_cat":[557],"product_tag":[135147],"class_list":{"0":"post-41025","1":"product","2":"type-product","3":"status-publish","4":"has-post-thumbnail","6":"product_cat-car-bulbs","7":"product_tag-warehouse-location-united-states","8":"product_shipping_class-us-stock-flat","9":"pa_brand-siemid","11":"first","12":"instock","13":"sale","14":"shipping-taxable","15":"purchasable","16":"product-type-simple"},"acf":[],"aioseo_notices":[],"_links":{"self":[{"href":"https:\/\/siemid.com\/fr\/wp-json\/wp\/v2\/product\/41025","targetHints":{"allow":["GET"]}}],"collection":[{"href":"https:\/\/siemid.com\/fr\/wp-json\/wp\/v2\/product"}],"about":[{"href":"https:\/\/siemid.com\/fr\/wp-json\/wp\/v2\/types\/product"}],"replies":[{"embeddable":true,"href":"https:\/\/siemid.com\/fr\/wp-json\/wp\/v2\/comments?post=41025"}],"wp:featuredmedia":[{"embeddable":true,"href":"https:\/\/siemid.com\/fr\/wp-json\/wp\/v2\/media\/41128"}],"wp:attachment":[{"href":"https:\/\/siemid.com\/fr\/wp-json\/wp\/v2\/media?parent=41025"}],"wp:term":[{"taxonomy":"product_brand","embeddable":true,"href":"https:\/\/siemid.com\/fr\/wp-json\/wp\/v2\/product_brand?post=41025"},{"taxonomy":"product_cat","embeddable":true,"href":"https:\/\/siemid.com\/fr\/wp-json\/wp\/v2\/product_cat?post=41025"},{"taxonomy":"product_tag","embeddable":true,"href":"https:\/\/siemid.com\/fr\/wp-json\/wp\/v2\/product_tag?post=41025"}],"curies":[{"name":"wp","href":"https:\/\/api.w.org\/{rel}","templated":true}]}}