{"id":41026,"date":"2024-01-04T16:06:10","date_gmt":"2024-01-04T16:06:10","guid":{"rendered":"https:\/\/siemid.com\/?post_type=product&#038;p=41026"},"modified":"2024-01-04T16:42:54","modified_gmt":"2024-01-04T16:42:54","slug":"set-of-2-pieces-headlight-bulbs-h1-type-halogen","status":"publish","type":"product","link":"https:\/\/siemid.com\/fr\/produit\/set-of-2-pieces-headlight-bulbs-h1-type-halogen\/","title":{"rendered":"Lot de 2 Ampoules de phare H1 Type Halog\u00e8ne"},"content":{"rendered":"<p>Nom du produit<\/br>Ampoule de phare<\/br><\/br>Adaptation<\/br>Veuillez v\u00e9rifier le filtre d'adaptation automobile sup\u00e9rieur et la description pour voir si cet article fonctionnera sur votre v\u00e9hicule avant de l'acheter !<\/br><\/br>Item_Offered<\/br>Composants : (2) Ampoules de phare<\/br><\/br>Note<\/br>Filament C-8 unique pour les feux de route et les feux de croisement<\/br><\/br>Condition<\/br>100% Nouveau dans l'emballage d'usine, jamais utilis\u00e9 ou install\u00e9. Garantit la qualit\u00e9 et la performance du produit.<\/br><\/br>Position<\/br>Emplacement : C\u00f4t\u00e9 gauche ou droit<\/br><\/br>Sp\u00e9cifications<\/br>Type d'ampoule : Type d'ampoule H1<\/br><\/br>Num\u00e9ro de pi\u00e8ce<\/br>,14482601,,,,,,,CLK55,,,,,,<\/br><\/br>Poutre<\/br>Feux de croisement et de route<\/br><\/br>Code de forme de l'ampoule<\/br>H1<\/br><\/br> L'offre group\u00e9e<\/br>Oui<\/br><\/br>Garantie<\/br>1 an<\/br><\/br>Fonctionnalit\u00e9<\/br>Lot de 2 Ampoules de phare H1 Type Halog\u00e8ne<\/p>","protected":false},"excerpt":{"rendered":"<p>Fitment:Veuillez v\u00e9rifier le filtre Fitment et la description pour voir si cet article fonctionnera sur votre v\u00e9hicule avant de l'acheter !<br \/>\nComposants : (2) Ampoules de phare<br \/>\nNote : Un seul filament C-8 pour les feux de route et les feux de croisement.<br \/>\nEmplacement : C\u00f4t\u00e9 gauche ou droit<br \/>\nType d'ampoule : Type d'ampoule H1<\/p>","protected":false},"featured_media":41134,"comment_status":"open","ping_status":"closed","template":"","meta":{"_acf_changed":false,"om_disable_all_campaigns":false,"inline_featured_image":false,"_mi_skip_tracking":false,"_monsterinsights_sitenote_active":false,"_monsterinsights_sitenote_note":"","_monsterinsights_sitenote_category":0},"product_brand":[],"product_cat":[557],"product_tag":[135147],"class_list":{"0":"post-41026","1":"product","2":"type-product","3":"status-publish","4":"has-post-thumbnail","6":"product_cat-car-bulbs","7":"product_tag-warehouse-location-united-states","8":"product_shipping_class-us-stock-flat","9":"pa_brand-siemid","11":"first","12":"instock","13":"sale","14":"shipping-taxable","15":"purchasable","16":"product-type-simple"},"acf":[],"aioseo_notices":[],"_links":{"self":[{"href":"https:\/\/siemid.com\/fr\/wp-json\/wp\/v2\/product\/41026","targetHints":{"allow":["GET"]}}],"collection":[{"href":"https:\/\/siemid.com\/fr\/wp-json\/wp\/v2\/product"}],"about":[{"href":"https:\/\/siemid.com\/fr\/wp-json\/wp\/v2\/types\/product"}],"replies":[{"embeddable":true,"href":"https:\/\/siemid.com\/fr\/wp-json\/wp\/v2\/comments?post=41026"}],"wp:featuredmedia":[{"embeddable":true,"href":"https:\/\/siemid.com\/fr\/wp-json\/wp\/v2\/media\/41134"}],"wp:attachment":[{"href":"https:\/\/siemid.com\/fr\/wp-json\/wp\/v2\/media?parent=41026"}],"wp:term":[{"taxonomy":"product_brand","embeddable":true,"href":"https:\/\/siemid.com\/fr\/wp-json\/wp\/v2\/product_brand?post=41026"},{"taxonomy":"product_cat","embeddable":true,"href":"https:\/\/siemid.com\/fr\/wp-json\/wp\/v2\/product_cat?post=41026"},{"taxonomy":"product_tag","embeddable":true,"href":"https:\/\/siemid.com\/fr\/wp-json\/wp\/v2\/product_tag?post=41026"}],"curies":[{"name":"wp","href":"https:\/\/api.w.org\/{rel}","templated":true}]}}