{"id":41033,"date":"2024-01-04T16:06:12","date_gmt":"2024-01-04T16:06:12","guid":{"rendered":"https:\/\/siemid.com\/?post_type=product&#038;p=41033"},"modified":"2026-04-13T13:18:46","modified_gmt":"2026-04-13T13:18:46","slug":"2pcs-pack-fog-light-bulbs-driving-lamp-front-chevy-olds-trailblazer-gmc","status":"publish","type":"product","link":"https:\/\/siemid.com\/fr\/produit\/2pcs-pack-fog-light-bulbs-driving-lamp-front-chevy-olds-trailblazer-gmc\/","title":{"rendered":"Lot de 2 ampoules antibrouillard pour lampe de conduite avant Chevrolet Olds Trailblazer GMC"},"content":{"rendered":"<p>Nom du produit<\/br>Ampoule de feu de brouillard<\/br><\/br>Adaptation<\/br>Veuillez v\u00e9rifier le filtre d'adaptation automobile sup\u00e9rieur et la description pour voir si cet article fonctionnera sur votre v\u00e9hicule avant de l'acheter !<\/br><\/br>Condition<\/br>100% Nouveau dans l'emballage d'usine, jamais utilis\u00e9 ou install\u00e9. Garantit la qualit\u00e9 et la performance du produit.<\/br><\/br>Item_Offered<\/br>Composants : (2) Ampoules de feux antibrouillard<\/br>Quantit\u00e9 vendue : Lot de 2<\/br><\/br>Position<\/br>Placement sur le v\u00e9hicule : Gauche, droite<\/br>Emplacement : Gauche et droite<\/br><\/br>Num\u00e9ro de pi\u00e8ce<\/br>14904054,9006B<\/br><\/br>Offres<\/br>Plus de<\/br><\/br>Puissance<\/br>27 watts<\/br><\/br>Garantie<\/br>Garantie du fabricant : 1 an de garantie kilom\u00e9trage illimit\u00e9<\/p>","protected":false},"excerpt":{"rendered":"<p>Adaptation:Veuillez v\u00e9rifier le filtre d'adaptation automobile sup\u00e9rieur et la description pour voir si cet article fonctionnera sur votre v\u00e9hicule avant de l'acheter !<br \/>\nArticle_offert : Composants- (2) Ampoules de feux antibrouillard;Quantit\u00e9 vendue- Lot de 2<br \/>\nPlacement sur le v\u00e9hicule : Gauche, droite<br \/>\nEmplacement : Gauche et droite<br \/>\nPart_Number:14904054,9006B<\/p>","protected":false},"featured_media":41204,"comment_status":"open","ping_status":"closed","template":"","meta":{"_acf_changed":false,"om_disable_all_campaigns":false,"inline_featured_image":false,"_mi_skip_tracking":false,"_monsterinsights_sitenote_active":false,"_monsterinsights_sitenote_note":"","_monsterinsights_sitenote_category":0},"product_brand":[],"product_cat":[557],"product_tag":[135147],"class_list":{"0":"post-41033","1":"product","2":"type-product","3":"status-publish","4":"has-post-thumbnail","6":"product_cat-car-bulbs","7":"product_tag-warehouse-location-united-states","8":"product_shipping_class-us-stock-flat","9":"pa_brand-siemid","11":"first","12":"instock","13":"sale","14":"shipping-taxable","15":"purchasable","16":"product-type-simple"},"acf":[],"aioseo_notices":[],"_links":{"self":[{"href":"https:\/\/siemid.com\/fr\/wp-json\/wp\/v2\/product\/41033","targetHints":{"allow":["GET"]}}],"collection":[{"href":"https:\/\/siemid.com\/fr\/wp-json\/wp\/v2\/product"}],"about":[{"href":"https:\/\/siemid.com\/fr\/wp-json\/wp\/v2\/types\/product"}],"replies":[{"embeddable":true,"href":"https:\/\/siemid.com\/fr\/wp-json\/wp\/v2\/comments?post=41033"}],"wp:featuredmedia":[{"embeddable":true,"href":"https:\/\/siemid.com\/fr\/wp-json\/wp\/v2\/media\/41204"}],"wp:attachment":[{"href":"https:\/\/siemid.com\/fr\/wp-json\/wp\/v2\/media?parent=41033"}],"wp:term":[{"taxonomy":"product_brand","embeddable":true,"href":"https:\/\/siemid.com\/fr\/wp-json\/wp\/v2\/product_brand?post=41033"},{"taxonomy":"product_cat","embeddable":true,"href":"https:\/\/siemid.com\/fr\/wp-json\/wp\/v2\/product_cat?post=41033"},{"taxonomy":"product_tag","embeddable":true,"href":"https:\/\/siemid.com\/fr\/wp-json\/wp\/v2\/product_tag?post=41033"}],"curies":[{"name":"wp","href":"https:\/\/api.w.org\/{rel}","templated":true}]}}