{"id":41044,"date":"2024-01-04T16:06:15","date_gmt":"2024-01-04T16:06:15","guid":{"rendered":"https:\/\/siemid.com\/?post_type=product&#038;p=41044"},"modified":"2024-01-04T16:42:50","modified_gmt":"2024-01-04T16:42:50","slug":"headlight-halo-ring-bulb-for-bmw-2000-2006-x5-sport-utility-x5","status":"publish","type":"product","link":"https:\/\/siemid.com\/fr\/produit\/headlight-halo-ring-bulb-for-bmw-2000-2006-x5-sport-utility-x5\/","title":{"rendered":"Ampoule de Phare Halo pour BMW 2000-2006 X5 Sport Utility X5"},"content":{"rendered":"<p>Nom du produit<\/br>Ampoule de l'anneau de phare<\/br><\/br>Adaptation<\/br>Veuillez v\u00e9rifier le filtre d'adaptation automobile sup\u00e9rieur et la description pour voir si cet article fonctionnera sur votre v\u00e9hicule avant de l'acheter !<\/br><\/br>Note<\/br>Ampoule de phare avec douille (Angel Eye Bulb)<\/br><\/br>Condition<\/br>100% Nouveau dans l'emballage d'usine, jamais utilis\u00e9 ou install\u00e9. Garantit la qualit\u00e9 et la performance du produit.<\/br><\/br>Num\u00e9ro de pi\u00e8ce<\/br>N171RY<\/br><\/br>Garantie<\/br>Garantie de 12 mois<\/p>","protected":false},"excerpt":{"rendered":"<p>Fitment:Veuillez v\u00e9rifier le filtre Fitment et la description pour voir si cet article fonctionnera sur votre v\u00e9hicule avant de l'acheter !<br \/>\nNote : Ampoule de phare avec douille (Angel Eye Bulb)<br \/>\nNum\u00e9ro de pi\u00e8ce:N171RY<br \/>\nGarantie : 12 mois de garantie<br \/>\nCondition : 100% Nouveau dans l'emballage d'usine, jamais utilis\u00e9 ou install\u00e9. Garantit la qualit\u00e9 et la performance du produit.<\/p>","protected":false},"featured_media":41291,"comment_status":"open","ping_status":"closed","template":"","meta":{"_acf_changed":false,"om_disable_all_campaigns":false,"inline_featured_image":false,"_mi_skip_tracking":false,"_monsterinsights_sitenote_active":false,"_monsterinsights_sitenote_note":"","_monsterinsights_sitenote_category":0},"product_brand":[],"product_cat":[557],"product_tag":[135147],"class_list":{"0":"post-41044","1":"product","2":"type-product","3":"status-publish","4":"has-post-thumbnail","6":"product_cat-car-bulbs","7":"product_tag-warehouse-location-united-states","8":"product_shipping_class-us-stock-flat","9":"pa_brand-siemid","10":"pa_compatibility-2000-bmw-x5","12":"first","13":"instock","14":"sale","15":"shipping-taxable","16":"purchasable","17":"product-type-simple"},"acf":[],"aioseo_notices":[],"_links":{"self":[{"href":"https:\/\/siemid.com\/fr\/wp-json\/wp\/v2\/product\/41044","targetHints":{"allow":["GET"]}}],"collection":[{"href":"https:\/\/siemid.com\/fr\/wp-json\/wp\/v2\/product"}],"about":[{"href":"https:\/\/siemid.com\/fr\/wp-json\/wp\/v2\/types\/product"}],"replies":[{"embeddable":true,"href":"https:\/\/siemid.com\/fr\/wp-json\/wp\/v2\/comments?post=41044"}],"wp:featuredmedia":[{"embeddable":true,"href":"https:\/\/siemid.com\/fr\/wp-json\/wp\/v2\/media\/41291"}],"wp:attachment":[{"href":"https:\/\/siemid.com\/fr\/wp-json\/wp\/v2\/media?parent=41044"}],"wp:term":[{"taxonomy":"product_brand","embeddable":true,"href":"https:\/\/siemid.com\/fr\/wp-json\/wp\/v2\/product_brand?post=41044"},{"taxonomy":"product_cat","embeddable":true,"href":"https:\/\/siemid.com\/fr\/wp-json\/wp\/v2\/product_cat?post=41044"},{"taxonomy":"product_tag","embeddable":true,"href":"https:\/\/siemid.com\/fr\/wp-json\/wp\/v2\/product_tag?post=41044"}],"curies":[{"name":"wp","href":"https:\/\/api.w.org\/{rel}","templated":true}]}}