{"id":41061,"date":"2024-01-04T16:06:44","date_gmt":"2024-01-04T16:06:44","guid":{"rendered":"https:\/\/siemid.com\/?post_type=product&#038;p=41061"},"modified":"2024-01-04T16:42:50","modified_gmt":"2024-01-04T16:42:50","slug":"for-1964-1973-chevrolet-chevelle-dome-light-bulb","status":"publish","type":"product","link":"https:\/\/siemid.com\/fr\/produit\/for-1964-1973-chevrolet-chevelle-dome-light-bulb\/","title":{"rendered":"Pour Chevrolet Chevelle 1964-1973 Ampoule de plafonnier"},"content":{"rendered":"<p>Nom du produit<\/br>Ampoule de plafonnier<\/br><\/br>Adaptation<\/br>Veuillez v\u00e9rifier le filtre d'adaptation automobile sup\u00e9rieur et la description pour voir si cet article fonctionnera sur votre v\u00e9hicule avant de l'acheter !<\/br><\/br>Note<\/br>Comparer avec <\/br><\/br>Condition<\/br>100% Nouveau dans l'emballage d'usine, jamais utilis\u00e9 ou install\u00e9. Garantit la qualit\u00e9 et la performance du produit.<\/br><\/br>Sp\u00e9cifications<\/br>Tension : 12V<\/br><\/br>Num\u00e9ro de pi\u00e8ce<\/br>18475WT<\/br><\/br>Garantie<\/br>Garantie de 12 mois<\/p>","protected":false},"excerpt":{"rendered":"<p>Fitment:Veuillez v\u00e9rifier le filtre Fitment et la description pour voir si cet article fonctionnera sur votre v\u00e9hicule avant de l'acheter !<br \/>\nNote : Comparer avec<br \/>\nNum\u00e9ro de pi\u00e8ce:18475WT<br \/>\nGarantie : 12 mois de garantie<br \/>\nCondition : 100% Nouveau dans l'emballage d'usine, jamais utilis\u00e9 ou install\u00e9. Garantit la qualit\u00e9 et la performance du produit.<\/p>","protected":false},"featured_media":41301,"comment_status":"open","ping_status":"closed","template":"","meta":{"_acf_changed":false,"om_disable_all_campaigns":false,"inline_featured_image":false,"_mi_skip_tracking":false,"_monsterinsights_sitenote_active":false,"_monsterinsights_sitenote_note":"","_monsterinsights_sitenote_category":0},"product_brand":[],"product_cat":[557],"product_tag":[135147],"class_list":{"0":"post-41061","1":"product","2":"type-product","3":"status-publish","4":"has-post-thumbnail","6":"product_cat-car-bulbs","7":"product_tag-warehouse-location-united-states","8":"product_shipping_class-us-stock-flat","9":"pa_brand-siemid","11":"first","12":"instock","13":"sale","14":"shipping-taxable","15":"purchasable","16":"product-type-simple"},"acf":[],"aioseo_notices":[],"_links":{"self":[{"href":"https:\/\/siemid.com\/fr\/wp-json\/wp\/v2\/product\/41061","targetHints":{"allow":["GET"]}}],"collection":[{"href":"https:\/\/siemid.com\/fr\/wp-json\/wp\/v2\/product"}],"about":[{"href":"https:\/\/siemid.com\/fr\/wp-json\/wp\/v2\/types\/product"}],"replies":[{"embeddable":true,"href":"https:\/\/siemid.com\/fr\/wp-json\/wp\/v2\/comments?post=41061"}],"wp:featuredmedia":[{"embeddable":true,"href":"https:\/\/siemid.com\/fr\/wp-json\/wp\/v2\/media\/41301"}],"wp:attachment":[{"href":"https:\/\/siemid.com\/fr\/wp-json\/wp\/v2\/media?parent=41061"}],"wp:term":[{"taxonomy":"product_brand","embeddable":true,"href":"https:\/\/siemid.com\/fr\/wp-json\/wp\/v2\/product_brand?post=41061"},{"taxonomy":"product_cat","embeddable":true,"href":"https:\/\/siemid.com\/fr\/wp-json\/wp\/v2\/product_cat?post=41061"},{"taxonomy":"product_tag","embeddable":true,"href":"https:\/\/siemid.com\/fr\/wp-json\/wp\/v2\/product_tag?post=41061"}],"curies":[{"name":"wp","href":"https:\/\/api.w.org\/{rel}","templated":true}]}}