{"id":41081,"date":"2024-01-04T16:07:17","date_gmt":"2024-01-04T16:07:17","guid":{"rendered":"https:\/\/siemid.com\/?post_type=product&#038;p=41081"},"modified":"2024-01-04T16:42:50","modified_gmt":"2024-01-04T16:42:50","slug":"for-2005-2017-jeep-grand-cherokee-sport-utility-headlight-bulb-high-beam","status":"publish","type":"product","link":"https:\/\/siemid.com\/fr\/produit\/for-2005-2017-jeep-grand-cherokee-sport-utility-headlight-bulb-high-beam\/","title":{"rendered":"Pour Jeep Grand Cherokee Sport Utility 2005-2017 Ampoule de Phare Haute Lumi\u00e8re"},"content":{"rendered":"<p>Nom du produit<\/br>Ampoule de phare<\/br><\/br>Adaptation<\/br>Veuillez v\u00e9rifier le filtre d'adaptation automobile sup\u00e9rieur et la description pour voir si cet article fonctionnera sur votre v\u00e9hicule avant de l'acheter !<\/br><\/br>Condition<\/br>100% Nouveau dans l'emballage d'usine, jamais utilis\u00e9 ou install\u00e9. Garantit la qualit\u00e9 et la performance du produit.<\/br><\/br>Note<\/br>Hb3\/9005 Ampoule halog\u00e8ne - 12V 65W ; P20D T4<\/br><\/br>Apparence<\/br>Couleur : transparent<\/br><\/br>Position<\/br>Feux de route<\/br><\/br>Num\u00e9ro de pi\u00e8ce<\/br>44382QD<\/br><\/br>Garantie<\/br>Garantie du fabricant : 12 mois de garantie<\/br><\/br>Fonctionnalit\u00e9<\/br>Des performances plus \u00e9lev\u00e9es et plus r\u00e9guli\u00e8res<\/br>Rayonne une lumi\u00e8re plus blanche que l'incandescence<\/p>","protected":false},"excerpt":{"rendered":"<p>Adaptation:Veuillez v\u00e9rifier le filtre d'adaptation automobile sup\u00e9rieur et la description pour voir si cet article fonctionnera sur votre v\u00e9hicule avant de l'acheter !<br \/>\nNote:Ampoule halog\u00e8ne Hb3\/9005 - 12V 65W ; P20D T4<br \/>\nPosition:Feux de route<br \/>\nNum\u00e9ro de pi\u00e8ce:44382QD<br \/>\nGarantie du fabricant : 12 mois de garantie<\/p>","protected":false},"featured_media":41310,"comment_status":"open","ping_status":"closed","template":"","meta":{"_acf_changed":false,"om_disable_all_campaigns":false,"inline_featured_image":false,"_mi_skip_tracking":false,"_monsterinsights_sitenote_active":false,"_monsterinsights_sitenote_note":"","_monsterinsights_sitenote_category":0},"product_brand":[],"product_cat":[557],"product_tag":[135147],"class_list":{"0":"post-41081","1":"product","2":"type-product","3":"status-publish","4":"has-post-thumbnail","6":"product_cat-car-bulbs","7":"product_tag-warehouse-location-united-states","8":"product_shipping_class-us-stock-flat","9":"pa_brand-siemid","10":"pa_compatibility-2005-jeep-grand-cherokee","12":"first","13":"instock","14":"sale","15":"shipping-taxable","16":"purchasable","17":"product-type-simple"},"acf":[],"aioseo_notices":[],"_links":{"self":[{"href":"https:\/\/siemid.com\/fr\/wp-json\/wp\/v2\/product\/41081","targetHints":{"allow":["GET"]}}],"collection":[{"href":"https:\/\/siemid.com\/fr\/wp-json\/wp\/v2\/product"}],"about":[{"href":"https:\/\/siemid.com\/fr\/wp-json\/wp\/v2\/types\/product"}],"replies":[{"embeddable":true,"href":"https:\/\/siemid.com\/fr\/wp-json\/wp\/v2\/comments?post=41081"}],"wp:featuredmedia":[{"embeddable":true,"href":"https:\/\/siemid.com\/fr\/wp-json\/wp\/v2\/media\/41310"}],"wp:attachment":[{"href":"https:\/\/siemid.com\/fr\/wp-json\/wp\/v2\/media?parent=41081"}],"wp:term":[{"taxonomy":"product_brand","embeddable":true,"href":"https:\/\/siemid.com\/fr\/wp-json\/wp\/v2\/product_brand?post=41081"},{"taxonomy":"product_cat","embeddable":true,"href":"https:\/\/siemid.com\/fr\/wp-json\/wp\/v2\/product_cat?post=41081"},{"taxonomy":"product_tag","embeddable":true,"href":"https:\/\/siemid.com\/fr\/wp-json\/wp\/v2\/product_tag?post=41081"}],"curies":[{"name":"wp","href":"https:\/\/api.w.org\/{rel}","templated":true}]}}