{"id":41196,"date":"2024-01-04T16:27:29","date_gmt":"2024-01-04T16:27:29","guid":{"rendered":"https:\/\/siemid.com\/?post_type=product&#038;p=41196"},"modified":"2024-01-04T16:42:47","modified_gmt":"2024-01-04T16:42:47","slug":"for-2010-2011-kia-soul-hatchback-turn-signal-light-bulb-front","status":"publish","type":"product","link":"https:\/\/siemid.com\/fr\/produit\/for-2010-2011-kia-soul-hatchback-turn-signal-light-bulb-front\/","title":{"rendered":"Pour Kia Soul Hatchback 2010-2011 Ampoule de clignotant avant"},"content":{"rendered":"<p>Nom du produit<\/br>Ampoule de clignotant<\/br><\/br>Adaptation<\/br>Veuillez v\u00e9rifier le filtre d'adaptation automobile sup\u00e9rieur et la description pour voir si cet article fonctionnera sur votre v\u00e9hicule avant de l'acheter !<\/br><\/br>Condition<\/br>100% Nouveau dans l'emballage d'usine, jamais utilis\u00e9 ou install\u00e9. Garantit la qualit\u00e9 et la performance du produit.<\/br><\/br>Note<\/br>Ampoule de clignotant - T2.75, culot miniature \u00e0 ba\u00efonnette (BA9s)<\/br><\/br>Position<\/br>Front<\/br><\/br>Num\u00e9ro de pi\u00e8ce<\/br>59172VC<\/br><\/br>Garantie<\/br>Garantie du fabricant : 12 mois de garantie<\/p>","protected":false},"excerpt":{"rendered":"<p>Adaptation:Veuillez v\u00e9rifier le filtre d'adaptation automobile sup\u00e9rieur et la description pour voir si cet article fonctionnera sur votre v\u00e9hicule avant de l'acheter !<br \/>\nNote:Ampoule de clignotant - T2.75, culot miniature \u00e0 ba\u00efonnette (BA9s)<br \/>\nNum\u00e9ro de pi\u00e8ce:59172VC<br \/>\nGarantie du fabricant : 12 mois de garantie<br \/>\nCondition : 100% Nouveau dans l'emballage d'usine, jamais utilis\u00e9 ou install\u00e9. Garantit la qualit\u00e9 et la performance du produit.<\/p>","protected":false},"featured_media":41387,"comment_status":"open","ping_status":"closed","template":"","meta":{"_acf_changed":false,"om_disable_all_campaigns":false,"inline_featured_image":false,"_mi_skip_tracking":false,"_monsterinsights_sitenote_active":false,"_monsterinsights_sitenote_note":"","_monsterinsights_sitenote_category":0},"product_brand":[],"product_cat":[557],"product_tag":[135147],"class_list":{"0":"post-41196","1":"product","2":"type-product","3":"status-publish","4":"has-post-thumbnail","6":"product_cat-car-bulbs","7":"product_tag-warehouse-location-united-states","8":"product_shipping_class-us-stock-flat","9":"pa_brand-siemid","10":"pa_compatibility-2010-kia-soul","12":"first","13":"instock","14":"sale","15":"shipping-taxable","16":"purchasable","17":"product-type-simple"},"acf":[],"aioseo_notices":[],"_links":{"self":[{"href":"https:\/\/siemid.com\/fr\/wp-json\/wp\/v2\/product\/41196","targetHints":{"allow":["GET"]}}],"collection":[{"href":"https:\/\/siemid.com\/fr\/wp-json\/wp\/v2\/product"}],"about":[{"href":"https:\/\/siemid.com\/fr\/wp-json\/wp\/v2\/types\/product"}],"replies":[{"embeddable":true,"href":"https:\/\/siemid.com\/fr\/wp-json\/wp\/v2\/comments?post=41196"}],"wp:featuredmedia":[{"embeddable":true,"href":"https:\/\/siemid.com\/fr\/wp-json\/wp\/v2\/media\/41387"}],"wp:attachment":[{"href":"https:\/\/siemid.com\/fr\/wp-json\/wp\/v2\/media?parent=41196"}],"wp:term":[{"taxonomy":"product_brand","embeddable":true,"href":"https:\/\/siemid.com\/fr\/wp-json\/wp\/v2\/product_brand?post=41196"},{"taxonomy":"product_cat","embeddable":true,"href":"https:\/\/siemid.com\/fr\/wp-json\/wp\/v2\/product_cat?post=41196"},{"taxonomy":"product_tag","embeddable":true,"href":"https:\/\/siemid.com\/fr\/wp-json\/wp\/v2\/product_tag?post=41196"}],"curies":[{"name":"wp","href":"https:\/\/api.w.org\/{rel}","templated":true}]}}