{"id":41332,"date":"2024-01-04T16:30:30","date_gmt":"2024-01-04T16:30:30","guid":{"rendered":"https:\/\/siemid.com\/?post_type=product&#038;p=41332"},"modified":"2024-01-04T16:42:43","modified_gmt":"2024-01-04T16:42:43","slug":"vanity-mirror-light-bulb-fits-2000-2016-audi-a4-22wx47r","status":"publish","type":"product","link":"https:\/\/siemid.com\/fr\/produit\/vanity-mirror-light-bulb-fits-2000-2016-audi-a4-22wx47r\/","title":{"rendered":"Ampoule du miroir de courtoisie pour Audi A4 2000-2016 22WX47R"},"content":{"rendered":"<p>Adaptation<\/br>Veuillez v\u00e9rifier le filtre d'adaptation automobile sup\u00e9rieur et la description pour voir si cet article fonctionnera sur votre v\u00e9hicule avant de l'acheter !<\/br><\/br>Note<\/br>6418 Bulb - 12V 1W SV8.5-8 6.5K 36 Off Road Use Single<\/br><\/br>Condition<\/br>100% Nouveau dans l'emballage d'usine, jamais utilis\u00e9 ou install\u00e9. Garantit la qualit\u00e9 et la performance du produit.<\/br><\/br>Num\u00e9ro de pi\u00e8ce<\/br>22WX47R<\/br><\/br>Fonctionnalit\u00e9<\/br>6418 Ampoule - 12V 1W SV8.5-8 6.5K 36 ; Utilisation hors route ; Simple<\/p>","protected":false},"excerpt":{"rendered":"<p>Fitment:Veuillez v\u00e9rifier le filtre Fitment et la description pour voir si cet article fonctionnera sur votre v\u00e9hicule avant de l'acheter !<br \/>\nNote:6418 Bulb - 12V 1W SV8.5-8 6.5K 36 Off Road Use Single<br \/>\nNum\u00e9ro de pi\u00e8ce:22WX47R<br \/>\nCaract\u00e9ristique : 6418 Bulb - 12V 1W SV8.5-8 6.5K 36 ; Off Road Use ; Single<br \/>\nCondition : 100% Nouveau dans l'emballage d'usine, jamais utilis\u00e9 ou install\u00e9. Garantit la qualit\u00e9 et la performance du produit.<\/p>","protected":false},"featured_media":41502,"comment_status":"open","ping_status":"closed","template":"","meta":{"_acf_changed":false,"om_disable_all_campaigns":false,"inline_featured_image":false,"_mi_skip_tracking":false,"_monsterinsights_sitenote_active":false,"_monsterinsights_sitenote_note":"","_monsterinsights_sitenote_category":0},"product_brand":[],"product_cat":[557],"product_tag":[135147],"class_list":{"0":"post-41332","1":"product","2":"type-product","3":"status-publish","4":"has-post-thumbnail","6":"product_cat-car-bulbs","7":"product_tag-warehouse-location-united-states","8":"product_shipping_class-us-stock-flat","9":"pa_brand-siemid","10":"pa_compatibility-2000-audi-a4","12":"first","13":"instock","14":"sale","15":"shipping-taxable","16":"purchasable","17":"product-type-simple"},"acf":[],"aioseo_notices":[],"_links":{"self":[{"href":"https:\/\/siemid.com\/fr\/wp-json\/wp\/v2\/product\/41332","targetHints":{"allow":["GET"]}}],"collection":[{"href":"https:\/\/siemid.com\/fr\/wp-json\/wp\/v2\/product"}],"about":[{"href":"https:\/\/siemid.com\/fr\/wp-json\/wp\/v2\/types\/product"}],"replies":[{"embeddable":true,"href":"https:\/\/siemid.com\/fr\/wp-json\/wp\/v2\/comments?post=41332"}],"wp:featuredmedia":[{"embeddable":true,"href":"https:\/\/siemid.com\/fr\/wp-json\/wp\/v2\/media\/41502"}],"wp:attachment":[{"href":"https:\/\/siemid.com\/fr\/wp-json\/wp\/v2\/media?parent=41332"}],"wp:term":[{"taxonomy":"product_brand","embeddable":true,"href":"https:\/\/siemid.com\/fr\/wp-json\/wp\/v2\/product_brand?post=41332"},{"taxonomy":"product_cat","embeddable":true,"href":"https:\/\/siemid.com\/fr\/wp-json\/wp\/v2\/product_cat?post=41332"},{"taxonomy":"product_tag","embeddable":true,"href":"https:\/\/siemid.com\/fr\/wp-json\/wp\/v2\/product_tag?post=41332"}],"curies":[{"name":"wp","href":"https:\/\/api.w.org\/{rel}","templated":true}]}}