{"id":41452,"date":"2024-01-04T16:33:01","date_gmt":"2024-01-04T16:33:01","guid":{"rendered":"https:\/\/siemid.com\/?post_type=product&#038;p=41452"},"modified":"2024-01-04T16:42:38","modified_gmt":"2024-01-04T16:42:38","slug":"3175w-smd-dome-bulb-new-for-chevy-le-sabre-240-260-280-2000-truck","status":"publish","type":"product","link":"https:\/\/siemid.com\/fr\/produit\/3175w-smd-dome-bulb-new-for-chevy-le-sabre-240-260-280-2000-truck\/","title":{"rendered":"3175W-SMD Dome Bulb New for Chevy Le Sabre 240 260 280 2000 Truck"},"content":{"rendered":"<p>Nom du produit<\/br>Ampoule de plafonnier<\/br><\/br>Adaptation<\/br>Veuillez v\u00e9rifier le filtre d'adaptation automobile sup\u00e9rieur et la description pour voir si cet article fonctionnera sur votre v\u00e9hicule avant de l'acheter !<\/br><\/br>Condition<\/br>100% Nouveau dans l'emballage d'usine, jamais utilis\u00e9 ou install\u00e9. Garantit la qualit\u00e9 et la performance du produit.<\/br><\/br>Item_Offered<\/br>Quantit\u00e9 vendue : Vendu individuellement<\/br><\/br>Num\u00e9ro de pi\u00e8ce<\/br>3175W-SMD<\/p>","protected":false},"excerpt":{"rendered":"<p>Adaptation:Veuillez v\u00e9rifier le filtre d'adaptation automobile sup\u00e9rieur et la description pour voir si cet article fonctionnera sur votre v\u00e9hicule avant de l'acheter !<br \/>\nNum\u00e9ro de pi\u00e8ce:3175W-SMD<br \/>\nCondition : 100% Nouveau dans l'emballage d'usine, jamais utilis\u00e9 ou install\u00e9. Garantit la qualit\u00e9 et la performance du produit.<br \/>\nConstruit : Construit avec soin pour r\u00e9pondre aux normes industrielles de contr\u00f4le de la qualit\u00e9, garantissant des performances fiables et constantes.<br \/>\nMat\u00e9riau : L'article est fabriqu\u00e9 \u00e0 partir de mat\u00e9riaux soigneusement s\u00e9lectionn\u00e9s pour leur r\u00e9sistance et leur durabilit\u00e9, ce qui garantit une qualit\u00e9 et des performances excellentes.<\/p>","protected":false},"featured_media":41609,"comment_status":"open","ping_status":"closed","template":"","meta":{"_acf_changed":false,"om_disable_all_campaigns":false,"inline_featured_image":false,"_mi_skip_tracking":false,"_monsterinsights_sitenote_active":false,"_monsterinsights_sitenote_note":"","_monsterinsights_sitenote_category":0},"product_brand":[],"product_cat":[557],"product_tag":[135147],"class_list":{"0":"post-41452","1":"product","2":"type-product","3":"status-publish","4":"has-post-thumbnail","6":"product_cat-car-bulbs","7":"product_tag-warehouse-location-united-states","8":"product_shipping_class-us-stock-flat","9":"pa_brand-siemid","11":"first","12":"instock","13":"sale","14":"shipping-taxable","15":"purchasable","16":"product-type-simple"},"acf":[],"aioseo_notices":[],"_links":{"self":[{"href":"https:\/\/siemid.com\/fr\/wp-json\/wp\/v2\/product\/41452","targetHints":{"allow":["GET"]}}],"collection":[{"href":"https:\/\/siemid.com\/fr\/wp-json\/wp\/v2\/product"}],"about":[{"href":"https:\/\/siemid.com\/fr\/wp-json\/wp\/v2\/types\/product"}],"replies":[{"embeddable":true,"href":"https:\/\/siemid.com\/fr\/wp-json\/wp\/v2\/comments?post=41452"}],"wp:featuredmedia":[{"embeddable":true,"href":"https:\/\/siemid.com\/fr\/wp-json\/wp\/v2\/media\/41609"}],"wp:attachment":[{"href":"https:\/\/siemid.com\/fr\/wp-json\/wp\/v2\/media?parent=41452"}],"wp:term":[{"taxonomy":"product_brand","embeddable":true,"href":"https:\/\/siemid.com\/fr\/wp-json\/wp\/v2\/product_brand?post=41452"},{"taxonomy":"product_cat","embeddable":true,"href":"https:\/\/siemid.com\/fr\/wp-json\/wp\/v2\/product_cat?post=41452"},{"taxonomy":"product_tag","embeddable":true,"href":"https:\/\/siemid.com\/fr\/wp-json\/wp\/v2\/product_tag?post=41452"}],"curies":[{"name":"wp","href":"https:\/\/api.w.org\/{rel}","templated":true}]}}