{"id":41453,"date":"2024-01-04T16:33:01","date_gmt":"2024-01-04T16:33:01","guid":{"rendered":"https:\/\/siemid.com\/?post_type=product&#038;p=41453"},"modified":"2024-01-04T16:42:38","modified_gmt":"2024-01-04T16:42:38","slug":"for-infiniti-nissan-light-bulb","status":"publish","type":"product","link":"https:\/\/siemid.com\/fr\/produit\/for-infiniti-nissan-light-bulb\/","title":{"rendered":"Pour INFINITI Ampoule Nissan"},"content":{"rendered":"<p>Nom du produit<\/br>Ampoule<\/br><\/br>Adaptation<\/br>Veuillez v\u00e9rifier le filtre d'adaptation automobile sup\u00e9rieur et la description pour voir si cet article fonctionnera sur votre v\u00e9hicule avant de l'acheter !<\/br><\/br>Condition<\/br>100% Nouveau dans l'emballage d'usine, jamais utilis\u00e9 ou install\u00e9. Garantit la qualit\u00e9 et la performance du produit.<\/br><\/br>Note<\/br>Bo\u00eete \u00e0 gants, paquet de 1 ampoule<\/br><\/br>Sp\u00e9cifications<\/br>Quantit\u00e9 vendue | Vendu \u00e0 l'unit\u00e9 | Remplace le num\u00e9ro 248602J001<\/br><\/br>Num\u00e9ro de pi\u00e8ce<\/br>248602J001,639-044<\/br><\/br>Description \/ Notes<\/br>Conditions d'utilisation<\/br><\/br>Fonctionnalit\u00e9<\/br>Simple \u00e0 installer<\/br>Con\u00e7u avec des mat\u00e9riaux de haute qualit\u00e9<\/br>La couverture comprend une grande vari\u00e9t\u00e9 d'applications<\/p>","protected":false},"excerpt":{"rendered":"<p>Fitment:Veuillez v\u00e9rifier le filtre Fitment et la description pour voir si cet article fonctionnera sur votre v\u00e9hicule avant de l'acheter !<br \/>\nNote:Bo\u00eete \u00e0 gants, paquet de 1 ampoule<br \/>\nSp\u00e9cification : Quantit\u00e9 vendue | Vendu individuellement | Remplace le num\u00e9ro 248602J001<br \/>\nPart_Number:248602J001,639-044<br \/>\nDescription \/ Notes:Conditions d'utilisation<\/p>","protected":false},"featured_media":41615,"comment_status":"open","ping_status":"closed","template":"","meta":{"_acf_changed":false,"om_disable_all_campaigns":false,"inline_featured_image":false,"_mi_skip_tracking":false,"_monsterinsights_sitenote_active":false,"_monsterinsights_sitenote_note":"","_monsterinsights_sitenote_category":0},"product_brand":[],"product_cat":[557],"product_tag":[135147],"class_list":{"0":"post-41453","1":"product","2":"type-product","3":"status-publish","4":"has-post-thumbnail","6":"product_cat-car-bulbs","7":"product_tag-warehouse-location-united-states","8":"product_shipping_class-us-stock-flat","9":"pa_brand-siemid","11":"first","12":"instock","13":"sale","14":"shipping-taxable","15":"purchasable","16":"product-type-simple"},"acf":[],"aioseo_notices":[],"_links":{"self":[{"href":"https:\/\/siemid.com\/fr\/wp-json\/wp\/v2\/product\/41453","targetHints":{"allow":["GET"]}}],"collection":[{"href":"https:\/\/siemid.com\/fr\/wp-json\/wp\/v2\/product"}],"about":[{"href":"https:\/\/siemid.com\/fr\/wp-json\/wp\/v2\/types\/product"}],"replies":[{"embeddable":true,"href":"https:\/\/siemid.com\/fr\/wp-json\/wp\/v2\/comments?post=41453"}],"wp:featuredmedia":[{"embeddable":true,"href":"https:\/\/siemid.com\/fr\/wp-json\/wp\/v2\/media\/41615"}],"wp:attachment":[{"href":"https:\/\/siemid.com\/fr\/wp-json\/wp\/v2\/media?parent=41453"}],"wp:term":[{"taxonomy":"product_brand","embeddable":true,"href":"https:\/\/siemid.com\/fr\/wp-json\/wp\/v2\/product_brand?post=41453"},{"taxonomy":"product_cat","embeddable":true,"href":"https:\/\/siemid.com\/fr\/wp-json\/wp\/v2\/product_cat?post=41453"},{"taxonomy":"product_tag","embeddable":true,"href":"https:\/\/siemid.com\/fr\/wp-json\/wp\/v2\/product_tag?post=41453"}],"curies":[{"name":"wp","href":"https:\/\/api.w.org\/{rel}","templated":true}]}}