{"id":41477,"date":"2024-01-04T16:33:32","date_gmt":"2024-01-04T16:33:32","guid":{"rendered":"https:\/\/siemid.com\/?post_type=product&#038;p=41477"},"modified":"2024-01-04T16:42:38","modified_gmt":"2024-01-04T16:42:38","slug":"for-chevy-1984-1989-corvette-hatchback-interior-courtesy-light-bulb-kit-12-pcs","status":"publish","type":"product","link":"https:\/\/siemid.com\/fr\/produit\/for-chevy-1984-1989-corvette-hatchback-interior-courtesy-light-bulb-kit-12-pcs\/","title":{"rendered":"Pour Chevrolet 1984-1989 Corvette Hatchback Kit d'ampoules de courtoisie int\u00e9rieure 12 pi\u00e8ces"},"content":{"rendered":"<p>Adaptation<\/br>Veuillez v\u00e9rifier le filtre d'adaptation automobile sup\u00e9rieur et la description pour voir si cet article fonctionnera sur votre v\u00e9hicule avant de l'acheter !<\/br><\/br>Condition<\/br>100% Nouveau dans l'emballage d'usine, jamais utilis\u00e9 ou install\u00e9. Garantit la qualit\u00e9 et la performance du produit.<\/br><\/br>Item_Offered<\/br>Nombre d'ampoules : 12<\/br><\/br>Sp\u00e9cifications<\/br>Tension : 12 V<\/br><\/br>Num\u00e9ro de pi\u00e8ce<\/br>601008<\/br><\/br>Type<\/br>\u00c9clairage int\u00e9rieur<\/p>","protected":false},"excerpt":{"rendered":"<p>Adaptation:Veuillez v\u00e9rifier le filtre d'adaptation automobile sup\u00e9rieur et la description pour voir si cet article fonctionnera sur votre v\u00e9hicule avant de l'acheter !<br \/>\nNombre d'ampoules : 12<br \/>\nNum\u00e9ro de pi\u00e8ce:601008<br \/>\nType:Eclairage int\u00e9rieur<br \/>\nCondition : 100% Nouveau dans l'emballage d'usine, jamais utilis\u00e9 ou install\u00e9. Garantit la qualit\u00e9 et la performance du produit.<\/p>","protected":false},"featured_media":41637,"comment_status":"open","ping_status":"closed","template":"","meta":{"_acf_changed":false,"om_disable_all_campaigns":false,"inline_featured_image":false,"_mi_skip_tracking":false,"_monsterinsights_sitenote_active":false,"_monsterinsights_sitenote_note":"","_monsterinsights_sitenote_category":0},"product_brand":[],"product_cat":[557],"product_tag":[135147],"class_list":{"0":"post-41477","1":"product","2":"type-product","3":"status-publish","4":"has-post-thumbnail","6":"product_cat-car-bulbs","7":"product_tag-warehouse-location-united-states","8":"product_shipping_class-us-stock-flat","9":"pa_brand-siemid","11":"first","12":"instock","13":"sale","14":"shipping-taxable","15":"purchasable","16":"product-type-simple"},"acf":[],"aioseo_notices":[],"_links":{"self":[{"href":"https:\/\/siemid.com\/fr\/wp-json\/wp\/v2\/product\/41477","targetHints":{"allow":["GET"]}}],"collection":[{"href":"https:\/\/siemid.com\/fr\/wp-json\/wp\/v2\/product"}],"about":[{"href":"https:\/\/siemid.com\/fr\/wp-json\/wp\/v2\/types\/product"}],"replies":[{"embeddable":true,"href":"https:\/\/siemid.com\/fr\/wp-json\/wp\/v2\/comments?post=41477"}],"wp:featuredmedia":[{"embeddable":true,"href":"https:\/\/siemid.com\/fr\/wp-json\/wp\/v2\/media\/41637"}],"wp:attachment":[{"href":"https:\/\/siemid.com\/fr\/wp-json\/wp\/v2\/media?parent=41477"}],"wp:term":[{"taxonomy":"product_brand","embeddable":true,"href":"https:\/\/siemid.com\/fr\/wp-json\/wp\/v2\/product_brand?post=41477"},{"taxonomy":"product_cat","embeddable":true,"href":"https:\/\/siemid.com\/fr\/wp-json\/wp\/v2\/product_cat?post=41477"},{"taxonomy":"product_tag","embeddable":true,"href":"https:\/\/siemid.com\/fr\/wp-json\/wp\/v2\/product_tag?post=41477"}],"curies":[{"name":"wp","href":"https:\/\/api.w.org\/{rel}","templated":true}]}}