{"id":41499,"date":"2024-01-04T16:34:01","date_gmt":"2024-01-04T16:34:01","guid":{"rendered":"https:\/\/siemid.com\/?post_type=product&#038;p=41499"},"modified":"2024-01-04T16:42:37","modified_gmt":"2024-01-04T16:42:37","slug":"for-1984-1996-chevrolet-corvette-c4-underhood-light-switch-and-bulb-2-pc-kit","status":"publish","type":"product","link":"https:\/\/siemid.com\/fr\/produit\/for-1984-1996-chevrolet-corvette-c4-underhood-light-switch-and-bulb-2-pc-kit\/","title":{"rendered":"Pour Chevrolet Corvette C4 1984-1996 Interrupteur et ampoule sous le capot Kit 2 pi\u00e8ces"},"content":{"rendered":"<p>Adaptation<\/br>Veuillez v\u00e9rifier le filtre d'adaptation automobile sup\u00e9rieur et la description pour voir si cet article fonctionnera sur votre v\u00e9hicule avant de l'acheter !<\/br><\/br>Item_Offered<\/br>Nombre d'ampoules : 1<\/br><\/br>Condition<\/br>100% Nouveau dans l'emballage d'usine, jamais utilis\u00e9 ou install\u00e9. Garantit la qualit\u00e9 et la performance du produit.<\/br><\/br>Apparence<\/br>Couleur de la lumi\u00e8re : claire<\/br><\/br>Position<\/br>Placement sur le v\u00e9hicule : Avant<\/br><\/br>Num\u00e9ro de pi\u00e8ce<\/br>601018<\/br><\/br>Technologie de l'\u00e9clairage<\/br>Incandescent<\/br><\/br>Convient pour<\/br>Lumi\u00e8re sous le capot<\/p>","protected":false},"excerpt":{"rendered":"<p>Fitment:Veuillez v\u00e9rifier le filtre Fitment et la description pour voir si cet article fonctionnera sur votre v\u00e9hicule avant de l'acheter !<br \/>\nNombre d'ampoules : 1<br \/>\nCouleur de la lumi\u00e8re : claire<br \/>\nPlacement sur le v\u00e9hicule : Avant<br \/>\nNum\u00e9ro de pi\u00e8ce:601018<\/p>","protected":false},"featured_media":41648,"comment_status":"open","ping_status":"closed","template":"","meta":{"_acf_changed":false,"om_disable_all_campaigns":false,"inline_featured_image":false,"_mi_skip_tracking":false,"_monsterinsights_sitenote_active":false,"_monsterinsights_sitenote_note":"","_monsterinsights_sitenote_category":0},"product_brand":[],"product_cat":[557],"product_tag":[135147],"class_list":{"0":"post-41499","1":"product","2":"type-product","3":"status-publish","4":"has-post-thumbnail","6":"product_cat-car-bulbs","7":"product_tag-warehouse-location-united-states","8":"product_shipping_class-us-stock-flat","9":"pa_brand-siemid","10":"pa_compatibility-1990-chevrolet-corvette-c4","12":"first","13":"instock","14":"sale","15":"shipping-taxable","16":"purchasable","17":"product-type-simple"},"acf":[],"aioseo_notices":[],"_links":{"self":[{"href":"https:\/\/siemid.com\/fr\/wp-json\/wp\/v2\/product\/41499","targetHints":{"allow":["GET"]}}],"collection":[{"href":"https:\/\/siemid.com\/fr\/wp-json\/wp\/v2\/product"}],"about":[{"href":"https:\/\/siemid.com\/fr\/wp-json\/wp\/v2\/types\/product"}],"replies":[{"embeddable":true,"href":"https:\/\/siemid.com\/fr\/wp-json\/wp\/v2\/comments?post=41499"}],"wp:featuredmedia":[{"embeddable":true,"href":"https:\/\/siemid.com\/fr\/wp-json\/wp\/v2\/media\/41648"}],"wp:attachment":[{"href":"https:\/\/siemid.com\/fr\/wp-json\/wp\/v2\/media?parent=41499"}],"wp:term":[{"taxonomy":"product_brand","embeddable":true,"href":"https:\/\/siemid.com\/fr\/wp-json\/wp\/v2\/product_brand?post=41499"},{"taxonomy":"product_cat","embeddable":true,"href":"https:\/\/siemid.com\/fr\/wp-json\/wp\/v2\/product_cat?post=41499"},{"taxonomy":"product_tag","embeddable":true,"href":"https:\/\/siemid.com\/fr\/wp-json\/wp\/v2\/product_tag?post=41499"}],"curies":[{"name":"wp","href":"https:\/\/api.w.org\/{rel}","templated":true}]}}