{"id":41501,"date":"2024-01-04T16:34:02","date_gmt":"2024-01-04T16:34:02","guid":{"rendered":"https:\/\/siemid.com\/?post_type=product&#038;p=41501"},"modified":"2024-01-04T16:42:37","modified_gmt":"2024-01-04T16:42:37","slug":"new-original-94196-h4-75-70w-p43t-24v-halogen-headlight-lampbulb-bilux-usa","status":"publish","type":"product","link":"https:\/\/siemid.com\/fr\/produit\/new-original-94196-h4-75-70w-p43t-24v-halogen-headlight-lampbulb-bilux-usa\/","title":{"rendered":"Nouveau Original 94196 H4 75\/70W P43T 24V Halogen Headlight Lampbulb BILUX USA"},"content":{"rendered":"<p>L'histoire de Headlight<\/br>Headlight a \u00e9t\u00e9 fond\u00e9e en 2015 par un groupe d'entrepreneurs et d'ing\u00e9nieurs qui souhaitaient cr\u00e9er une meilleure fa\u00e7on pour les conducteurs de naviguer sur les routes. Ils ont cr\u00e9\u00e9 leur premier produit, un petit appareil peu co\u00fbteux qui pouvait \u00eatre mont\u00e9 sur le tableau de bord d'une voiture et fournir une navigation en temps r\u00e9el.<\/br><\/br>Adaptation<\/br>Veuillez v\u00e9rifier le filtre d'adaptation automobile sup\u00e9rieur et la description pour voir si cet article fonctionnera sur votre v\u00e9hicule avant de l'acheter !<\/br><\/br>Condition<\/br>100% Nouveau dans l'emballage d'usine, jamais utilis\u00e9 ou install\u00e9. Garantit la qualit\u00e9 et la performance du produit.<\/br><\/br>Item_Offered<\/br>Articles inclus : Ampoules, avec bo\u00eete de vente au d\u00e9tail<\/br>Nombre d'ampoules : 1<\/br><\/br>Sp\u00e9cifications<\/br>Base : P43tq<\/br><\/br>Num\u00e9ro de pi\u00e8ce<\/br>64196<\/br><\/br>Tension nominale<\/br>24.0 V<\/br><\/br>Puissance nominale<\/br>75\/70 W<\/br><\/br>Entr\u00e9e d'alimentation<\/br>85 \/ 80 W<\/br><\/br>Tension d'essai<\/br>28.0 V<\/br><\/br>Type<\/br>H4<\/br><\/br>Garantie<\/br>Garantie du fabricant : 6 mois<\/br><\/br>Mat\u00e9riau<\/br>Lentille en plastique ABS \/ polycarbonate, fabriqu\u00e9e \u00e0 partir de mat\u00e9riaux comparables de haute qualit\u00e9 pour r\u00e9sister \u00e0 l'usure de la route et \u00e0 l'\u00e9preuve du temps.<\/br><\/br>Fonction du phare<\/br>La fonction premi\u00e8re d'un phare est d'\u00e9clairer la route devant le conducteur, afin qu'il puisse voir les dangers potentiels et les autres v\u00e9hicules. Les phares sont \u00e9galement utilis\u00e9s pour rendre un v\u00e9hicule plus visible aux autres conducteurs et aux pi\u00e9tons, ce qui permet d'\u00e9viter les accidents.<\/p>","protected":false},"excerpt":{"rendered":"<p>Fitment:Veuillez v\u00e9rifier le filtre Fitment et la description pour voir si cet article fonctionnera sur votre v\u00e9hicule avant de l'acheter !<br \/>\nArticles inclus : Ampoules, avec bo\u00eete de vente au d\u00e9tail<br \/>\nNombre d'ampoules : 1<br \/>\nNum\u00e9ro de pi\u00e8ce:64196<br \/>\nTension nominale : 24,0 V<\/p>","protected":false},"featured_media":41661,"comment_status":"open","ping_status":"closed","template":"","meta":{"_acf_changed":false,"om_disable_all_campaigns":false,"inline_featured_image":false,"_mi_skip_tracking":false,"_monsterinsights_sitenote_active":false,"_monsterinsights_sitenote_note":"","_monsterinsights_sitenote_category":0},"product_brand":[],"product_cat":[557],"product_tag":[135147],"class_list":{"0":"post-41501","1":"product","2":"type-product","3":"status-publish","4":"has-post-thumbnail","6":"product_cat-car-bulbs","7":"product_tag-warehouse-location-united-states","8":"product_shipping_class-us-stock-flat","9":"pa_brand-siemid","11":"first","12":"instock","13":"sale","14":"shipping-taxable","15":"purchasable","16":"product-type-simple"},"acf":[],"aioseo_notices":[],"_links":{"self":[{"href":"https:\/\/siemid.com\/fr\/wp-json\/wp\/v2\/product\/41501","targetHints":{"allow":["GET"]}}],"collection":[{"href":"https:\/\/siemid.com\/fr\/wp-json\/wp\/v2\/product"}],"about":[{"href":"https:\/\/siemid.com\/fr\/wp-json\/wp\/v2\/types\/product"}],"replies":[{"embeddable":true,"href":"https:\/\/siemid.com\/fr\/wp-json\/wp\/v2\/comments?post=41501"}],"wp:featuredmedia":[{"embeddable":true,"href":"https:\/\/siemid.com\/fr\/wp-json\/wp\/v2\/media\/41661"}],"wp:attachment":[{"href":"https:\/\/siemid.com\/fr\/wp-json\/wp\/v2\/media?parent=41501"}],"wp:term":[{"taxonomy":"product_brand","embeddable":true,"href":"https:\/\/siemid.com\/fr\/wp-json\/wp\/v2\/product_brand?post=41501"},{"taxonomy":"product_cat","embeddable":true,"href":"https:\/\/siemid.com\/fr\/wp-json\/wp\/v2\/product_cat?post=41501"},{"taxonomy":"product_tag","embeddable":true,"href":"https:\/\/siemid.com\/fr\/wp-json\/wp\/v2\/product_tag?post=41501"}],"curies":[{"name":"wp","href":"https:\/\/api.w.org\/{rel}","templated":true}]}}