{"id":41522,"date":"2024-01-04T16:34:30","date_gmt":"2024-01-04T16:34:30","guid":{"rendered":"https:\/\/siemid.com\/?post_type=product&#038;p=41522"},"modified":"2024-01-04T16:42:36","modified_gmt":"2024-01-04T16:42:36","slug":"89092-pw24w-b209wh-wp3-3x14-5-4-fog-light-bulb-for-golf-7-bmw-316-320-us","status":"publish","type":"product","link":"https:\/\/siemid.com\/fr\/produit\/89092-pw24w-b209wh-wp3-3x14-5-4-fog-light-bulb-for-golf-7-bmw-316-320-us\/","title":{"rendered":"89092 PW24W B209WH WP3.3X14.5-4 Ampoule Feu de Brouillard Pour Golf 7 Bmw 316 320 US"},"content":{"rendered":"<p>Condition<\/br>100% Nouveau dans l'emballage d'usine, jamais utilis\u00e9 ou install\u00e9. Garantit la qualit\u00e9 et la performance du produit.<\/br><\/br>Item_Offered<\/br>Articles inclus : Ampoules<\/br>Nombre d'ampoules : 1<\/br><\/br>Sp\u00e9cifications<\/br>Base : Wp3.3X14.5-4<\/br>Tension : 12V<\/br><\/br>Num\u00e9ro de pi\u00e8ce<\/br>C119-413<\/br><\/br>Type<\/br>PW24W<\/br><\/br>Puissance<\/br>24W<\/br><\/br>Garantie<\/br>Garantie du fabricant : 5 ans<\/br><\/br>Fonctionnalit\u00e9<\/br>Dans les 180 jours suivant la r\u00e9ception de l'article, oui<\/p>","protected":false},"excerpt":{"rendered":"<p>Articles inclus : Ampoules<br \/>\nNombre d'ampoules : 1<br \/>\nBase : Wp3.3X14.5-4<br \/>\nNum\u00e9ro de pi\u00e8ce:C119-413<br \/>\nGarantie du fabricant : 5 ans<\/p>","protected":false},"featured_media":41667,"comment_status":"open","ping_status":"closed","template":"","meta":{"_acf_changed":false,"om_disable_all_campaigns":false,"inline_featured_image":false,"_mi_skip_tracking":false,"_monsterinsights_sitenote_active":false,"_monsterinsights_sitenote_note":"","_monsterinsights_sitenote_category":0},"product_brand":[],"product_cat":[557],"product_tag":[135147],"class_list":{"0":"post-41522","1":"product","2":"type-product","3":"status-publish","4":"has-post-thumbnail","6":"product_cat-car-bulbs","7":"product_tag-warehouse-location-united-states","8":"product_shipping_class-us-stock-flat","9":"pa_brand-siemid","11":"first","12":"instock","13":"sale","14":"shipping-taxable","15":"purchasable","16":"product-type-simple"},"acf":[],"aioseo_notices":[],"_links":{"self":[{"href":"https:\/\/siemid.com\/fr\/wp-json\/wp\/v2\/product\/41522","targetHints":{"allow":["GET"]}}],"collection":[{"href":"https:\/\/siemid.com\/fr\/wp-json\/wp\/v2\/product"}],"about":[{"href":"https:\/\/siemid.com\/fr\/wp-json\/wp\/v2\/types\/product"}],"replies":[{"embeddable":true,"href":"https:\/\/siemid.com\/fr\/wp-json\/wp\/v2\/comments?post=41522"}],"wp:featuredmedia":[{"embeddable":true,"href":"https:\/\/siemid.com\/fr\/wp-json\/wp\/v2\/media\/41667"}],"wp:attachment":[{"href":"https:\/\/siemid.com\/fr\/wp-json\/wp\/v2\/media?parent=41522"}],"wp:term":[{"taxonomy":"product_brand","embeddable":true,"href":"https:\/\/siemid.com\/fr\/wp-json\/wp\/v2\/product_brand?post=41522"},{"taxonomy":"product_cat","embeddable":true,"href":"https:\/\/siemid.com\/fr\/wp-json\/wp\/v2\/product_cat?post=41522"},{"taxonomy":"product_tag","embeddable":true,"href":"https:\/\/siemid.com\/fr\/wp-json\/wp\/v2\/product_tag?post=41522"}],"curies":[{"name":"wp","href":"https:\/\/api.w.org\/{rel}","templated":true}]}}