{"id":41523,"date":"2024-01-04T16:34:30","date_gmt":"2024-01-04T16:34:30","guid":{"rendered":"https:\/\/siemid.com\/?post_type=product&#038;p=41523"},"modified":"2024-01-04T16:42:36","modified_gmt":"2024-01-04T16:42:36","slug":"for-amber-front-turn-signal-light-bulb-12181na-pwy24w-fit-for-audi-a4l","status":"publish","type":"product","link":"https:\/\/siemid.com\/fr\/produit\/for-amber-front-turn-signal-light-bulb-12181na-pwy24w-fit-for-audi-a4l\/","title":{"rendered":"Ampoule ambre pour clignotant avant 12181NA PWY24W pour Audi A4L"},"content":{"rendered":"<p>Adaptation<\/br>Veuillez v\u00e9rifier le filtre d'adaptation automobile sup\u00e9rieur et la description pour voir si cet article fonctionnera sur votre v\u00e9hicule avant de l'acheter !<\/br><\/br>Condition<\/br>100% Nouveau dans l'emballage d'usine, jamais utilis\u00e9 ou install\u00e9. Garantit la qualit\u00e9 et la performance du produit.<\/br><\/br>Item_Offered<\/br>Articles inclus : Ampoules<\/br>Nombre d'ampoules : 1<\/br><\/br>Position<\/br>Placement sur le v\u00e9hicule : Avant<\/br><\/br>Sp\u00e9cifications<\/br>Tension : 12V<\/br><\/br>Num\u00e9ro de pi\u00e8ce<\/br>C119-981-B<\/br><\/br>Type<\/br>Pwy24W<\/br><\/br>Watt<\/br>24W<\/br><\/br>Fonctionnalit\u00e9<\/br>Dans les 180 jours suivant la r\u00e9ception de l'article, oui<\/p>","protected":false},"excerpt":{"rendered":"<p>Fitment:Veuillez v\u00e9rifier le filtre Fitment et la description pour voir si cet article fonctionnera sur votre v\u00e9hicule avant de l'acheter !<br \/>\nArticles inclus : Ampoules<br \/>\nNombre d'ampoules : 1<br \/>\nPlacement sur le v\u00e9hicule : Avant<br \/>\nPart_Number:C119-981-B<\/p>","protected":false},"featured_media":41674,"comment_status":"open","ping_status":"closed","template":"","meta":{"_acf_changed":false,"om_disable_all_campaigns":false,"inline_featured_image":false,"_mi_skip_tracking":false,"_monsterinsights_sitenote_active":false,"_monsterinsights_sitenote_note":"","_monsterinsights_sitenote_category":0},"product_brand":[],"product_cat":[557],"product_tag":[135147],"class_list":{"0":"post-41523","1":"product","2":"type-product","3":"status-publish","4":"has-post-thumbnail","6":"product_cat-car-bulbs","7":"product_tag-warehouse-location-united-states","8":"product_shipping_class-us-stock-flat","9":"pa_brand-siemid","11":"first","12":"instock","13":"sale","14":"shipping-taxable","15":"purchasable","16":"product-type-simple"},"acf":[],"aioseo_notices":[],"_links":{"self":[{"href":"https:\/\/siemid.com\/fr\/wp-json\/wp\/v2\/product\/41523","targetHints":{"allow":["GET"]}}],"collection":[{"href":"https:\/\/siemid.com\/fr\/wp-json\/wp\/v2\/product"}],"about":[{"href":"https:\/\/siemid.com\/fr\/wp-json\/wp\/v2\/types\/product"}],"replies":[{"embeddable":true,"href":"https:\/\/siemid.com\/fr\/wp-json\/wp\/v2\/comments?post=41523"}],"wp:featuredmedia":[{"embeddable":true,"href":"https:\/\/siemid.com\/fr\/wp-json\/wp\/v2\/media\/41674"}],"wp:attachment":[{"href":"https:\/\/siemid.com\/fr\/wp-json\/wp\/v2\/media?parent=41523"}],"wp:term":[{"taxonomy":"product_brand","embeddable":true,"href":"https:\/\/siemid.com\/fr\/wp-json\/wp\/v2\/product_brand?post=41523"},{"taxonomy":"product_cat","embeddable":true,"href":"https:\/\/siemid.com\/fr\/wp-json\/wp\/v2\/product_cat?post=41523"},{"taxonomy":"product_tag","embeddable":true,"href":"https:\/\/siemid.com\/fr\/wp-json\/wp\/v2\/product_tag?post=41523"}],"curies":[{"name":"wp","href":"https:\/\/api.w.org\/{rel}","templated":true}]}}