{"id":41525,"date":"2024-01-04T16:34:31","date_gmt":"2024-01-04T16:34:31","guid":{"rendered":"https:\/\/siemid.com\/?post_type=product&#038;p=41525"},"modified":"2024-01-04T16:42:35","modified_gmt":"2024-01-04T16:42:35","slug":"quality-tail-light-bulb-led-control-for-13-18-ats-16-elr-13-18-xts-13579168","status":"publish","type":"product","link":"https:\/\/siemid.com\/fr\/produit\/quality-tail-light-bulb-led-control-for-13-18-ats-16-elr-13-18-xts-13579168\/","title":{"rendered":"Qualit\u00e9 Ampoule Feu Arri\u00e8re LED Control Pour 13-18 ATS 16 ELR 13-18 XTS 13579168"},"content":{"rendered":"<p>Adaptation<\/br>Veuillez v\u00e9rifier le filtre d'adaptation automobile sup\u00e9rieur et la description pour voir si cet article fonctionnera sur votre v\u00e9hicule avant de l'acheter !<\/br><\/br>Condition<\/br>100% Nouveau dans l'emballage d'usine, jamais utilis\u00e9 ou install\u00e9. Garantit la qualit\u00e9 et la performance du produit.<\/br><\/br>Item_Offered<\/br>Nombre de pi\u00e8ces : 1pc<\/br><\/br>Note<\/br>Pas d'instruction incluse<\/br><\/br>Apparence<\/br>Couleur du bo\u00eetier : argent<\/br><\/br>Position<\/br>Placement sur le v\u00e9hicule : Gauche, arri\u00e8re, droite<\/br><\/br>Sp\u00e9cifications<\/br>Tension : 12V<\/br><\/br>Num\u00e9ro de pi\u00e8ce<\/br>JNPES7<\/br><\/br>Type de faisceau<\/br>Feux de route, Feux de croisement<\/br><\/br>Type<\/br>Contr\u00f4le des ampoules de feux arri\u00e8re<\/br><\/br>Puissance<\/br>35W<\/br><\/br>Garantie<\/br>Garantie du fabricant : 2 ans<\/p>","protected":false},"excerpt":{"rendered":"<p>Adaptation:Veuillez v\u00e9rifier le filtre d'adaptation automobile sup\u00e9rieur et la description pour voir si cet article fonctionnera sur votre v\u00e9hicule avant de l'acheter !<br \/>\nNombre de pi\u00e8ces : 1pc<br \/>\nNote : Aucune instruction n'est incluse<br \/>\nCouleur du bo\u00eetier : argent<br \/>\nPlacement sur le v\u00e9hicule : Gauche, arri\u00e8re, droite<\/p>","protected":false},"featured_media":41694,"comment_status":"open","ping_status":"closed","template":"","meta":{"_acf_changed":false,"om_disable_all_campaigns":false,"inline_featured_image":false,"_mi_skip_tracking":false,"_monsterinsights_sitenote_active":false,"_monsterinsights_sitenote_note":"","_monsterinsights_sitenote_category":0},"product_brand":[],"product_cat":[557],"product_tag":[135147],"class_list":{"0":"post-41525","1":"product","2":"type-product","3":"status-publish","4":"has-post-thumbnail","6":"product_cat-car-bulbs","7":"product_tag-warehouse-location-united-states","8":"product_shipping_class-us-stock-flat","9":"pa_brand-siemid","11":"first","12":"instock","13":"sale","14":"shipping-taxable","15":"purchasable","16":"product-type-simple"},"acf":[],"aioseo_notices":[],"_links":{"self":[{"href":"https:\/\/siemid.com\/fr\/wp-json\/wp\/v2\/product\/41525","targetHints":{"allow":["GET"]}}],"collection":[{"href":"https:\/\/siemid.com\/fr\/wp-json\/wp\/v2\/product"}],"about":[{"href":"https:\/\/siemid.com\/fr\/wp-json\/wp\/v2\/types\/product"}],"replies":[{"embeddable":true,"href":"https:\/\/siemid.com\/fr\/wp-json\/wp\/v2\/comments?post=41525"}],"wp:featuredmedia":[{"embeddable":true,"href":"https:\/\/siemid.com\/fr\/wp-json\/wp\/v2\/media\/41694"}],"wp:attachment":[{"href":"https:\/\/siemid.com\/fr\/wp-json\/wp\/v2\/media?parent=41525"}],"wp:term":[{"taxonomy":"product_brand","embeddable":true,"href":"https:\/\/siemid.com\/fr\/wp-json\/wp\/v2\/product_brand?post=41525"},{"taxonomy":"product_cat","embeddable":true,"href":"https:\/\/siemid.com\/fr\/wp-json\/wp\/v2\/product_cat?post=41525"},{"taxonomy":"product_tag","embeddable":true,"href":"https:\/\/siemid.com\/fr\/wp-json\/wp\/v2\/product_tag?post=41525"}],"curies":[{"name":"wp","href":"https:\/\/api.w.org\/{rel}","templated":true}]}}