{"id":41547,"date":"2024-01-04T16:35:01","date_gmt":"2024-01-04T16:35:01","guid":{"rendered":"https:\/\/siemid.com\/?post_type=product&#038;p=41547"},"modified":"2024-01-04T16:42:35","modified_gmt":"2024-01-04T16:42:35","slug":"6-volt-3-watt-speedometer-bulb-for-honda-5-pack-34902-202-000-943-003","status":"publish","type":"product","link":"https:\/\/siemid.com\/fr\/produit\/6-volt-3-watt-speedometer-bulb-for-honda-5-pack-34902-202-000-943-003\/","title":{"rendered":"AMPOULE DE COMPTEUR DE VITESSE 6 VOLTS 3 WATTS POUR HONDA-5\/PAQUET 34902-202-000 \/ 943-003"},"content":{"rendered":"<p>Adaptation<\/br>Veuillez v\u00e9rifier le filtre d'adaptation automobile sup\u00e9rieur et la description pour voir si cet article fonctionnera sur votre v\u00e9hicule avant de l'acheter !<\/br><\/br>Item_Offered<\/br>Vendu comme : Paquets de cinq<\/br><\/br>Note<\/br>Ne peut \u00eatre utilis\u00e9 sur les mod\u00e8les 12 volts<\/br><\/br>Condition<\/br>100% Nouveau dans l'emballage d'usine, jamais utilis\u00e9 ou install\u00e9. Garantit la qualit\u00e9 et la performance du produit.<\/br><\/br>Sp\u00e9cifications<\/br>Diam\u00e8tre de la base : 9 mm<\/br>Caract\u00e9ristiques de l'article : Amp\u00e9rage .49A \/ 490Ma<\/br>Diam\u00e8tre global maximum .43\u2033\/11Mm<\/br>Longueur totale maximale .94\u2033\/23.9Mm<\/br>Type de pi\u00e8ce : Electricit\u00e9 et \u00e9clairage<\/br>Tension : 6,75V<\/br><\/br>Num\u00e9ro de pi\u00e8ce<\/br>943-003,34902-202-000<\/br><\/br>Puissance<\/br>3W<\/br><\/br>Amp\u00e9rage<\/br>49A \/ 490Ma<\/br><\/br>Customtag_0<\/br>Remplace le num\u00e9ro<\/br><\/br>Diam\u00e8tre global maximum<\/br>43\u2033\/11Mm<\/br><\/br>Longueur totale maximale<\/br>94\u2033\/23.9Mm<\/br><\/br>Fonctionnalit\u00e9<\/br>Ampoule 6 volts - 3 watts<\/br>Ampoule du tableau de bord<\/br>Filament unique<\/br>Vendu par paquets de CINQ<\/p>","protected":false},"excerpt":{"rendered":"<p>Fitment:Veuillez v\u00e9rifier le filtre Fitment et la description pour voir si cet article fonctionnera sur votre v\u00e9hicule avant de l'acheter !<br \/>\nVendu comme : Paquets de cinq<br \/>\nNote : Ne peut pas \u00eatre utilis\u00e9 sur les mod\u00e8les 12 volts.<br \/>\nDiam\u00e8tre de la base : 9 mm<br \/>\nCaract\u00e9ristiques de l'article : Amp\u00e9rage .49A \/ 490Ma<\/p>","protected":false},"featured_media":41710,"comment_status":"open","ping_status":"closed","template":"","meta":{"_acf_changed":false,"om_disable_all_campaigns":false,"inline_featured_image":false,"_mi_skip_tracking":false,"_monsterinsights_sitenote_active":false,"_monsterinsights_sitenote_note":"","_monsterinsights_sitenote_category":0},"product_brand":[],"product_cat":[557],"product_tag":[135147],"class_list":{"0":"post-41547","1":"product","2":"type-product","3":"status-publish","4":"has-post-thumbnail","6":"product_cat-car-bulbs","7":"product_tag-warehouse-location-united-states","8":"product_shipping_class-us-stock-flat","9":"pa_brand-siemid","11":"first","12":"instock","13":"sale","14":"shipping-taxable","15":"purchasable","16":"product-type-simple"},"acf":[],"aioseo_notices":[],"_links":{"self":[{"href":"https:\/\/siemid.com\/fr\/wp-json\/wp\/v2\/product\/41547","targetHints":{"allow":["GET"]}}],"collection":[{"href":"https:\/\/siemid.com\/fr\/wp-json\/wp\/v2\/product"}],"about":[{"href":"https:\/\/siemid.com\/fr\/wp-json\/wp\/v2\/types\/product"}],"replies":[{"embeddable":true,"href":"https:\/\/siemid.com\/fr\/wp-json\/wp\/v2\/comments?post=41547"}],"wp:featuredmedia":[{"embeddable":true,"href":"https:\/\/siemid.com\/fr\/wp-json\/wp\/v2\/media\/41710"}],"wp:attachment":[{"href":"https:\/\/siemid.com\/fr\/wp-json\/wp\/v2\/media?parent=41547"}],"wp:term":[{"taxonomy":"product_brand","embeddable":true,"href":"https:\/\/siemid.com\/fr\/wp-json\/wp\/v2\/product_brand?post=41547"},{"taxonomy":"product_cat","embeddable":true,"href":"https:\/\/siemid.com\/fr\/wp-json\/wp\/v2\/product_cat?post=41547"},{"taxonomy":"product_tag","embeddable":true,"href":"https:\/\/siemid.com\/fr\/wp-json\/wp\/v2\/product_tag?post=41547"}],"curies":[{"name":"wp","href":"https:\/\/api.w.org\/{rel}","templated":true}]}}