{"id":41721,"date":"2024-01-08T08:04:39","date_gmt":"2024-01-08T08:04:39","guid":{"rendered":"https:\/\/siemid.com\/?post_type=product&#038;p=41721"},"modified":"2026-05-10T17:55:03","modified_gmt":"2026-05-10T17:55:03","slug":"2016-2017-vw-volkswagen-passat-2015-2016-jetta-front-grille-emblem","status":"publish","type":"product","link":"https:\/\/siemid.com\/fr\/produit\/2016-2017-vw-volkswagen-passat-2015-2016-jetta-front-grille-emblem\/","title":{"rendered":"2016-2017 VW Volkswagen Passat &amp; 2015-2016 Jetta Embl\u00e8me de calandre avant"},"content":{"rendered":"<p>Embl\u00e8me de calandre d'origine VW pour la plupart des Jetta MK6 2015-2017. Ne convient pas \u00e0 la Jetta Hybride ni aux mod\u00e8les avec avertisseur de collision\/freinage automatique.<\/p>","protected":false},"excerpt":{"rendered":"<ul class=\"a-unordered-list a-vertical a-spacing-mini\">\n<li class=\"a-spacing-mini\"><span class=\"a-list-item\">VW OEM Embl\u00e8me de calandre pour Jetta<\/span><\/li>\n<li class=\"a-spacing-mini\"><span class=\"a-list-item\">Convient \u00e0 la plupart des Jetta 2015-2017<\/span><\/li>\n<li class=\"a-spacing-mini\"><span class=\"a-list-item\">Ne convient pas \u00e0 la Jetta Hybrid ni aux mod\u00e8les \u00e9quip\u00e9s de l'avertisseur de collision\/freinage automatique.<\/span><\/li>\n<li class=\"a-spacing-mini\"><span class=\"a-list-item\">Chor\u00e8me argent\u00e9 avec insert noir<\/span><\/li>\n<li class=\"a-spacing-mini\"><span class=\"a-list-item\">VW # 3G0-853-601-B-DPJ et il s'adapte \u00e0 Grille # 5C6-853-651-A-JZLL<\/span><\/li>\n<\/ul>","protected":false},"featured_media":41722,"comment_status":"open","ping_status":"closed","template":"","meta":{"_acf_changed":false,"om_disable_all_campaigns":false,"inline_featured_image":false,"_mi_skip_tracking":false,"_monsterinsights_sitenote_active":false,"_monsterinsights_sitenote_note":"","_monsterinsights_sitenote_category":0},"product_brand":[],"product_cat":[135114],"product_tag":[135147],"class_list":{"0":"post-41721","1":"product","2":"type-product","3":"status-publish","4":"has-post-thumbnail","6":"product_cat-emblems-logos","7":"product_tag-warehouse-location-united-states","8":"product_shipping_class-us-stock-flat","9":"pa_compatibility-2000-ford-transit-mk6","10":"pa_compatibility-2000-ford-transit-mk7","11":"pa_compatibility-2001-ford-fiesta","12":"pa_compatibility-2003-ford-ecosport","13":"pa_compatibility-2004-ford-focus","14":"pa_compatibility-2005-ford-freestyle","15":"pa_compatibility-2006-ford-transit-vm","16":"pa_compatibility-2008-ford-taurus-x","17":"pa_compatibility-2010-ford-c-max","18":"pa_compatibility-2010-ford-transit","19":"pa_compatibility-2010-ford-transit-connect","20":"pa_compatibility-2011-ford-explorer","21":"pa_compatibility-2013-ford-fusion","22":"pa_compatibility-2013-ford-mondeo","23":"pa_compatibility-2014-ford-transit-mk8","24":"pa_compatibility-2015-ford-edge","25":"pa_compatibility-2015-ford-escort","26":"pa_compatibility-2015-ford-transit-250-2","27":"pa_compatibility-2019-ford-ranger","28":"pa_compatibility-2021-ford-bronco","30":"first","31":"instock","32":"sale","33":"shipping-taxable","34":"purchasable","35":"product-type-simple"},"acf":[],"aioseo_notices":[],"_links":{"self":[{"href":"https:\/\/siemid.com\/fr\/wp-json\/wp\/v2\/product\/41721","targetHints":{"allow":["GET"]}}],"collection":[{"href":"https:\/\/siemid.com\/fr\/wp-json\/wp\/v2\/product"}],"about":[{"href":"https:\/\/siemid.com\/fr\/wp-json\/wp\/v2\/types\/product"}],"replies":[{"embeddable":true,"href":"https:\/\/siemid.com\/fr\/wp-json\/wp\/v2\/comments?post=41721"}],"wp:featuredmedia":[{"embeddable":true,"href":"https:\/\/siemid.com\/fr\/wp-json\/wp\/v2\/media\/41722"}],"wp:attachment":[{"href":"https:\/\/siemid.com\/fr\/wp-json\/wp\/v2\/media?parent=41721"}],"wp:term":[{"taxonomy":"product_brand","embeddable":true,"href":"https:\/\/siemid.com\/fr\/wp-json\/wp\/v2\/product_brand?post=41721"},{"taxonomy":"product_cat","embeddable":true,"href":"https:\/\/siemid.com\/fr\/wp-json\/wp\/v2\/product_cat?post=41721"},{"taxonomy":"product_tag","embeddable":true,"href":"https:\/\/siemid.com\/fr\/wp-json\/wp\/v2\/product_tag?post=41721"}],"curies":[{"name":"wp","href":"https:\/\/api.w.org\/{rel}","templated":true}]}}