{"id":41726,"date":"2024-01-08T13:16:22","date_gmt":"2024-01-08T13:16:22","guid":{"rendered":"https:\/\/siemid.com\/?post_type=product&#038;p=41726"},"modified":"2024-01-08T13:28:47","modified_gmt":"2024-01-08T13:28:47","slug":"siemid-new-generation-led-fog-lights-lamp-retrofit-and-upgraded-for-jeep-wrangler-grand-cherokee-renegade-dodge-journey-charger-magnum-2002-2003-2004-2005-2006-2007-2008-2009-2010-2011-2012-2013","status":"publish","type":"product","link":"https:\/\/siemid.com\/fr\/produit\/siemid-new-generation-led-fog-lights-lamp-retrofit-and-upgraded-for-jeep-wrangler-grand-cherokee-renegade-dodge-journey-charger-magnum-2002-2003-2004-2005-2006-2007-2008-2009-2010-2011-2012-2013\/","title":{"rendered":"SIEMID Lampe antibrouillard \u00e0 Led nouvelle g\u00e9n\u00e9ration pour Jeep Wrangler Grand Cherokee Renegade Dodge Journey Charger Magnum 2002 2003 2004 2005 2006 2007 2008 2009 2010 2011 2012 2013"},"content":{"rendered":"<h2 class=\"default\">Description du produit<\/h2>\n<div id=\"productDescription\" class=\"a-section a-spacing-small\">\n<p>Ensemble de feux antibrouillard \u00e0 LED de nouvelle g\u00e9n\u00e9ration Cet article s'utilise comme pi\u00e8ce de rechange pour les feux antibrouillard pr\u00e9install\u00e9s. Il s'agit des nouveaux feux antibrouillard \u00e0 LED qui remplacent les feux halog\u00e8nes d'origine ! L'angle d'\u00e9clairage est tr\u00e8s large (130 degr\u00e9s \u00e0 gauche et \u00e0 droite), et la ligne de coupure est claire et nette.Approbation ECE F3 SAE DOT. Vous recevez les deux phares antibrouillard. Si vous souhaitez am\u00e9liorer l'apparence de votre v\u00e9hicule ou si vous souhaitez plus de clart\u00e9 lorsque vous conduisez, quelles que soient les conditions m\u00e9t\u00e9orologiques, cela pourrait vous aider dans les deux situations.<br \/>\n<strong>Les caract\u00e9ristiques comprennent<\/strong><br \/>\n.Come Complet<br \/>\no Ampoules LED haute puissance.<br \/>\no Angle de couverture tr\u00e8s large.<br \/>\no R\u00e9utiliser le mat\u00e9riel existant.<br \/>\n<strong>REMPLACE LES FEUX ANTIBROUILLARD HALOG\u00c8NES D'ORIGINE NUM\u00c9ROS<\/strong><br \/>\n5182026AA<br \/>\nCS385U0000<br \/>\nCS385-U0000<br \/>\nCH2594103:9<br \/>\nCH2594103C<br \/>\n1115363Q<br \/>\n<strong><span class=\"a-text-bold\">Compatible avec les mod\u00e8les de Jeep suivants :<\/span><\/strong><br \/>\nPour '07-'18 Jeep JK 2 portes et Wrangler Unlimited JK 4 portes<br \/>\nPour Jeep Wrangler 2010-2021<br \/>\nPour Jeep Grand Cherokee 2011-2013<br \/>\nPour Jeep CHEROKEE 2014-2018<br \/>\nPour Dodge Journey 2010-2020<br \/>\nPour Dodge Charger 2011-2014<br \/>\nPour les mod\u00e8les Chrysler 300 2005-2010 Touring ou Limited uniquement<br \/>\nPour Chrysler PT Cruiser 2006-2010<br \/>\nPour 92-01 AM General Hummer<br \/>\nPour Land Rover Defender 90 &amp; 110<br \/>\nPour Sahara ou Rubicon Wrangler JL avec pare-chocs en plastique OE.<br \/>\nPour les pare-chocs du march\u00e9 secondaire utilisant l'emplacement du style de montage \"4 boulons\" de l'\u00e9quipementier.<\/p>\n<\/div>","protected":false},"excerpt":{"rendered":"<ul class=\"a-unordered-list a-vertical a-spacing-mini\">\n<li class=\"a-spacing-mini\"><span class=\"a-list-item\">Cette lampe antibrouillard convient aux trous de montage des lampes antibrouillard des voitures Jeep\u3001Wrangler\u3001Dodge, et elle est tr\u00e8s polyvalente et pratique pour les mises \u00e0 niveau et les modifications.<\/span><\/li>\n<li class=\"a-spacing-mini\"><span class=\"a-list-item\">Siemid Autolights se concentre sur la recherche, le d\u00e9veloppement et la fabrication de lampes automobiles ; l'essence de l'industrie, le leadership de la tendance de l'industrie ! Nous nous engageons \u00e0 fabriquer des produits qui sont assur\u00e9s et satisfaisants pour les consommateurs.<\/span><\/li>\n<li class=\"a-spacing-mini\"><span class=\"a-list-item\">L'utilisation de la lentille LED la plus avanc\u00e9e - lentille \u00e0 point focal ; Contrairement au verre traditionnel, la lentille \u00e0 point focal utilise un processus de moulage par injection plastique, de sorte que la surface courbe complexe calcul\u00e9e par l'ordinateur peut \u00eatre form\u00e9e ; La lentille \u00e0 point focal utilise une conception hyperbolo\u00efde, qui a une efficacit\u00e9 optique plus \u00e9lev\u00e9e et un type de lumi\u00e8re plus large, de sorte que ce type de lentille peut r\u00e9aliser la fonction de feu de brouillard et la fonction d'\u00e9clairage auxiliaire de la courbe en m\u00eame temps.<\/span><\/li>\n<li class=\"a-spacing-mini\"><span class=\"a-list-item\">Emballage : deux paquets<\/span><\/li>\n<\/ul>","protected":false},"featured_media":41727,"comment_status":"open","ping_status":"closed","template":"","meta":{"_acf_changed":false,"om_disable_all_campaigns":false,"inline_featured_image":false,"_mi_skip_tracking":false,"_monsterinsights_sitenote_active":false,"_monsterinsights_sitenote_note":"","_monsterinsights_sitenote_category":0},"product_brand":[],"product_cat":[554],"product_tag":[135147],"class_list":{"0":"post-41726","1":"product","2":"type-product","3":"status-publish","4":"has-post-thumbnail","6":"product_cat-fog-lights-automotive-lighting","7":"product_tag-warehouse-location-united-states","8":"product_shipping_class-us-stock-flat","9":"pa_compatibility-2005-chrysler-300","10":"pa_compatibility-2006-chrysler-pt-cruiser","11":"pa_compatibility-2007-jeep-wrangler","12":"pa_compatibility-2010-dodge-journey","13":"pa_compatibility-2011-dodge-charger","14":"pa_compatibility-2011-jeep-grand-cherokee","15":"pa_compatibility-2014-jeep-cherokee","17":"first","18":"instock","19":"sale","20":"featured","21":"shipping-taxable","22":"purchasable","23":"product-type-simple"},"acf":[],"aioseo_notices":[],"_links":{"self":[{"href":"https:\/\/siemid.com\/fr\/wp-json\/wp\/v2\/product\/41726","targetHints":{"allow":["GET"]}}],"collection":[{"href":"https:\/\/siemid.com\/fr\/wp-json\/wp\/v2\/product"}],"about":[{"href":"https:\/\/siemid.com\/fr\/wp-json\/wp\/v2\/types\/product"}],"replies":[{"embeddable":true,"href":"https:\/\/siemid.com\/fr\/wp-json\/wp\/v2\/comments?post=41726"}],"wp:featuredmedia":[{"embeddable":true,"href":"https:\/\/siemid.com\/fr\/wp-json\/wp\/v2\/media\/41727"}],"wp:attachment":[{"href":"https:\/\/siemid.com\/fr\/wp-json\/wp\/v2\/media?parent=41726"}],"wp:term":[{"taxonomy":"product_brand","embeddable":true,"href":"https:\/\/siemid.com\/fr\/wp-json\/wp\/v2\/product_brand?post=41726"},{"taxonomy":"product_cat","embeddable":true,"href":"https:\/\/siemid.com\/fr\/wp-json\/wp\/v2\/product_cat?post=41726"},{"taxonomy":"product_tag","embeddable":true,"href":"https:\/\/siemid.com\/fr\/wp-json\/wp\/v2\/product_tag?post=41726"}],"curies":[{"name":"wp","href":"https:\/\/api.w.org\/{rel}","templated":true}]}}