{"id":41735,"date":"2024-01-08T13:42:00","date_gmt":"2024-01-08T13:42:00","guid":{"rendered":"https:\/\/siemid.com\/?post_type=product&#038;p=41735"},"modified":"2026-01-07T18:20:07","modified_gmt":"2026-01-07T18:20:07","slug":"siemid-h11-880-881-h9-fog-light-lamp-wiring-harness-socket-wire-connector-with-40a-relay-on-off-switch-kits-fit-for-led-work-lamp-driving-lights-etc","status":"publish","type":"product","link":"https:\/\/siemid.com\/fr\/produit\/siemid-h11-880-881-h9-fog-light-lamp-wiring-harness-socket-wire-connector-with-40a-relay-on-off-switch-kits-fit-for-led-work-lamp-driving-lights-etc\/","title":{"rendered":"SIEMID H11 880 881 H9 Harnais de c\u00e2blage pour feux antibrouillard Connecteur de fil avec relais 40A et interrupteur ON\/Off Kits Fit for LED Work Lamp Driving Lights Etc"},"content":{"rendered":"<h2 class=\"default\">Description du produit<\/h2>\n<div id=\"productDescription_expander\" class=\"a-expander-collapsed-height a-row a-expander-container a-spacing-base a-expander-partial-collapse-container celwidget\" data-a-expander-name=\"productDescription_expander_m\" data-a-expander-collapsed-height=\"200\" data-csa-c-id=\"p8s1q3-c1331m-hggnts-poq9nx\" data-cel-widget=\"productDescription_expander\">\n<div class=\"a-expander-content a-expander-partial-collapse-content a-expander-content-expanded\" aria-expanded=\"true\">\n<div id=\"productDescription\" class=\"a-section a-spacing-small\">\n<p><strong><span class=\"a-text-bold\">Sp\u00e9cifications<\/span><\/strong><br \/>\nTension de fonctionnement : 12V DC.<br \/>\nCourant de travail maximal : 15A.<br \/>\nPuissance maximale : 130 W.<br \/>\nFonctionnement de l'interrupteur : On-Off.<br \/>\nRelais automobile DC 12V, porte-fusible \u00e0 lame avec fusible rempla\u00e7able.<br \/>\nNote : Veuillez confier l'installation \u00e0 des professionnels ou installer le faisceau de c\u00e2bles sous la supervision de professionnels.<br \/>\n<span class=\"a-text-bold\">Kit de c\u00e2blage pour feux antibrouillard<\/span><br \/>\n<strong><span class=\"a-text-bold\">Fonctionnalit\u00e9 :<\/span><\/strong><br \/>\n- Fonctionne avec les applications d'\u00e9clairage H11 H8 H9 880 881 avec un processus d'installation facile<br \/>\n- Convient \u00e0 tout syst\u00e8me entre 9V et 16V avec une puissance ne d\u00e9passant pas 130W<br \/>\n- Comprend un bo\u00eetier de module de relais, un faisceau de c\u00e2bles avec adaptateurs, un bo\u00eetier de fusibles de s\u00e9curit\u00e9 et un interrupteur marche\/arr\u00eat \u00e0 LED.<br \/>\n- H11 \/ H8 \/ H9 880\/ 881 Phares antibrouillard Faisceau de c\u00e2bles<br \/>\n- 12 V DC \/ 40A Relais<br \/>\n- Supporte jusqu'\u00e0 2 feux de brouillard<br \/>\n- L'installation par un professionnel est fortement recommand\u00e9e<br \/>\n- Caract\u00e9ristiques stables, grande fiabilit\u00e9<\/p>\n<\/div>\n<\/div>\n<\/div>","protected":false},"excerpt":{"rendered":"<ul class=\"a-unordered-list a-vertical a-spacing-mini\">\n<li class=\"a-spacing-mini\"><span class=\"a-list-item\">Convient aux feux antibrouillard de remplacement, aux feux antibrouillard suppl\u00e9mentaires, aux feux HID, aux feux de jour \u00e0 LED, aux feux de route, aux feux de travail \u00e0 LED, au kit d'\u00e9clairage tout-terrain.<\/span><\/li>\n<li class=\"a-spacing-mini\"><span class=\"a-list-item\">Ce kit de c\u00e2blage H11 comprend : Bo\u00eete de module de relais 12V 40A, faisceau de c\u00e2blage avec adaptateurs, bo\u00eete de fusibles de s\u00e9curit\u00e9 30A et interrupteur marche\/arr\u00eat \u00e0 LED 5 broches.<\/span><\/li>\n<li class=\"a-spacing-mini\"><span class=\"a-list-item\">Faisceau de c\u00e2blage de 8,5 pieds : plus de 8,5 pieds de c\u00e2blage entre l'interrupteur et les lumi\u00e8res, \u00e9galement extensible, faites courir le faisceau jusqu'\u00e0 l'endroit o\u00f9 vous souhaitez \u00e9clairer.<\/span><\/li>\n<li class=\"a-spacing-mini\"><span class=\"a-list-item\">Protection efficace : Le relais de puissance et le fusible \u00e0 lame en ligne constituent la premi\u00e8re ligne de d\u00e9fense contre les surintensit\u00e9s et les courts-circuits.<\/span><\/li>\n<li class=\"a-spacing-mini\"><span class=\"a-list-item\">Le pack comprend : 1 x kit de c\u00e2blage de feu antibrouillard (le feu antibrouillard n'est PAS inclus)<\/span><\/li>\n<\/ul>","protected":false},"featured_media":41743,"comment_status":"open","ping_status":"closed","template":"","meta":{"_acf_changed":false,"om_disable_all_campaigns":false,"inline_featured_image":false,"_mi_skip_tracking":false,"_monsterinsights_sitenote_active":false,"_monsterinsights_sitenote_note":"","_monsterinsights_sitenote_category":0},"product_brand":[],"product_cat":[554],"product_tag":[135147],"class_list":{"0":"post-41735","1":"product","2":"type-product","3":"status-publish","4":"has-post-thumbnail","6":"product_cat-fog-lights-automotive-lighting","7":"product_tag-warehouse-location-united-states","8":"product_shipping_class-us-stock-flat","10":"first","11":"instock","12":"sale","13":"featured","14":"shipping-taxable","15":"purchasable","16":"product-type-simple"},"acf":[],"aioseo_notices":[],"_links":{"self":[{"href":"https:\/\/siemid.com\/fr\/wp-json\/wp\/v2\/product\/41735","targetHints":{"allow":["GET"]}}],"collection":[{"href":"https:\/\/siemid.com\/fr\/wp-json\/wp\/v2\/product"}],"about":[{"href":"https:\/\/siemid.com\/fr\/wp-json\/wp\/v2\/types\/product"}],"replies":[{"embeddable":true,"href":"https:\/\/siemid.com\/fr\/wp-json\/wp\/v2\/comments?post=41735"}],"wp:featuredmedia":[{"embeddable":true,"href":"https:\/\/siemid.com\/fr\/wp-json\/wp\/v2\/media\/41743"}],"wp:attachment":[{"href":"https:\/\/siemid.com\/fr\/wp-json\/wp\/v2\/media?parent=41735"}],"wp:term":[{"taxonomy":"product_brand","embeddable":true,"href":"https:\/\/siemid.com\/fr\/wp-json\/wp\/v2\/product_brand?post=41735"},{"taxonomy":"product_cat","embeddable":true,"href":"https:\/\/siemid.com\/fr\/wp-json\/wp\/v2\/product_cat?post=41735"},{"taxonomy":"product_tag","embeddable":true,"href":"https:\/\/siemid.com\/fr\/wp-json\/wp\/v2\/product_tag?post=41735"}],"curies":[{"name":"wp","href":"https:\/\/api.w.org\/{rel}","templated":true}]}}