{"id":41745,"date":"2024-01-08T14:11:50","date_gmt":"2024-01-08T14:11:50","guid":{"rendered":"https:\/\/siemid.com\/?post_type=product&#038;p=41745"},"modified":"2024-01-08T14:19:54","modified_gmt":"2024-01-08T14:19:54","slug":"siemid-1pcs-universal-halogen-fog-light-lamp-assemblies-55w-h11-bulbs-fits-for-nissan-acura-honda-ford-suzuki-mitsubishi-subaru-lincoln-porsche-land-rover-jaguar-4f9z-15200-aa","status":"publish","type":"product","link":"https:\/\/siemid.com\/fr\/produit\/siemid-1pcs-universal-halogen-fog-light-lamp-assemblies-55w-h11-bulbs-fits-for-nissan-acura-honda-ford-suzuki-mitsubishi-subaru-lincoln-porsche-land-rover-jaguar-4f9z-15200-aa\/","title":{"rendered":"SIEMID 1PCS Universal Halogen Fog Light Light Assemblies 55W H11 Bulbs Fits for Nissan Acura Honda Ford Suzuki Mitsubishi Subaru Lincoln Porsche Land Rover Jaguar 4F9Z-15200-AA"},"content":{"rendered":"<h2 class=\"default\">Description du produit<\/h2>\n<div id=\"productDescription\" class=\"a-section a-spacing-small\">\n<p><strong><span class=\"a-text-bold\">Compatible avec :<\/span><\/strong><br \/>\n<strong><span class=\"a-text-bold\">Nissan<\/span><\/strong><br \/>\nXterra 2005-2015<br \/>\nFronti\u00e8re 2005-2019<br \/>\nTitan 2016-2019<br \/>\nNP300 NAVARA (D40) 2004<br \/>\nPathfinder 2005-2009<\/p>\n<p><strong><span class=\"a-text-bold\">Subaru<\/span><\/strong><br \/>\nImpreza 2011-2017<br \/>\nXV Crosstrek 2.5i \/ Hybride 2013-2017<br \/>\nLegacy 2.5i \/3.6R \/ GT 2010-2014v Outback 2.5i \/ 3.6R 2010-2012<br \/>\nWRX \/ STi 2015-2017<br \/>\nForester 2.5i \/ XT 2014-2017<br \/>\nBRZ 2013-2016<\/p>\n<p><strong><span class=\"a-text-bold\">Honda<\/span><\/strong><br \/>\nCivic 2015-2019<br \/>\nCR-V 2012-2015<br \/>\nCR-Z 2013-2015<br \/>\nFit 2014-2019<br \/>\nAper\u00e7u 2010-2014<br \/>\nProjet pilote 2012-2015<br \/>\nCrosstour 2013-2015<br \/>\nGK5 2014-2017<br \/>\nCRIDER 2013-2018<br \/>\nGerry 2015-2018<br \/>\nGREIZ 2015-2018<\/p>\n<p><strong><span class=\"a-text-bold\">Acura<\/span><\/strong><br \/>\nILX 2013-2016<br \/>\nRDX 2010-2016<br \/>\nTL 2012-2014<br \/>\nTSX 2011-2014<\/p>\n<p><strong><span class=\"a-text-bold\">Ford<\/span><\/strong><br \/>\nFocus 2004-2014<br \/>\nEscort 2015-2017<br \/>\nFiesta 2002-2012<br \/>\nMondeo 2000-2013<br \/>\nEdge 2015-2017<br \/>\nEcosport 2003-2016<br \/>\nExplorer 2002-2014<br \/>\nRaptor 2011-2016<br \/>\nC-MAX II 2010<br \/>\nFIESTA V 2001-2010<br \/>\nFIESTA VI 2008<br \/>\nFOCUS II 2004-2012<br \/>\nFUSION 2013-2016<br \/>\nFord Freestyle 2005-2007<br \/>\nFord Ranger (STX) 2005-2011<br \/>\nFord Taurus X 2008-2009<br \/>\nGRAND C-MAX 2010<br \/>\nTOURNEO CONNECT 2002-2013<br \/>\nTRANSIT 1991-2002<\/p>\n<p><strong><span class=\"a-text-bold\">Suzuki<\/span><\/strong><br \/>\nMARTINET 2005-2014<br \/>\nGRAND VITARA 2001-2018<br \/>\nJIMNY 1998-2005<br \/>\nSX4 (EY, GY) 2006-2015<br \/>\nLiana A6 2010-1012<br \/>\n<span class=\"a-text-bold\">Mitsubish.i<\/span><br \/>\nOutlander 2013-2015<br \/>\nASX 2010-2015<br \/>\nSport 2007-2015<br \/>\nRVR 2007-2015<br \/>\nMontero Pajero 2010-2016<br \/>\nL200 2008-2010<\/p>\n<p><strong><span class=\"a-text-bold\">Lincol<\/span><span class=\"a-text-bold\">n<\/span><\/strong><br \/>\nLincoln LS 2005-2006<br \/>\nLincoln Navigator 2007-2014<\/p>\n<p><strong><span class=\"a-text-bold\">Porsche<\/span><\/strong><br \/>\nCAYENN.E (9PA) 2002-2010<br \/>\n2015 Porsch.e Maca.n 2015-2017<br \/>\n<span class=\"a-text-bold\">Intelligent<\/span><br \/>\nFortwo W453 2015-2018<br \/>\nEQ fortwo 2019<br \/>\nForfour 2016-2018<\/p>\n<p><strong><span class=\"a-text-bold\">FIAT<\/span><\/strong><br \/>\nTALENTO 2016<br \/>\n<span class=\"a-text-bold\">Land Rover<\/span><br \/>\nFreelander 2 2008 - EN MARCHE<br \/>\nFreelander 4 LR4 \/ Discovery 4 2010 - A VENIR<br \/>\nRange Rove.r Full Size 2010 - 2012<\/p>\n<p><strong><span class=\"a-text-bold\">JAGUAR<\/span><\/strong><br \/>\nTYPE S (X200) 1999-2008<br \/>\nX-TYPE (X400) 2001-2009<br \/>\nXK 2009-2010<\/p>\n<\/div>","protected":false},"excerpt":{"rendered":"<ul class=\"a-unordered-list a-vertical a-spacing-mini\">\n<li class=\"a-spacing-mini\"><span class=\"a-list-item\">Feux antibrouillard de rechange OEM (1 pi\u00e8ce)<\/span><\/li>\n<li class=\"a-spacing-mini\"><span class=\"a-list-item\">Livr\u00e9 avec une paire d'ampoules halog\u00e8nes H11.<\/span><\/li>\n<li class=\"a-spacing-mini\"><span class=\"a-list-item\">Conforme aux normes DOT et SAE<\/span><\/li>\n<li class=\"a-spacing-mini\"><span class=\"a-list-item\">Compatible avec la pi\u00e8ce OEM # 33900-T0A-A01, 33900STKA11 (Partslink#AC2592111) ; 4F9Z15200AA (Pi\u00e8ce fabricant# 3225-2050B) ; 5182426AA ; XR837532 ; H451SAJ100 ; 26154-EA500 84501AJ00A ; 95563116300 ; H451SAJ100 ; 990E0-65J36-000, etc.<\/span><\/li>\n<li class=\"a-spacing-mini\"><span class=\"a-list-item\">Nous avons \u00e9galement des feux antibrouillard LED de la m\u00eame taille que cette lampe halog\u00e8ne, haute efficacit\u00e9 lumineuse, grand angle d'\u00e9clairage, ligne de coupe nette, si vous en avez besoin, vous pouvez trouver des liens connexes dans cette boutique.<\/span><\/li>\n<\/ul>","protected":false},"featured_media":41746,"comment_status":"open","ping_status":"closed","template":"","meta":{"_acf_changed":false,"om_disable_all_campaigns":false,"inline_featured_image":false,"_mi_skip_tracking":false,"_monsterinsights_sitenote_active":false,"_monsterinsights_sitenote_note":"","_monsterinsights_sitenote_category":0},"product_brand":[],"product_cat":[554],"product_tag":[135147],"class_list":{"0":"post-41745","1":"product","2":"type-product","3":"status-publish","4":"has-post-thumbnail","6":"product_cat-fog-lights-automotive-lighting","7":"product_tag-warehouse-location-united-states","8":"product_shipping_class-us-stock-flat","9":"pa_compatibility-2001-suzuki-grand-vitara","10":"pa_compatibility-2001-suzuki-vitara","11":"pa_compatibility-2005-suzuki-swift","13":"first","14":"instock","15":"sale","16":"featured","17":"shipping-taxable","18":"purchasable","19":"product-type-simple"},"acf":[],"aioseo_notices":[],"_links":{"self":[{"href":"https:\/\/siemid.com\/fr\/wp-json\/wp\/v2\/product\/41745","targetHints":{"allow":["GET"]}}],"collection":[{"href":"https:\/\/siemid.com\/fr\/wp-json\/wp\/v2\/product"}],"about":[{"href":"https:\/\/siemid.com\/fr\/wp-json\/wp\/v2\/types\/product"}],"replies":[{"embeddable":true,"href":"https:\/\/siemid.com\/fr\/wp-json\/wp\/v2\/comments?post=41745"}],"wp:featuredmedia":[{"embeddable":true,"href":"https:\/\/siemid.com\/fr\/wp-json\/wp\/v2\/media\/41746"}],"wp:attachment":[{"href":"https:\/\/siemid.com\/fr\/wp-json\/wp\/v2\/media?parent=41745"}],"wp:term":[{"taxonomy":"product_brand","embeddable":true,"href":"https:\/\/siemid.com\/fr\/wp-json\/wp\/v2\/product_brand?post=41745"},{"taxonomy":"product_cat","embeddable":true,"href":"https:\/\/siemid.com\/fr\/wp-json\/wp\/v2\/product_cat?post=41745"},{"taxonomy":"product_tag","embeddable":true,"href":"https:\/\/siemid.com\/fr\/wp-json\/wp\/v2\/product_tag?post=41745"}],"curies":[{"name":"wp","href":"https:\/\/api.w.org\/{rel}","templated":true}]}}