{"id":41755,"date":"2024-01-10T07:35:40","date_gmt":"2024-01-10T07:35:40","guid":{"rendered":"https:\/\/siemid.com\/?post_type=product&#038;p=41755"},"modified":"2025-10-09T17:33:57","modified_gmt":"2025-10-09T17:33:57","slug":"1pcs-projector-lens-light-fits-for-hella-headlamp-low-beam-modular-998570001-60mm-hb3-1bl-998-570-601-1ml-998-570-611","status":"publish","type":"product","link":"https:\/\/siemid.com\/fr\/produit\/1pcs-projector-lens-light-fits-for-hella-headlamp-low-beam-modular-998570001-60mm-hb3-1bl-998-570-601-1ml-998-570-611\/","title":{"rendered":"1Pcs Projector Lens Light Fits for HELLA Headlamp Low Beam Modular 998570001 60mm HB3 1BL 998 570-601 1ML 998 570-611"},"content":{"rendered":"<div id=\"productDescription\" class=\"a-section a-spacing-small\">\n<div><b>Description des produits :<\/b><\/div>\n<div>Module de projecteur de 60 mm<\/div>\n<p>HL57000 - Feux de croisement - 998570001<br \/>\nHL57002 - Feux de route - 998570021<br \/>\nHL57003 - Feu de route ECE avec feu de position - Commande sp\u00e9ciale - 998570031<\/p>\n<div>\n<b>Id\u00e9al pour :<\/b><\/div>\n<div data-spm-anchor-id=\"a2700.details.0.i64.39b57889fhOZ4z\"><span data-spm-anchor-id=\"a2700.details.0.i65.39b57889fhOZ4z\"> * Kit Cars<\/p>\n<p>* Voitures personnalis\u00e9es<\/p>\n<p>* Motos<\/p>\n<p>* Quad Runners (coureurs \u00e0 quatre pattes)<\/p>\n<p><b>Caract\u00e9ristiques :<\/b><br \/>\n* Feu de croisement tr\u00e8s polyvalent<br \/>\n* Haute performance dans un design compact<br \/>\n* Performances et r\u00e9partition de la lumi\u00e8re exceptionnelles<\/p>\n<p><b>Sp\u00e9cifications :<\/b><br \/>\n* Tension : 12V<\/p>\n<p>* Source lumineuse : Ampoule HB3 \/ 9005 12V\/65W<\/p>\n<p>* Consommation \u00e9lectrique : 65W<\/p>\n<p>* Mat\u00e9riau du bo\u00eetier : Plastique ABS<\/p>\n<p>* Optique : Objectif<\/p>\n<p>* Mat\u00e9riau de la lentille : Verre<\/p>\n<p>* Connexion : Fiche d'ampoule<\/p>\n<p>* Certifi\u00e9 DOT\/SAE<\/p>\n<p>* Bo\u00eetier et r\u00e9flecteur en aluminium moul\u00e9 sous pression<\/p>\n<p>* Coupe \u00e0 l'europ\u00e9enne tr\u00e8s pointue<\/p>\n<p>* Peut utiliser les ampoules HIR 9011 &amp; 9012.<\/p>\n<p>* Montage simple<\/p>\n<p><b>Montage :<\/b><br \/>\n* Rin\u00e7age<\/p>\n<p><b>Lampe simple Inclut :<\/b><br \/>\n* (1) Lampe<\/p>\n<p>* Mat\u00e9riel de montage universel<\/span><\/div>\n<\/div>","protected":false},"excerpt":{"rendered":"<ul class=\"a-unordered-list a-vertical a-spacing-mini\">\n<li class=\"a-spacing-mini\"><span class=\"a-list-item\">Des performances \u00e9lev\u00e9es dans un design compact<\/span><\/li>\n<li class=\"a-spacing-mini\"><span class=\"a-list-item\">Performances et r\u00e9partition de la lumi\u00e8re exceptionnelles<\/span><\/li>\n<li class=\"a-spacing-mini\"><span class=\"a-list-item\">La ligne de d\u00e9marcation est claire et nette<\/span><\/li>\n<li class=\"a-spacing-mini\"><span class=\"a-list-item\">Feu de croisement tr\u00e8s polyvalent<\/span><\/li>\n<\/ul>","protected":false},"featured_media":41757,"comment_status":"open","ping_status":"closed","template":"","meta":{"_acf_changed":false,"om_disable_all_campaigns":false,"inline_featured_image":false,"_mi_skip_tracking":false,"_monsterinsights_sitenote_active":false,"_monsterinsights_sitenote_note":"","_monsterinsights_sitenote_category":0},"product_brand":[],"product_cat":[267,554,555],"product_tag":[135147],"class_list":{"0":"post-41755","1":"product","2":"type-product","3":"status-publish","4":"has-post-thumbnail","6":"product_cat-headlights","7":"product_cat-fog-lights-automotive-lighting","8":"product_cat-off-road-lights","9":"product_tag-warehouse-location-united-states","10":"product_shipping_class-us-stock-flat","12":"first","13":"instock","14":"sale","15":"featured","16":"shipping-taxable","17":"purchasable","18":"product-type-simple"},"acf":[],"aioseo_notices":[],"_links":{"self":[{"href":"https:\/\/siemid.com\/fr\/wp-json\/wp\/v2\/product\/41755","targetHints":{"allow":["GET"]}}],"collection":[{"href":"https:\/\/siemid.com\/fr\/wp-json\/wp\/v2\/product"}],"about":[{"href":"https:\/\/siemid.com\/fr\/wp-json\/wp\/v2\/types\/product"}],"replies":[{"embeddable":true,"href":"https:\/\/siemid.com\/fr\/wp-json\/wp\/v2\/comments?post=41755"}],"wp:featuredmedia":[{"embeddable":true,"href":"https:\/\/siemid.com\/fr\/wp-json\/wp\/v2\/media\/41757"}],"wp:attachment":[{"href":"https:\/\/siemid.com\/fr\/wp-json\/wp\/v2\/media?parent=41755"}],"wp:term":[{"taxonomy":"product_brand","embeddable":true,"href":"https:\/\/siemid.com\/fr\/wp-json\/wp\/v2\/product_brand?post=41755"},{"taxonomy":"product_cat","embeddable":true,"href":"https:\/\/siemid.com\/fr\/wp-json\/wp\/v2\/product_cat?post=41755"},{"taxonomy":"product_tag","embeddable":true,"href":"https:\/\/siemid.com\/fr\/wp-json\/wp\/v2\/product_tag?post=41755"}],"curies":[{"name":"wp","href":"https:\/\/api.w.org\/{rel}","templated":true}]}}